{"id":2814,"date":"2021-04-27T10:01:24","date_gmt":"2021-04-27T08:01:24","guid":{"rendered":"https:\/\/luciacare.com\/vare\/waterfall\/"},"modified":"2026-05-02T03:09:20","modified_gmt":"2026-05-02T01:09:20","slug":"creamy-soft-cleanser","status":"publish","type":"product","link":"https:\/\/luciacare.com\/sv\/vare\/creamy-soft-cleanser\/","title":{"rendered":"Creamy Soft Cleanser"},"content":{"rendered":"<p style=\"text-align: center;\"><strong>f\u00f6r kropp, h\u00e4nder, ansikte och h\u00e5r<\/strong><\/p>\n<p style=\"text-align: center;\">Creamy Soft Cleanser \u00e4r en mjuk kr\u00e4mig tv\u00e5l berikad med regenererande medicinalv\u00e4xter samt aloe vera och solrosolja f\u00f6r extra n\u00e4rande och fuktbevarande v\u00e5rd av hud och h\u00e5r. Den silkeslena kr\u00e4men f\u00f6rvandlas till ett mjukt och kompakt l\u00f6dder och tv\u00e4ttar skonsamt bort smuts och orenheter och l\u00e4mnar din hud mjuk och len. Tv\u00e5lens fuktbevarande och mjukg\u00f6rande egenskaper motverkar torrhet, f\u00f6rebygger kl\u00e5da och minskar behovet av efterf\u00f6ljande \u00e5terfuktning.<\/p>\n","protected":false},"excerpt":{"rendered":"<p>f\u00f6r kropp, h\u00e4nder, ansikte och h\u00e5r Creamy Soft Cleanser \u00e4r en mjuk kr\u00e4mig tv\u00e5l berikad med regenererande medicinalv\u00e4xter samt aloe vera och solrosolja f\u00f6r extra n\u00e4rande och fuktbevarande v\u00e5rd av hud och h\u00e5r. Den silkeslena kr\u00e4men f\u00f6rvandlas till ett mjukt och kompakt l\u00f6dder och tv\u00e4ttar skonsamt bort smuts och orenheter och l\u00e4mnar din hud mjuk [&hellip;]<\/p>\n","protected":false},"featured_media":15906,"comment_status":"open","ping_status":"closed","template":"","meta":{"_acf_changed":false,"site-sidebar-layout":"default","site-content-layout":"","ast-site-content-layout":"default","site-content-style":"default","site-sidebar-style":"default","ast-global-header-display":"","ast-banner-title-visibility":"","ast-main-header-display":"","ast-hfb-above-header-display":"","ast-hfb-below-header-display":"","ast-hfb-mobile-header-display":"","site-post-title":"","ast-breadcrumbs-content":"","ast-featured-img":"","footer-sml-layout":"","ast-disable-related-posts":"","theme-transparent-header-meta":"default","adv-header-id-meta":"","stick-header-meta":"","header-above-stick-meta":"","header-main-stick-meta":"","header-below-stick-meta":"","astra-migrate-meta-layouts":"default","ast-page-background-enabled":"default","ast-page-background-meta":{"desktop":{"background-color":"var(--ast-global-color-4)","background-image":"","background-repeat":"repeat","background-position":"center center","background-size":"auto","background-attachment":"scroll","background-type":"","background-media":"","overlay-type":"","overlay-color":"","overlay-opacity":"","overlay-gradient":""},"tablet":{"background-color":"","background-image":"","background-repeat":"repeat","background-position":"center center","background-size":"auto","background-attachment":"scroll","background-type":"","background-media":"","overlay-type":"","overlay-color":"","overlay-opacity":"","overlay-gradient":""},"mobile":{"background-color":"","background-image":"","background-repeat":"repeat","background-position":"center center","background-size":"auto","background-attachment":"scroll","background-type":"","background-media":"","overlay-type":"","overlay-color":"","overlay-opacity":"","overlay-gradient":""}},"ast-content-background-meta":{"desktop":{"background-color":"var(--ast-global-color-5)","background-image":"","background-repeat":"repeat","background-position":"center center","background-size":"auto","background-attachment":"scroll","background-type":"","background-media":"","overlay-type":"","overlay-color":"","overlay-opacity":"","overlay-gradient":""},"tablet":{"background-color":"var(--ast-global-color-5)","background-image":"","background-repeat":"repeat","background-position":"center center","background-size":"auto","background-attachment":"scroll","background-type":"","background-media":"","overlay-type":"","overlay-color":"","overlay-opacity":"","overlay-gradient":""},"mobile":{"background-color":"var(--ast-global-color-5)","background-image":"","background-repeat":"repeat","background-position":"center center","background-size":"auto","background-attachment":"scroll","background-type":"","background-media":"","overlay-type":"","overlay-color":"","overlay-opacity":"","overlay-gradient":""}}},"product_brand":[],"product_cat":[349,518,513,495],"product_tag":[413,414,415,423,420,408,410,426],"class_list":{"0":"post-2814","1":"product","2":"type-product","3":"status-publish","4":"has-post-thumbnail","6":"product_cat-ansigt-sv","7":"product_cat-haender-sv","8":"product_cat-haar-sv","9":"product_cat-kropp","10":"product_tag-aloe-vera-sv","11":"product_tag-bergamott","12":"product_tag-cedertra","13":"product_tag-fraken","14":"product_tag-kamomill","15":"product_tag-ringblomma","16":"product_tag-rosmarin-sv","17":"product_tag-solrosolja","18":"desktop-align-left","19":"tablet-align-left","20":"mobile-align-left","22":"first","23":"instock","24":"taxable","25":"shipping-taxable","26":"purchasable","27":"product-type-simple"},"bundled_by":["6517","25913","28101"],"bundle_stock_status":"instock","bundle_stock_quantity":null,"bundle_virtual":false,"bundle_layout":"","bundle_add_to_cart_form_location":"","bundle_editable_in_cart":false,"bundle_sold_individually_context":"","bundle_item_grouping":"","bundle_min_size":"","bundle_max_size":"","bundle_price":[],"bundled_items":[],"bundle_sell_ids":[],"acf":[],"_links":{"self":[{"href":"https:\/\/luciacare.com\/sv\/wp-json\/wp\/v2\/product\/2814","targetHints":{"allow":["GET"]}}],"collection":[{"href":"https:\/\/luciacare.com\/sv\/wp-json\/wp\/v2\/product"}],"about":[{"href":"https:\/\/luciacare.com\/sv\/wp-json\/wp\/v2\/types\/product"}],"replies":[{"embeddable":true,"href":"https:\/\/luciacare.com\/sv\/wp-json\/wp\/v2\/comments?post=2814"}],"version-history":[{"count":2,"href":"https:\/\/luciacare.com\/sv\/wp-json\/wp\/v2\/product\/2814\/revisions"}],"predecessor-version":[{"id":3914,"href":"https:\/\/luciacare.com\/sv\/wp-json\/wp\/v2\/product\/2814\/revisions\/3914"}],"wp:featuredmedia":[{"embeddable":true,"href":"https:\/\/luciacare.com\/sv\/wp-json\/wp\/v2\/media\/15906"}],"wp:attachment":[{"href":"https:\/\/luciacare.com\/sv\/wp-json\/wp\/v2\/media?parent=2814"}],"wp:term":[{"taxonomy":"product_brand","embeddable":true,"href":"https:\/\/luciacare.com\/sv\/wp-json\/wp\/v2\/product_brand?post=2814"},{"taxonomy":"product_cat","embeddable":true,"href":"https:\/\/luciacare.com\/sv\/wp-json\/wp\/v2\/product_cat?post=2814"},{"taxonomy":"product_tag","embeddable":true,"href":"https:\/\/luciacare.com\/sv\/wp-json\/wp\/v2\/product_tag?post=2814"}],"curies":[{"name":"wp","href":"https:\/\/api.w.org\/{rel}","templated":true}]}}