{"id":2811,"date":"2021-11-11T10:02:06","date_gmt":"2021-11-11T09:02:06","guid":{"rendered":"https:\/\/luciacare.com\/vare\/ocean-dive\/"},"modified":"2024-12-20T11:29:55","modified_gmt":"2024-12-20T10:29:55","slug":"nourishing-salt-scrub","status":"publish","type":"product","link":"https:\/\/luciacare.com\/sv\/vare\/nourishing-salt-scrub\/","title":{"rendered":"Nourishing Salt Scrub"},"content":{"rendered":"<p><strong>f\u00f6r kropp, h\u00e4nder och f\u00f6tter<\/strong><\/p>\n<p>Nourishing Salt Scrub \u00e4r komponerad av ekologiska vegetabiliska oljor. Oljan absorberas snabbt och djupt i huden och tillf\u00f6r fukt, n\u00e4ring, elasticitet och glow. Havssaltet reng\u00f6r p\u00e5 djupet, exfolierar och avl\u00e4gsnar d\u00f6da hudceller. Efterl\u00e4mnar huden silkesmjuk och len med en h\u00e4lsosam gl\u00f6d. Vi m\u00e4nniskor \u00e4r gjorda f\u00f6r att vara i salt. V\u00e5ra kroppsv\u00e4tskor, som t\u00e5rar och intracellul\u00e4ra v\u00e4tskor, \u00e4r m\u00e4ttade p\u00e5 salt. Vi beh\u00f6ver m\u00e4tta v\u00e5r hud p\u00e5 salt. Havssalt och kiselhaltig fr\u00e4ken bidrar till att h\u00e4mma den f\u00f6r\u00f6kning av hudceller som kan uppst\u00e5 vid torr och fj\u00e4llande hud.<\/p>\n","protected":false},"excerpt":{"rendered":"<p><strong>f\u00f6r kropp, h\u00e4nder och f\u00f6tter<\/strong><\/p>\n<p>Nourishing Salt Scrub \u00e4r komponerad av ekologiska vegetabiliska oljor. Oljan absorberas snabbt och djupt i huden och tillf\u00f6r fukt, n\u00e4ring, elasticitet och glow. Havssaltet reng\u00f6r p\u00e5 djupet, exfolierar och avl\u00e4gsnar d\u00f6da hudceller. Efterl\u00e4mnar huden silkesmjuk och len med en h\u00e4lsosam gl\u00f6d.<\/p>\n","protected":false},"featured_media":5033,"comment_status":"open","ping_status":"closed","template":"","meta":{"_acf_changed":false,"site-sidebar-layout":"default","site-content-layout":"","ast-site-content-layout":"default","site-content-style":"default","site-sidebar-style":"default","ast-global-header-display":"","ast-banner-title-visibility":"","ast-main-header-display":"","ast-hfb-above-header-display":"","ast-hfb-below-header-display":"","ast-hfb-mobile-header-display":"","site-post-title":"","ast-breadcrumbs-content":"","ast-featured-img":"","footer-sml-layout":"","ast-disable-related-posts":"","theme-transparent-header-meta":"default","adv-header-id-meta":"","stick-header-meta":"","header-above-stick-meta":"","header-main-stick-meta":"","header-below-stick-meta":"","astra-migrate-meta-layouts":"default","ast-page-background-enabled":"default","ast-page-background-meta":{"desktop":{"background-color":"var(--ast-global-color-4)","background-image":"","background-repeat":"repeat","background-position":"center center","background-size":"auto","background-attachment":"scroll","background-type":"","background-media":"","overlay-type":"","overlay-color":"","overlay-opacity":"","overlay-gradient":""},"tablet":{"background-color":"","background-image":"","background-repeat":"repeat","background-position":"center center","background-size":"auto","background-attachment":"scroll","background-type":"","background-media":"","overlay-type":"","overlay-color":"","overlay-opacity":"","overlay-gradient":""},"mobile":{"background-color":"","background-image":"","background-repeat":"repeat","background-position":"center center","background-size":"auto","background-attachment":"scroll","background-type":"","background-media":"","overlay-type":"","overlay-color":"","overlay-opacity":"","overlay-gradient":""}},"ast-content-background-meta":{"desktop":{"background-color":"var(--ast-global-color-5)","background-image":"","background-repeat":"repeat","background-position":"center center","background-size":"auto","background-attachment":"scroll","background-type":"","background-media":"","overlay-type":"","overlay-color":"","overlay-opacity":"","overlay-gradient":""},"tablet":{"background-color":"var(--ast-global-color-5)","background-image":"","background-repeat":"repeat","background-position":"center center","background-size":"auto","background-attachment":"scroll","background-type":"","background-media":"","overlay-type":"","overlay-color":"","overlay-opacity":"","overlay-gradient":""},"mobile":{"background-color":"var(--ast-global-color-5)","background-image":"","background-repeat":"repeat","background-position":"center center","background-size":"auto","background-attachment":"scroll","background-type":"","background-media":"","overlay-type":"","overlay-color":"","overlay-opacity":"","overlay-gradient":""}}},"product_brand":[],"product_cat":[512,518,495],"product_tag":[414,415,416,423,422,410,426],"class_list":{"0":"post-2811","1":"product","2":"type-product","3":"status-publish","4":"has-post-thumbnail","6":"product_cat-foetter-sv","7":"product_cat-haender-sv","8":"product_cat-kropp","9":"product_tag-bergamott","10":"product_tag-cedertra","11":"product_tag-e-vitamin-sv","12":"product_tag-fraken","13":"product_tag-olivolja","14":"product_tag-rosmarin-sv","15":"product_tag-solrosolja","16":"desktop-align-left","17":"tablet-align-left","18":"mobile-align-left","20":"first","21":"instock","22":"taxable","23":"shipping-taxable","24":"purchasable","25":"product-type-simple"},"bundled_by":["6517","28101"],"bundle_stock_status":"instock","bundle_stock_quantity":null,"bundle_virtual":false,"bundle_layout":"","bundle_add_to_cart_form_location":"","bundle_editable_in_cart":false,"bundle_sold_individually_context":"","bundle_item_grouping":"","bundle_min_size":"","bundle_max_size":"","bundle_price":[],"bundled_items":[],"bundle_sell_ids":[],"acf":[],"_links":{"self":[{"href":"https:\/\/luciacare.com\/sv\/wp-json\/wp\/v2\/product\/2811","targetHints":{"allow":["GET"]}}],"collection":[{"href":"https:\/\/luciacare.com\/sv\/wp-json\/wp\/v2\/product"}],"about":[{"href":"https:\/\/luciacare.com\/sv\/wp-json\/wp\/v2\/types\/product"}],"replies":[{"embeddable":true,"href":"https:\/\/luciacare.com\/sv\/wp-json\/wp\/v2\/comments?post=2811"}],"version-history":[{"count":2,"href":"https:\/\/luciacare.com\/sv\/wp-json\/wp\/v2\/product\/2811\/revisions"}],"predecessor-version":[{"id":3919,"href":"https:\/\/luciacare.com\/sv\/wp-json\/wp\/v2\/product\/2811\/revisions\/3919"}],"wp:featuredmedia":[{"embeddable":true,"href":"https:\/\/luciacare.com\/sv\/wp-json\/wp\/v2\/media\/5033"}],"wp:attachment":[{"href":"https:\/\/luciacare.com\/sv\/wp-json\/wp\/v2\/media?parent=2811"}],"wp:term":[{"taxonomy":"product_brand","embeddable":true,"href":"https:\/\/luciacare.com\/sv\/wp-json\/wp\/v2\/product_brand?post=2811"},{"taxonomy":"product_cat","embeddable":true,"href":"https:\/\/luciacare.com\/sv\/wp-json\/wp\/v2\/product_cat?post=2811"},{"taxonomy":"product_tag","embeddable":true,"href":"https:\/\/luciacare.com\/sv\/wp-json\/wp\/v2\/product_tag?post=2811"}],"curies":[{"name":"wp","href":"https:\/\/api.w.org\/{rel}","templated":true}]}}