{"id":2802,"date":"2022-02-16T10:06:08","date_gmt":"2022-02-16T09:06:08","guid":{"rendered":"https:\/\/luciacare.com\/vare\/dewdrops-all-day\/"},"modified":"2024-12-20T11:30:07","modified_gmt":"2024-12-20T10:30:07","slug":"deep-hydrating-mist-and-light-serum","status":"publish","type":"product","link":"https:\/\/luciacare.com\/sv\/vare\/deep-hydrating-mist-and-light-serum\/","title":{"rendered":"Deep Hydrating Mist and Light Serum"},"content":{"rendered":"<p style=\"text-align: center;\"><strong>f\u00f6r ansikte<\/strong><\/p>\n<p style=\"text-align: center;\">Deep Hydrating Mist and Light Serum ger p\u00e5 ett \u00f6gonblick nytt liv till huden och kapslar in fukten i huden. Den inneh\u00e5ller antiinflammatorisk ringblomma, fuktbevarande aloe vera och hyaluronsyra som binder fukt djupt nere i huden. Anv\u00e4nd misten morgon och kv\u00e4ll p\u00e5 ren hud som en mild fuktgivare, f\u00f6re din ansiktskr\u00e4m eller olja.<\/p>\n<p style=\"text-align: center;\">Den ger dig morgonens daggdroppar hela dagen, n\u00e4r du beh\u00f6ver en boost av fukt eller energi.<\/p>\n","protected":false},"excerpt":{"rendered":"<p>f\u00f6r ansikte Deep Hydrating Mist and Light Serum ger p\u00e5 ett \u00f6gonblick nytt liv till huden och kapslar in fukten i huden. Den inneh\u00e5ller antiinflammatorisk ringblomma, fuktbevarande aloe vera och hyaluronsyra som binder fukt djupt nere i huden. Anv\u00e4nd misten morgon och kv\u00e4ll p\u00e5 ren hud som en mild fuktgivare, f\u00f6re din ansiktskr\u00e4m eller olja. [&hellip;]<\/p>\n","protected":false},"featured_media":11541,"comment_status":"open","ping_status":"closed","template":"","meta":{"_acf_changed":false,"site-sidebar-layout":"default","site-content-layout":"","ast-site-content-layout":"default","site-content-style":"default","site-sidebar-style":"default","ast-global-header-display":"","ast-banner-title-visibility":"","ast-main-header-display":"","ast-hfb-above-header-display":"","ast-hfb-below-header-display":"","ast-hfb-mobile-header-display":"","site-post-title":"","ast-breadcrumbs-content":"","ast-featured-img":"","footer-sml-layout":"","ast-disable-related-posts":"","theme-transparent-header-meta":"default","adv-header-id-meta":"","stick-header-meta":"","header-above-stick-meta":"","header-main-stick-meta":"","header-below-stick-meta":"","astra-migrate-meta-layouts":"default","ast-page-background-enabled":"default","ast-page-background-meta":{"desktop":{"background-color":"var(--ast-global-color-4)","background-image":"","background-repeat":"repeat","background-position":"center center","background-size":"auto","background-attachment":"scroll","background-type":"","background-media":"","overlay-type":"","overlay-color":"","overlay-opacity":"","overlay-gradient":""},"tablet":{"background-color":"","background-image":"","background-repeat":"repeat","background-position":"center center","background-size":"auto","background-attachment":"scroll","background-type":"","background-media":"","overlay-type":"","overlay-color":"","overlay-opacity":"","overlay-gradient":""},"mobile":{"background-color":"","background-image":"","background-repeat":"repeat","background-position":"center center","background-size":"auto","background-attachment":"scroll","background-type":"","background-media":"","overlay-type":"","overlay-color":"","overlay-opacity":"","overlay-gradient":""}},"ast-content-background-meta":{"desktop":{"background-color":"var(--ast-global-color-5)","background-image":"","background-repeat":"repeat","background-position":"center center","background-size":"auto","background-attachment":"scroll","background-type":"","background-media":"","overlay-type":"","overlay-color":"","overlay-opacity":"","overlay-gradient":""},"tablet":{"background-color":"var(--ast-global-color-5)","background-image":"","background-repeat":"repeat","background-position":"center center","background-size":"auto","background-attachment":"scroll","background-type":"","background-media":"","overlay-type":"","overlay-color":"","overlay-opacity":"","overlay-gradient":""},"mobile":{"background-color":"var(--ast-global-color-5)","background-image":"","background-repeat":"repeat","background-position":"center center","background-size":"auto","background-attachment":"scroll","background-type":"","background-media":"","overlay-type":"","overlay-color":"","overlay-opacity":"","overlay-gradient":""}}},"product_brand":[],"product_cat":[349],"product_tag":[413,414,415,419,420,408,410],"class_list":{"0":"post-2802","1":"product","2":"type-product","3":"status-publish","4":"has-post-thumbnail","6":"product_cat-ansigt-sv","7":"product_tag-aloe-vera-sv","8":"product_tag-bergamott","9":"product_tag-cedertra","10":"product_tag-hyaluronsyra","11":"product_tag-kamomill","12":"product_tag-ringblomma","13":"product_tag-rosmarin-sv","14":"desktop-align-left","15":"tablet-align-left","16":"mobile-align-left","18":"first","19":"instock","20":"taxable","21":"shipping-taxable","22":"purchasable","23":"product-type-simple"},"bundled_by":["21754","6517","26365"],"bundle_stock_status":"instock","bundle_stock_quantity":null,"bundle_virtual":false,"bundle_layout":"","bundle_add_to_cart_form_location":"","bundle_editable_in_cart":false,"bundle_sold_individually_context":"","bundle_item_grouping":"","bundle_min_size":"","bundle_max_size":"","bundle_price":[],"bundled_items":[],"bundle_sell_ids":[],"acf":[],"_links":{"self":[{"href":"https:\/\/luciacare.com\/sv\/wp-json\/wp\/v2\/product\/2802","targetHints":{"allow":["GET"]}}],"collection":[{"href":"https:\/\/luciacare.com\/sv\/wp-json\/wp\/v2\/product"}],"about":[{"href":"https:\/\/luciacare.com\/sv\/wp-json\/wp\/v2\/types\/product"}],"replies":[{"embeddable":true,"href":"https:\/\/luciacare.com\/sv\/wp-json\/wp\/v2\/comments?post=2802"}],"version-history":[{"count":2,"href":"https:\/\/luciacare.com\/sv\/wp-json\/wp\/v2\/product\/2802\/revisions"}],"predecessor-version":[{"id":8904,"href":"https:\/\/luciacare.com\/sv\/wp-json\/wp\/v2\/product\/2802\/revisions\/8904"}],"wp:featuredmedia":[{"embeddable":true,"href":"https:\/\/luciacare.com\/sv\/wp-json\/wp\/v2\/media\/11541"}],"wp:attachment":[{"href":"https:\/\/luciacare.com\/sv\/wp-json\/wp\/v2\/media?parent=2802"}],"wp:term":[{"taxonomy":"product_brand","embeddable":true,"href":"https:\/\/luciacare.com\/sv\/wp-json\/wp\/v2\/product_brand?post=2802"},{"taxonomy":"product_cat","embeddable":true,"href":"https:\/\/luciacare.com\/sv\/wp-json\/wp\/v2\/product_cat?post=2802"},{"taxonomy":"product_tag","embeddable":true,"href":"https:\/\/luciacare.com\/sv\/wp-json\/wp\/v2\/product_tag?post=2802"}],"curies":[{"name":"wp","href":"https:\/\/api.w.org\/{rel}","templated":true}]}}