{"id":2669,"date":"2023-10-09T12:01:44","date_gmt":"2023-10-09T10:01:44","guid":{"rendered":"https:\/\/luciacare.com\/vare\/morning-bliss\/"},"modified":"2025-08-20T12:23:41","modified_gmt":"2025-08-20T10:23:41","slug":"destress-day-lotion","status":"publish","type":"product","link":"https:\/\/luciacare.com\/sv\/vare\/destress-day-lotion\/","title":{"rendered":"DeStress Day Lotion"},"content":{"rendered":"<p><strong>f\u00f6r ansikte och kropp<\/strong><\/p>\n<p>DeStress Day Lotion \u00e4r en snabbabsorberande och l\u00e5ngtidsverkande n\u00e4rande lotion f\u00f6r b\u00e5de ansikte och kropp. Den \u00e4r fylld med naturliga och aktiva ingredienser av h\u00f6gsta kvalitet. Aloe vera och hyaluronsyra \u00e5terfuktar p\u00e5 djupet; rosmarin, fr\u00e4ken, ringblomma och kamomill vitaliserar, regenererar och verkar avstressande och sheasm\u00f6r och mandelolja tillf\u00f6r mjukhet och elasticitet. Lotionen h\u00e5ller huden mjuk och fuktm\u00e4ttad hela dagen utan att k\u00e4nnas flottig.<\/p>\n","protected":false},"excerpt":{"rendered":"<p>f\u00f6r ansikte och kropp DeStress Day Lotion \u00e4r en snabbabsorberande och l\u00e5ngtidsverkande n\u00e4rande lotion f\u00f6r b\u00e5de ansikte och kropp. Den \u00e4r fylld med naturliga och aktiva ingredienser av h\u00f6gsta kvalitet. Aloe vera och hyaluronsyra \u00e5terfuktar p\u00e5 djupet; rosmarin, fr\u00e4ken, ringblomma och kamomill vitaliserar, regenererar och verkar avstressande och sheasm\u00f6r och mandelolja tillf\u00f6r mjukhet och elasticitet. [&hellip;]<\/p>\n","protected":false},"featured_media":17913,"comment_status":"open","ping_status":"closed","template":"","meta":{"_acf_changed":false,"site-sidebar-layout":"default","site-content-layout":"","ast-site-content-layout":"default","site-content-style":"default","site-sidebar-style":"default","ast-global-header-display":"","ast-banner-title-visibility":"","ast-main-header-display":"","ast-hfb-above-header-display":"","ast-hfb-below-header-display":"","ast-hfb-mobile-header-display":"","site-post-title":"","ast-breadcrumbs-content":"","ast-featured-img":"","footer-sml-layout":"","ast-disable-related-posts":"","theme-transparent-header-meta":"default","adv-header-id-meta":"","stick-header-meta":"","header-above-stick-meta":"","header-main-stick-meta":"","header-below-stick-meta":"","astra-migrate-meta-layouts":"default","ast-page-background-enabled":"default","ast-page-background-meta":{"desktop":{"background-color":"var(--ast-global-color-4)","background-image":"","background-repeat":"repeat","background-position":"center center","background-size":"auto","background-attachment":"scroll","background-type":"","background-media":"","overlay-type":"","overlay-color":"","overlay-opacity":"","overlay-gradient":""},"tablet":{"background-color":"","background-image":"","background-repeat":"repeat","background-position":"center center","background-size":"auto","background-attachment":"scroll","background-type":"","background-media":"","overlay-type":"","overlay-color":"","overlay-opacity":"","overlay-gradient":""},"mobile":{"background-color":"","background-image":"","background-repeat":"repeat","background-position":"center center","background-size":"auto","background-attachment":"scroll","background-type":"","background-media":"","overlay-type":"","overlay-color":"","overlay-opacity":"","overlay-gradient":""}},"ast-content-background-meta":{"desktop":{"background-color":"var(--ast-global-color-5)","background-image":"","background-repeat":"repeat","background-position":"center center","background-size":"auto","background-attachment":"scroll","background-type":"","background-media":"","overlay-type":"","overlay-color":"","overlay-opacity":"","overlay-gradient":""},"tablet":{"background-color":"var(--ast-global-color-5)","background-image":"","background-repeat":"repeat","background-position":"center center","background-size":"auto","background-attachment":"scroll","background-type":"","background-media":"","overlay-type":"","overlay-color":"","overlay-opacity":"","overlay-gradient":""},"mobile":{"background-color":"var(--ast-global-color-5)","background-image":"","background-repeat":"repeat","background-position":"center center","background-size":"auto","background-attachment":"scroll","background-type":"","background-media":"","overlay-type":"","overlay-color":"","overlay-opacity":"","overlay-gradient":""}}},"product_brand":[],"product_cat":[349,495],"product_tag":[413,414,415,416,423,419,420,421,408,410,425,426],"class_list":{"0":"post-2669","1":"product","2":"type-product","3":"status-publish","4":"has-post-thumbnail","6":"product_cat-ansigt-sv","7":"product_cat-kropp","8":"product_tag-aloe-vera-sv","9":"product_tag-bergamott","10":"product_tag-cedertra","11":"product_tag-e-vitamin-sv","12":"product_tag-fraken","13":"product_tag-hyaluronsyra","14":"product_tag-kamomill","15":"product_tag-mandelolja","16":"product_tag-ringblomma","17":"product_tag-rosmarin-sv","18":"product_tag-sheasmor","19":"product_tag-solrosolja","20":"desktop-align-left","21":"tablet-align-left","22":"mobile-align-left","24":"first","25":"instock","26":"taxable","27":"shipping-taxable","28":"purchasable","29":"product-type-simple"},"bundled_by":["6517","25913","26831"],"bundle_stock_status":"instock","bundle_stock_quantity":null,"bundle_virtual":false,"bundle_layout":"","bundle_add_to_cart_form_location":"","bundle_editable_in_cart":false,"bundle_sold_individually_context":"","bundle_item_grouping":"","bundle_min_size":"","bundle_max_size":"","bundle_price":[],"bundled_items":[],"bundle_sell_ids":[],"acf":[],"_links":{"self":[{"href":"https:\/\/luciacare.com\/sv\/wp-json\/wp\/v2\/product\/2669","targetHints":{"allow":["GET"]}}],"collection":[{"href":"https:\/\/luciacare.com\/sv\/wp-json\/wp\/v2\/product"}],"about":[{"href":"https:\/\/luciacare.com\/sv\/wp-json\/wp\/v2\/types\/product"}],"replies":[{"embeddable":true,"href":"https:\/\/luciacare.com\/sv\/wp-json\/wp\/v2\/comments?post=2669"}],"version-history":[{"count":1,"href":"https:\/\/luciacare.com\/sv\/wp-json\/wp\/v2\/product\/2669\/revisions"}],"predecessor-version":[{"id":3982,"href":"https:\/\/luciacare.com\/sv\/wp-json\/wp\/v2\/product\/2669\/revisions\/3982"}],"wp:featuredmedia":[{"embeddable":true,"href":"https:\/\/luciacare.com\/sv\/wp-json\/wp\/v2\/media\/17913"}],"wp:attachment":[{"href":"https:\/\/luciacare.com\/sv\/wp-json\/wp\/v2\/media?parent=2669"}],"wp:term":[{"taxonomy":"product_brand","embeddable":true,"href":"https:\/\/luciacare.com\/sv\/wp-json\/wp\/v2\/product_brand?post=2669"},{"taxonomy":"product_cat","embeddable":true,"href":"https:\/\/luciacare.com\/sv\/wp-json\/wp\/v2\/product_cat?post=2669"},{"taxonomy":"product_tag","embeddable":true,"href":"https:\/\/luciacare.com\/sv\/wp-json\/wp\/v2\/product_tag?post=2669"}],"curies":[{"name":"wp","href":"https:\/\/api.w.org\/{rel}","templated":true}]}}