{"id":2667,"date":"2023-10-16T10:03:12","date_gmt":"2023-10-16T08:03:12","guid":{"rendered":"https:\/\/luciacare.com\/vare\/peaceful-moment\/"},"modified":"2025-02-24T07:44:46","modified_gmt":"2025-02-24T06:44:46","slug":"revitalising-oil","status":"publish","type":"product","link":"https:\/\/luciacare.com\/sv\/vare\/revitalising-oil\/","title":{"rendered":"Revitalising Oil"},"content":{"rendered":"<p><b>f\u00f6r ansikte, kropp, bad och massage<\/b><\/p>\n<p><span style=\"font-weight: 400;\">Revitalising Oil \u00e4r en multifunktionell olja f\u00f6r ansikte och kropp. Den \u00e4r sammansatt av<\/span> <span style=\"font-weight: 400;\">ekologiska vegetabiliska oljor och inneh\u00e5ller fr\u00e4ken, rosmarin, mandelolja och E-vitamin.<\/span> <span style=\"font-weight: 400;\">Den \u00e4r ocks\u00e5 rik p\u00e5 antioxidanter. Denna speciella kombination av ingredienser st\u00e4rker och<\/span> <span style=\"font-weight: 400;\">\u00f6kar hudens sp\u00e4nstighet.<\/span><span style=\"font-weight: 400;\">\u00a0<\/span><\/p>\n<p><span style=\"font-weight: 400;\">Oljan absorberas snabbt och tillf\u00f6r fukt, n\u00e4ring och elasticitet. Anv\u00e4nd oljan efter \u00e5terfuktning<\/span> <span style=\"font-weight: 400;\">av huden f\u00f6r att kapsla in fukten och l\u00e4mna huden silkesmjuk och len med ett varmt glow.<\/span><\/p>\n","protected":false},"excerpt":{"rendered":"<p style=\"text-align: center;\"><b>f\u00f6r ansikte, kropp, bad och massage<\/b><\/p>\n<p style=\"text-align: center;\">Revitalising Oil \u00e4r en multifunktionell olja f\u00f6r ansikte och kropp. Den \u00e4r sammansatt av ekologiska vegetabiliska oljor och inneh\u00e5ller fr\u00e4ken, rosmarin, mandelolja och E-vitamin. Den \u00e4r ocks\u00e5 rik p\u00e5 antioxidanter. Denna speciella kombination av ingredienser st\u00e4rker och \u00f6kar hudens sp\u00e4nstighet.<br \/>\nOljan absorberas snabbt och tillf\u00f6r fukt, n\u00e4ring och elasticitet. Anv\u00e4nd oljan efter \u00e5terfuktning av huden f\u00f6r att kapsla in fukten och l\u00e4mna huden silkesmjuk och len med ett varmt glow.<\/p>\n","protected":false},"featured_media":12293,"comment_status":"open","ping_status":"closed","template":"","meta":{"_acf_changed":false,"site-sidebar-layout":"default","site-content-layout":"","ast-site-content-layout":"default","site-content-style":"default","site-sidebar-style":"default","ast-global-header-display":"","ast-banner-title-visibility":"","ast-main-header-display":"","ast-hfb-above-header-display":"","ast-hfb-below-header-display":"","ast-hfb-mobile-header-display":"","site-post-title":"","ast-breadcrumbs-content":"","ast-featured-img":"","footer-sml-layout":"","ast-disable-related-posts":"","theme-transparent-header-meta":"default","adv-header-id-meta":"","stick-header-meta":"","header-above-stick-meta":"","header-main-stick-meta":"","header-below-stick-meta":"","astra-migrate-meta-layouts":"set","ast-page-background-enabled":"default","ast-page-background-meta":{"desktop":{"background-color":"var(--ast-global-color-4)","background-image":"","background-repeat":"repeat","background-position":"center center","background-size":"auto","background-attachment":"scroll","background-type":"","background-media":"","overlay-type":"","overlay-color":"","overlay-opacity":"","overlay-gradient":""},"tablet":{"background-color":"","background-image":"","background-repeat":"repeat","background-position":"center center","background-size":"auto","background-attachment":"scroll","background-type":"","background-media":"","overlay-type":"","overlay-color":"","overlay-opacity":"","overlay-gradient":""},"mobile":{"background-color":"","background-image":"","background-repeat":"repeat","background-position":"center center","background-size":"auto","background-attachment":"scroll","background-type":"","background-media":"","overlay-type":"","overlay-color":"","overlay-opacity":"","overlay-gradient":""}},"ast-content-background-meta":{"desktop":{"background-color":"var(--ast-global-color-5)","background-image":"","background-repeat":"repeat","background-position":"center center","background-size":"auto","background-attachment":"scroll","background-type":"","background-media":"","overlay-type":"","overlay-color":"","overlay-opacity":"","overlay-gradient":""},"tablet":{"background-color":"var(--ast-global-color-5)","background-image":"","background-repeat":"repeat","background-position":"center center","background-size":"auto","background-attachment":"scroll","background-type":"","background-media":"","overlay-type":"","overlay-color":"","overlay-opacity":"","overlay-gradient":""},"mobile":{"background-color":"var(--ast-global-color-5)","background-image":"","background-repeat":"repeat","background-position":"center center","background-size":"auto","background-attachment":"scroll","background-type":"","background-media":"","overlay-type":"","overlay-color":"","overlay-opacity":"","overlay-gradient":""}}},"product_brand":[],"product_cat":[349,507,495,521],"product_tag":[414,415,416,423,421,410,426],"class_list":{"0":"post-2667","1":"product","2":"type-product","3":"status-publish","4":"has-post-thumbnail","6":"product_cat-ansigt-sv","7":"product_cat-bad-sv","8":"product_cat-kropp","9":"product_cat-massage-sv","10":"product_tag-bergamott","11":"product_tag-cedertra","12":"product_tag-e-vitamin-sv","13":"product_tag-fraken","14":"product_tag-mandelolja","15":"product_tag-rosmarin-sv","16":"product_tag-solrosolja","17":"desktop-align-left","18":"tablet-align-left","19":"mobile-align-left","21":"first","22":"instock","23":"taxable","24":"shipping-taxable","25":"purchasable","26":"product-type-simple"},"bundled_by":["22061","6517"],"bundle_stock_status":"instock","bundle_stock_quantity":null,"bundle_virtual":false,"bundle_layout":"","bundle_add_to_cart_form_location":"","bundle_editable_in_cart":false,"bundle_sold_individually_context":"","bundle_item_grouping":"","bundle_min_size":"","bundle_max_size":"","bundle_price":[],"bundled_items":[],"bundle_sell_ids":[],"acf":[],"_links":{"self":[{"href":"https:\/\/luciacare.com\/sv\/wp-json\/wp\/v2\/product\/2667","targetHints":{"allow":["GET"]}}],"collection":[{"href":"https:\/\/luciacare.com\/sv\/wp-json\/wp\/v2\/product"}],"about":[{"href":"https:\/\/luciacare.com\/sv\/wp-json\/wp\/v2\/types\/product"}],"replies":[{"embeddable":true,"href":"https:\/\/luciacare.com\/sv\/wp-json\/wp\/v2\/comments?post=2667"}],"version-history":[{"count":3,"href":"https:\/\/luciacare.com\/sv\/wp-json\/wp\/v2\/product\/2667\/revisions"}],"predecessor-version":[{"id":21802,"href":"https:\/\/luciacare.com\/sv\/wp-json\/wp\/v2\/product\/2667\/revisions\/21802"}],"wp:featuredmedia":[{"embeddable":true,"href":"https:\/\/luciacare.com\/sv\/wp-json\/wp\/v2\/media\/12293"}],"wp:attachment":[{"href":"https:\/\/luciacare.com\/sv\/wp-json\/wp\/v2\/media?parent=2667"}],"wp:term":[{"taxonomy":"product_brand","embeddable":true,"href":"https:\/\/luciacare.com\/sv\/wp-json\/wp\/v2\/product_brand?post=2667"},{"taxonomy":"product_cat","embeddable":true,"href":"https:\/\/luciacare.com\/sv\/wp-json\/wp\/v2\/product_cat?post=2667"},{"taxonomy":"product_tag","embeddable":true,"href":"https:\/\/luciacare.com\/sv\/wp-json\/wp\/v2\/product_tag?post=2667"}],"curies":[{"name":"wp","href":"https:\/\/api.w.org\/{rel}","templated":true}]}}