{"id":23278,"date":"2024-02-28T10:03:15","date_gmt":"2024-02-28T09:03:15","guid":{"rendered":"https:\/\/luciacare.com\/?post_type=product&#038;p=23278"},"modified":"2026-03-06T12:45:21","modified_gmt":"2026-03-06T11:45:21","slug":"rich-rescue-cream-copy","status":"publish","type":"product","link":"https:\/\/luciacare.com\/sv\/vare\/rich-rescue-cream-copy\/","title":{"rendered":"Rich Rescue Cream &#8211; 200 ml"},"content":{"rendered":"<p><b>f\u00f6r h\u00e4nder, ansikte, f\u00f6tter och skadad hud<\/b><b>\u00a0<\/b><\/p>\n<p>Rich Rescue Cream \u00e4r en n\u00e4rande, v\u00e5rdande och \u00e5terfuktande kr\u00e4m s\u00e4rskilt utvecklad f\u00f6r torr hud som beh\u00f6ver intensiv fukt. Kr\u00e4men bidrar till att \u00e5terbilda hudens skyddande barri\u00e4r, absorberas direkt och l\u00e4mnar huden mjuk och fuktm\u00e4ttad.<\/p>\n","protected":false},"excerpt":{"rendered":"<p>f\u00f6r h\u00e4nder, ansikte, f\u00f6tter och skadad hud\u00a0 Rich Rescue Cream \u00e4r en n\u00e4rande, v\u00e5rdande och \u00e5terfuktande kr\u00e4m s\u00e4rskilt utvecklad f\u00f6r torr hud som beh\u00f6ver intensiv fukt. Kr\u00e4men bidrar till att \u00e5terbilda hudens skyddande barri\u00e4r, absorberas direkt och l\u00e4mnar huden mjuk och fuktm\u00e4ttad.<\/p>\n","protected":false},"featured_media":23288,"comment_status":"open","ping_status":"closed","template":"","meta":{"_acf_changed":false,"site-sidebar-layout":"default","site-content-layout":"","ast-site-content-layout":"default","site-content-style":"default","site-sidebar-style":"default","ast-global-header-display":"","ast-banner-title-visibility":"","ast-main-header-display":"","ast-hfb-above-header-display":"","ast-hfb-below-header-display":"","ast-hfb-mobile-header-display":"","site-post-title":"","ast-breadcrumbs-content":"","ast-featured-img":"","footer-sml-layout":"","ast-disable-related-posts":"","theme-transparent-header-meta":"default","adv-header-id-meta":"","stick-header-meta":"","header-above-stick-meta":"","header-main-stick-meta":"","header-below-stick-meta":"","astra-migrate-meta-layouts":"set","ast-page-background-enabled":"default","ast-page-background-meta":{"desktop":{"background-color":"var(--ast-global-color-4)","background-image":"","background-repeat":"repeat","background-position":"center center","background-size":"auto","background-attachment":"scroll","background-type":"","background-media":"","overlay-type":"","overlay-color":"","overlay-opacity":"","overlay-gradient":""},"tablet":{"background-color":"","background-image":"","background-repeat":"repeat","background-position":"center center","background-size":"auto","background-attachment":"scroll","background-type":"","background-media":"","overlay-type":"","overlay-color":"","overlay-opacity":"","overlay-gradient":""},"mobile":{"background-color":"","background-image":"","background-repeat":"repeat","background-position":"center center","background-size":"auto","background-attachment":"scroll","background-type":"","background-media":"","overlay-type":"","overlay-color":"","overlay-opacity":"","overlay-gradient":""}},"ast-content-background-meta":{"desktop":{"background-color":"var(--ast-global-color-5)","background-image":"","background-repeat":"repeat","background-position":"center center","background-size":"auto","background-attachment":"scroll","background-type":"","background-media":"","overlay-type":"","overlay-color":"","overlay-opacity":"","overlay-gradient":""},"tablet":{"background-color":"var(--ast-global-color-5)","background-image":"","background-repeat":"repeat","background-position":"center center","background-size":"auto","background-attachment":"scroll","background-type":"","background-media":"","overlay-type":"","overlay-color":"","overlay-opacity":"","overlay-gradient":""},"mobile":{"background-color":"var(--ast-global-color-5)","background-image":"","background-repeat":"repeat","background-position":"center center","background-size":"auto","background-attachment":"scroll","background-type":"","background-media":"","overlay-type":"","overlay-color":"","overlay-opacity":"","overlay-gradient":""}}},"product_brand":[],"product_cat":[349,512,518,495],"product_tag":[413,414,415,416,423,419,420,422,408,410,425,426],"class_list":{"0":"post-23278","1":"product","2":"type-product","3":"status-publish","4":"has-post-thumbnail","6":"product_cat-ansigt-sv","7":"product_cat-foetter-sv","8":"product_cat-haender-sv","9":"product_cat-kropp","10":"product_tag-aloe-vera-sv","11":"product_tag-bergamott","12":"product_tag-cedertra","13":"product_tag-e-vitamin-sv","14":"product_tag-fraken","15":"product_tag-hyaluronsyra","16":"product_tag-kamomill","17":"product_tag-olivolja","18":"product_tag-ringblomma","19":"product_tag-rosmarin-sv","20":"product_tag-sheasmor","21":"product_tag-solrosolja","22":"desktop-align-left","23":"tablet-align-left","24":"mobile-align-left","26":"first","27":"outofstock","28":"featured","29":"taxable","30":"shipping-taxable","31":"purchasable","32":"product-type-simple"},"bundled_by":["28101"],"bundle_stock_status":"outofstock","bundle_stock_quantity":null,"bundle_virtual":false,"bundle_layout":"","bundle_add_to_cart_form_location":"","bundle_editable_in_cart":false,"bundle_sold_individually_context":"","bundle_item_grouping":"","bundle_min_size":"","bundle_max_size":"","bundle_price":[],"bundled_items":[],"bundle_sell_ids":[],"acf":[],"_links":{"self":[{"href":"https:\/\/luciacare.com\/sv\/wp-json\/wp\/v2\/product\/23278","targetHints":{"allow":["GET"]}}],"collection":[{"href":"https:\/\/luciacare.com\/sv\/wp-json\/wp\/v2\/product"}],"about":[{"href":"https:\/\/luciacare.com\/sv\/wp-json\/wp\/v2\/types\/product"}],"replies":[{"embeddable":true,"href":"https:\/\/luciacare.com\/sv\/wp-json\/wp\/v2\/comments?post=23278"}],"version-history":[{"count":1,"href":"https:\/\/luciacare.com\/sv\/wp-json\/wp\/v2\/product\/23278\/revisions"}],"predecessor-version":[{"id":23411,"href":"https:\/\/luciacare.com\/sv\/wp-json\/wp\/v2\/product\/23278\/revisions\/23411"}],"wp:featuredmedia":[{"embeddable":true,"href":"https:\/\/luciacare.com\/sv\/wp-json\/wp\/v2\/media\/23288"}],"wp:attachment":[{"href":"https:\/\/luciacare.com\/sv\/wp-json\/wp\/v2\/media?parent=23278"}],"wp:term":[{"taxonomy":"product_brand","embeddable":true,"href":"https:\/\/luciacare.com\/sv\/wp-json\/wp\/v2\/product_brand?post=23278"},{"taxonomy":"product_cat","embeddable":true,"href":"https:\/\/luciacare.com\/sv\/wp-json\/wp\/v2\/product_cat?post=23278"},{"taxonomy":"product_tag","embeddable":true,"href":"https:\/\/luciacare.com\/sv\/wp-json\/wp\/v2\/product_tag?post=23278"}],"curies":[{"name":"wp","href":"https:\/\/api.w.org\/{rel}","templated":true}]}}