{"id":18618,"date":"2024-10-06T13:37:32","date_gmt":"2024-10-06T11:37:32","guid":{"rendered":"https:\/\/luciacare.com\/?post_type=product&#038;p=18618"},"modified":"2025-07-30T09:04:16","modified_gmt":"2025-07-30T07:04:16","slug":"24k-gold-set","status":"publish","type":"product","link":"https:\/\/luciacare.com\/sv\/vare\/24k-gold-set\/","title":{"rendered":"24K Gold Set"},"content":{"rendered":"<p style=\"text-align: center;\"><b>f\u00f6r ansiktet<\/b><\/p>\n<p style=\"text-align: center;\"><strong style=\"font-family: var(--primaryFont), serif; display: inline !important;\"><span style=\"font-weight: 400;\"><a href=\"https:\/\/luciacare.com\/sv\/vare\/24k-pure-radiance-serum\/\">24K Pure Radiance Serum<\/a> \u00e4r ett rikt och exklusivt serum med 24 karat guld som f\u00f6rnyar hudens lyster och sp\u00e4nst, st\u00e4rker hudens regenererande egenskaper och berikar den med en vitaliserande boost av fukt och n\u00e4ring. <\/span><span style=\"font-weight: 400;\">Det sammetslena serumet f\u00f6rb\u00e4ttrar synligt hudens fasthet och fyllighet, och ger den en frisk och str\u00e5lande lyster.\u00a0<\/span><\/strong><\/p>\n<p style=\"text-align: center;\"><a href=\"https:\/\/luciacare.com\/sv\/vare\/24k-pure-balance-oil\/\">24K Pure Balance Oil<\/a> \u00e4r en rik, n\u00e4rande och luxu\u00f6s ansiktsolja med 24 karat guld som ger f\u00f6rnyad lyster, vitalitet och harmoniserar hudens balans. Den rika och varma oljan absorberas snabbt och tillf\u00f6r fukt, smidighet och djup, n\u00e4ringsrik v\u00e5rd till huden, s\u00e5 att den blir sammetslen och enhetligt sl\u00e4t med en varm lyster.<\/p>\n<p style=\"text-align: center;\"><em>24K Gold Set kan inte kombineras med andra rabatkoder.<\/em><\/p>\n","protected":false},"excerpt":{"rendered":"<p><strong style=\"font-family: var(--primaryFont), serif; display: inline !important;\"><span style=\"font-weight: 400;\">24K Pure Radiance Serum 30ml<\/span><\/strong><\/p>\n<p><strong style=\"font-family: var(--primaryFont), serif; display: inline !important;\"><span style=\"font-weight: 400;\">24K Pure Balance Oil 30ml<\/span><\/strong><\/p>\n<p>&nbsp;<\/p>\n<p><em>24K Gold Set kan inte kombineras med andra rabatkoder.<\/em><\/p>\n","protected":false},"featured_media":18561,"comment_status":"closed","ping_status":"closed","template":"","meta":{"_acf_changed":false,"site-sidebar-layout":"default","site-content-layout":"","ast-site-content-layout":"default","site-content-style":"default","site-sidebar-style":"default","ast-global-header-display":"","ast-banner-title-visibility":"","ast-main-header-display":"","ast-hfb-above-header-display":"","ast-hfb-below-header-display":"","ast-hfb-mobile-header-display":"","site-post-title":"","ast-breadcrumbs-content":"","ast-featured-img":"","footer-sml-layout":"","ast-disable-related-posts":"","theme-transparent-header-meta":"default","adv-header-id-meta":"","stick-header-meta":"","header-above-stick-meta":"","header-main-stick-meta":"","header-below-stick-meta":"","astra-migrate-meta-layouts":"set","ast-page-background-enabled":"default","ast-page-background-meta":{"desktop":{"background-color":"var(--ast-global-color-4)","background-image":"","background-repeat":"repeat","background-position":"center center","background-size":"auto","background-attachment":"scroll","background-type":"","background-media":"","overlay-type":"","overlay-color":"","overlay-opacity":"","overlay-gradient":""},"tablet":{"background-color":"","background-image":"","background-repeat":"repeat","background-position":"center center","background-size":"auto","background-attachment":"scroll","background-type":"","background-media":"","overlay-type":"","overlay-color":"","overlay-opacity":"","overlay-gradient":""},"mobile":{"background-color":"","background-image":"","background-repeat":"repeat","background-position":"center center","background-size":"auto","background-attachment":"scroll","background-type":"","background-media":"","overlay-type":"","overlay-color":"","overlay-opacity":"","overlay-gradient":""}},"ast-content-background-meta":{"desktop":{"background-color":"var(--ast-global-color-5)","background-image":"","background-repeat":"repeat","background-position":"center center","background-size":"auto","background-attachment":"scroll","background-type":"","background-media":"","overlay-type":"","overlay-color":"","overlay-opacity":"","overlay-gradient":""},"tablet":{"background-color":"var(--ast-global-color-5)","background-image":"","background-repeat":"repeat","background-position":"center center","background-size":"auto","background-attachment":"scroll","background-type":"","background-media":"","overlay-type":"","overlay-color":"","overlay-opacity":"","overlay-gradient":""},"mobile":{"background-color":"var(--ast-global-color-5)","background-image":"","background-repeat":"repeat","background-position":"center center","background-size":"auto","background-attachment":"scroll","background-type":"","background-media":"","overlay-type":"","overlay-color":"","overlay-opacity":"","overlay-gradient":""}}},"product_brand":[],"product_cat":[277,526],"product_tag":[],"class_list":{"0":"post-18618","1":"product","2":"type-product","3":"status-publish","4":"has-post-thumbnail","6":"product_cat-sample-sv","7":"product_cat-uppsaettning","8":"desktop-align-left","9":"tablet-align-left","10":"mobile-align-left","12":"first","13":"instock","14":"taxable","15":"shipping-taxable","16":"purchasable","17":"product-type-simple"},"bundled_by":[],"bundle_stock_status":"instock","bundle_stock_quantity":41,"bundle_virtual":false,"bundle_layout":"","bundle_add_to_cart_form_location":"","bundle_editable_in_cart":false,"bundle_sold_individually_context":"","bundle_item_grouping":"","bundle_min_size":"","bundle_max_size":"","bundle_price":[],"bundled_items":[],"bundle_sell_ids":[],"acf":[],"_links":{"self":[{"href":"https:\/\/luciacare.com\/sv\/wp-json\/wp\/v2\/product\/18618","targetHints":{"allow":["GET"]}}],"collection":[{"href":"https:\/\/luciacare.com\/sv\/wp-json\/wp\/v2\/product"}],"about":[{"href":"https:\/\/luciacare.com\/sv\/wp-json\/wp\/v2\/types\/product"}],"replies":[{"embeddable":true,"href":"https:\/\/luciacare.com\/sv\/wp-json\/wp\/v2\/comments?post=18618"}],"version-history":[{"count":5,"href":"https:\/\/luciacare.com\/sv\/wp-json\/wp\/v2\/product\/18618\/revisions"}],"predecessor-version":[{"id":34037,"href":"https:\/\/luciacare.com\/sv\/wp-json\/wp\/v2\/product\/18618\/revisions\/34037"}],"wp:featuredmedia":[{"embeddable":true,"href":"https:\/\/luciacare.com\/sv\/wp-json\/wp\/v2\/media\/18561"}],"wp:attachment":[{"href":"https:\/\/luciacare.com\/sv\/wp-json\/wp\/v2\/media?parent=18618"}],"wp:term":[{"taxonomy":"product_brand","embeddable":true,"href":"https:\/\/luciacare.com\/sv\/wp-json\/wp\/v2\/product_brand?post=18618"},{"taxonomy":"product_cat","embeddable":true,"href":"https:\/\/luciacare.com\/sv\/wp-json\/wp\/v2\/product_cat?post=18618"},{"taxonomy":"product_tag","embeddable":true,"href":"https:\/\/luciacare.com\/sv\/wp-json\/wp\/v2\/product_tag?post=18618"}],"curies":[{"name":"wp","href":"https:\/\/api.w.org\/{rel}","templated":true}]}}