{"id":14743,"date":"2023-09-06T10:18:28","date_gmt":"2023-09-06T08:18:28","guid":{"rendered":"https:\/\/luciacare.com\/?post_type=product&#038;p=14743"},"modified":"2025-10-31T17:16:17","modified_gmt":"2025-10-31T16:16:17","slug":"24k-pure-radiance-serum","status":"publish","type":"product","link":"https:\/\/luciacare.com\/sv\/vare\/24k-pure-radiance-serum\/","title":{"rendered":"24K Pure Radiance Serum"},"content":{"rendered":"<p><b>f\u00f6r ansiktet<\/b><\/p>\n<p><strong style=\"font-family: var(--primaryFont), serif; display: inline !important;\"><span style=\"font-weight: 400;\">24K Pure Radiance Serum \u00e4r ett rikt och exklusivt serum med 24 karat guld som f\u00f6rnyar hudens lyster och sp\u00e4nst, st\u00e4rker hudens regenererande egenskaper och berikar den med en vitaliserande boost av fukt och n\u00e4ring. Frankincense\u00a0<\/span><span style=\"font-weight: 400;\">och myrra optimerar hudens h\u00e4lsosamma balans och tillf\u00f6r skyddande antioxidanter.<\/span> <span style=\"font-weight: 400;\">N\u00e4rande havtorn verkar mjukg\u00f6rande och v\u00e5rdande med vitaminer och hudf\u00f6rb\u00e4ttrande omegafettsyror. Tv\u00e5 olika hyaluronsyror ger intensiv fukt djup nere i huden och sl\u00e4tar ut linjer och rynkor. Ekologiska l\u00e4ke\u00f6rter stimulerar p\u00e5 ett naturligt s\u00e4tt hudens kollagenbildning. Det sammetslena serumet f\u00f6rb\u00e4ttrar synligt hudens fasthet och fyllighet, och ger den en frisk och str\u00e5lande lyster.\u00a0<\/span><\/strong><\/p>\n","protected":false},"excerpt":{"rendered":"<p><strong style=\"font-family: var(--primaryFont), serif; display: inline !important;\"><span style=\"font-weight: 400;\">24K Pure Radiance Serum \u00e4r ett rikt och exklusivt serum med 24 karat guld som f\u00f6rnyar hudens lyster och sp\u00e4nst, st\u00e4rker hudens regenererande egenskaper och berikar den med en vitaliserande boost av fukt och n\u00e4ring. <\/span><span style=\"font-weight: 400;\">F<\/span><span style=\"font-weight: 400;\">rankincense och myrra optimerar hudens h\u00e4lsosamma balans och tillf\u00f6r skyddande antioxidanter.<\/span> <span style=\"font-weight: 400;\">N\u00e4rande havtorn verkar mjukg\u00f6rande och v\u00e5rdande med vitaminer och hudf\u00f6rb\u00e4ttrande omegafettsyror. Tv\u00e5 olika hyaluronsyror ger intensiv fukt djup nere i huden och sl\u00e4tar ut linjer och rynkor. Ekologiska l\u00e4ke\u00f6rter stimulerar p\u00e5 ett naturligt s\u00e4tt hudens kollagenbildning. Det sammetslena serumet f\u00f6rb\u00e4ttrar synligt hudens fasthet och fyllighet, och ger den en frisk och str\u00e5lande lyster.\u00a0<\/span><\/strong><br \/>\nlinjer och rynkor, tecken p\u00e5 stress och \u00e5ldrande och efterl\u00e4mnar din hud fr\u00e4sch, fuktm\u00e4ttad och med en extra gl\u00f6d.<\/p>\n","protected":false},"featured_media":30824,"comment_status":"open","ping_status":"closed","template":"","meta":{"_acf_changed":false,"site-sidebar-layout":"default","site-content-layout":"","ast-site-content-layout":"default","site-content-style":"default","site-sidebar-style":"default","ast-global-header-display":"","ast-banner-title-visibility":"","ast-main-header-display":"","ast-hfb-above-header-display":"","ast-hfb-below-header-display":"","ast-hfb-mobile-header-display":"","site-post-title":"","ast-breadcrumbs-content":"","ast-featured-img":"","footer-sml-layout":"","ast-disable-related-posts":"","theme-transparent-header-meta":"default","adv-header-id-meta":"","stick-header-meta":"","header-above-stick-meta":"","header-main-stick-meta":"","header-below-stick-meta":"","astra-migrate-meta-layouts":"set","ast-page-background-enabled":"default","ast-page-background-meta":{"desktop":{"background-color":"var(--ast-global-color-4)","background-image":"","background-repeat":"repeat","background-position":"center center","background-size":"auto","background-attachment":"scroll","background-type":"","background-media":"","overlay-type":"","overlay-color":"","overlay-opacity":"","overlay-gradient":""},"tablet":{"background-color":"","background-image":"","background-repeat":"repeat","background-position":"center center","background-size":"auto","background-attachment":"scroll","background-type":"","background-media":"","overlay-type":"","overlay-color":"","overlay-opacity":"","overlay-gradient":""},"mobile":{"background-color":"","background-image":"","background-repeat":"repeat","background-position":"center center","background-size":"auto","background-attachment":"scroll","background-type":"","background-media":"","overlay-type":"","overlay-color":"","overlay-opacity":"","overlay-gradient":""}},"ast-content-background-meta":{"desktop":{"background-color":"var(--ast-global-color-5)","background-image":"","background-repeat":"repeat","background-position":"center center","background-size":"auto","background-attachment":"scroll","background-type":"","background-media":"","overlay-type":"","overlay-color":"","overlay-opacity":"","overlay-gradient":""},"tablet":{"background-color":"var(--ast-global-color-5)","background-image":"","background-repeat":"repeat","background-position":"center center","background-size":"auto","background-attachment":"scroll","background-type":"","background-media":"","overlay-type":"","overlay-color":"","overlay-opacity":"","overlay-gradient":""},"mobile":{"background-color":"var(--ast-global-color-5)","background-image":"","background-repeat":"repeat","background-position":"center center","background-size":"auto","background-attachment":"scroll","background-type":"","background-media":"","overlay-type":"","overlay-color":"","overlay-opacity":"","overlay-gradient":""}}},"product_brand":[],"product_cat":[349],"product_tag":[367,413,423,418,419,420,421,409,408,417,426],"class_list":{"0":"post-14743","1":"product","2":"type-product","3":"status-publish","4":"has-post-thumbnail","6":"product_cat-ansigt-sv","7":"product_tag-24k-guld-sv","8":"product_tag-aloe-vera-sv","9":"product_tag-fraken","10":"product_tag-havtorn-sv","11":"product_tag-hyaluronsyra","12":"product_tag-kamomill","13":"product_tag-mandelolja","14":"product_tag-myrra-sv","15":"product_tag-ringblomma","16":"product_tag-rokelseolja","17":"product_tag-solrosolja","18":"desktop-align-left","19":"tablet-align-left","20":"mobile-align-left","22":"first","23":"outofstock","24":"taxable","25":"shipping-taxable","26":"purchasable","27":"product-type-simple"},"bundled_by":["27092"],"bundle_stock_status":"outofstock","bundle_stock_quantity":null,"bundle_virtual":false,"bundle_layout":"","bundle_add_to_cart_form_location":"","bundle_editable_in_cart":false,"bundle_sold_individually_context":"","bundle_item_grouping":"","bundle_min_size":"","bundle_max_size":"","bundle_price":[],"bundled_items":[],"bundle_sell_ids":[],"acf":[],"_links":{"self":[{"href":"https:\/\/luciacare.com\/sv\/wp-json\/wp\/v2\/product\/14743","targetHints":{"allow":["GET"]}}],"collection":[{"href":"https:\/\/luciacare.com\/sv\/wp-json\/wp\/v2\/product"}],"about":[{"href":"https:\/\/luciacare.com\/sv\/wp-json\/wp\/v2\/types\/product"}],"replies":[{"embeddable":true,"href":"https:\/\/luciacare.com\/sv\/wp-json\/wp\/v2\/comments?post=14743"}],"version-history":[{"count":2,"href":"https:\/\/luciacare.com\/sv\/wp-json\/wp\/v2\/product\/14743\/revisions"}],"predecessor-version":[{"id":20718,"href":"https:\/\/luciacare.com\/sv\/wp-json\/wp\/v2\/product\/14743\/revisions\/20718"}],"wp:featuredmedia":[{"embeddable":true,"href":"https:\/\/luciacare.com\/sv\/wp-json\/wp\/v2\/media\/30824"}],"wp:attachment":[{"href":"https:\/\/luciacare.com\/sv\/wp-json\/wp\/v2\/media?parent=14743"}],"wp:term":[{"taxonomy":"product_brand","embeddable":true,"href":"https:\/\/luciacare.com\/sv\/wp-json\/wp\/v2\/product_brand?post=14743"},{"taxonomy":"product_cat","embeddable":true,"href":"https:\/\/luciacare.com\/sv\/wp-json\/wp\/v2\/product_cat?post=14743"},{"taxonomy":"product_tag","embeddable":true,"href":"https:\/\/luciacare.com\/sv\/wp-json\/wp\/v2\/product_tag?post=14743"}],"curies":[{"name":"wp","href":"https:\/\/api.w.org\/{rel}","templated":true}]}}