{"id":14733,"date":"2023-09-06T09:44:12","date_gmt":"2023-09-06T07:44:12","guid":{"rendered":"https:\/\/luciacare.com\/?post_type=product&#038;p=14733"},"modified":"2024-12-20T11:30:18","modified_gmt":"2024-12-20T10:30:18","slug":"24k-pure-balance-oil","status":"publish","type":"product","link":"https:\/\/luciacare.com\/sv\/vare\/24k-pure-balance-oil\/","title":{"rendered":"24K Pure Balance Oil"},"content":{"rendered":"<p><b>f\u00f6r ansiktet<\/b><\/p>\n<p><strong>24K Pure Balance Oil\u00a0<span style=\"font-family: var(--primaryFont), serif; font-weight: 300;\">\u00e4r en rik, n\u00e4rande och luxu\u00f6s ansiktsolja med 24 karat guld som ger f\u00f6rnyad lyster, vitalitet och harmoniserar hudens balans. S\u00e4rskilt utvalda ekologiska oljor samt regenererande och aktiva ingredienser packade med vitaminer, mineraler och antioxidanter f\u00f6rb\u00e4ttrar hudens h\u00e4lsa: Glas\u00f6rt st\u00e4rker hudbarri\u00e4ren <span style=\"font-weight: 400;\">och optimerar hudens fuktbevarande f\u00f6rm\u00e5ga. Fr\u00e4ken och ringblomma stimulerar naturligt hudens kollagenbildning. Frankincense\u00a0<\/span><span style=\"font-weight: 400;\">och myrra lyfter, stramar upp och verkar utsl\u00e4tande p\u00e5 huden. Den rika och varma oljan absorberas snabbt och tillf\u00f6r fukt, smidighet och djup, n\u00e4ringsrik v\u00e5rd till huden, s\u00e5 att den blir sammetslen och enhetligt sl\u00e4t med en varm lyster.<\/span><\/span><\/strong><\/p>\n","protected":false},"excerpt":{"rendered":"<p>f\u00f6r ansiktet 24K Pure Balance Oil\u00a0\u00e4r en rik, n\u00e4rande och luxu\u00f6s ansiktsolja med 24 karat guld som ger f\u00f6rnyad lyster, vitalitet och harmoniserar hudens balans. S\u00e4rskilt utvalda ekologiska oljor samt regenererande och aktiva ingredienser packade med vitaminer, mineraler och antioxidanter f\u00f6rb\u00e4ttrar hudens h\u00e4lsa: Glas\u00f6rt st\u00e4rker hudbarri\u00e4ren och optimerar hudens fuktbevarande f\u00f6rm\u00e5ga. Fr\u00e4ken och ringblomma stimulerar [&hellip;]<\/p>\n","protected":false},"featured_media":15891,"comment_status":"open","ping_status":"closed","template":"","meta":{"_acf_changed":false,"site-sidebar-layout":"default","site-content-layout":"","ast-site-content-layout":"default","site-content-style":"default","site-sidebar-style":"default","ast-global-header-display":"","ast-banner-title-visibility":"","ast-main-header-display":"","ast-hfb-above-header-display":"","ast-hfb-below-header-display":"","ast-hfb-mobile-header-display":"","site-post-title":"","ast-breadcrumbs-content":"","ast-featured-img":"","footer-sml-layout":"","ast-disable-related-posts":"","theme-transparent-header-meta":"default","adv-header-id-meta":"","stick-header-meta":"","header-above-stick-meta":"","header-main-stick-meta":"","header-below-stick-meta":"","astra-migrate-meta-layouts":"default","ast-page-background-enabled":"default","ast-page-background-meta":{"desktop":{"background-color":"var(--ast-global-color-4)","background-image":"","background-repeat":"repeat","background-position":"center center","background-size":"auto","background-attachment":"scroll","background-type":"","background-media":"","overlay-type":"","overlay-color":"","overlay-opacity":"","overlay-gradient":""},"tablet":{"background-color":"","background-image":"","background-repeat":"repeat","background-position":"center center","background-size":"auto","background-attachment":"scroll","background-type":"","background-media":"","overlay-type":"","overlay-color":"","overlay-opacity":"","overlay-gradient":""},"mobile":{"background-color":"","background-image":"","background-repeat":"repeat","background-position":"center center","background-size":"auto","background-attachment":"scroll","background-type":"","background-media":"","overlay-type":"","overlay-color":"","overlay-opacity":"","overlay-gradient":""}},"ast-content-background-meta":{"desktop":{"background-color":"var(--ast-global-color-5)","background-image":"","background-repeat":"repeat","background-position":"center center","background-size":"auto","background-attachment":"scroll","background-type":"","background-media":"","overlay-type":"","overlay-color":"","overlay-opacity":"","overlay-gradient":""},"tablet":{"background-color":"var(--ast-global-color-5)","background-image":"","background-repeat":"repeat","background-position":"center center","background-size":"auto","background-attachment":"scroll","background-type":"","background-media":"","overlay-type":"","overlay-color":"","overlay-opacity":"","overlay-gradient":""},"mobile":{"background-color":"var(--ast-global-color-5)","background-image":"","background-repeat":"repeat","background-position":"center center","background-size":"auto","background-attachment":"scroll","background-type":"","background-media":"","overlay-type":"","overlay-color":"","overlay-opacity":"","overlay-gradient":""}}},"product_brand":[],"product_cat":[349],"product_tag":[367,423,424,418,421,409,408,417,426],"class_list":{"0":"post-14733","1":"product","2":"type-product","3":"status-publish","4":"has-post-thumbnail","6":"product_cat-ansigt-sv","7":"product_tag-24k-guld-sv","8":"product_tag-fraken","9":"product_tag-glasort","10":"product_tag-havtorn-sv","11":"product_tag-mandelolja","12":"product_tag-myrra-sv","13":"product_tag-ringblomma","14":"product_tag-rokelseolja","15":"product_tag-solrosolja","16":"desktop-align-left","17":"tablet-align-left","18":"mobile-align-left","20":"first","21":"instock","22":"taxable","23":"shipping-taxable","24":"purchasable","25":"product-type-simple"},"bundled_by":["27092"],"bundle_stock_status":"instock","bundle_stock_quantity":null,"bundle_virtual":false,"bundle_layout":"","bundle_add_to_cart_form_location":"","bundle_editable_in_cart":false,"bundle_sold_individually_context":"","bundle_item_grouping":"","bundle_min_size":"","bundle_max_size":"","bundle_price":[],"bundled_items":[],"bundle_sell_ids":[],"acf":[],"_links":{"self":[{"href":"https:\/\/luciacare.com\/sv\/wp-json\/wp\/v2\/product\/14733","targetHints":{"allow":["GET"]}}],"collection":[{"href":"https:\/\/luciacare.com\/sv\/wp-json\/wp\/v2\/product"}],"about":[{"href":"https:\/\/luciacare.com\/sv\/wp-json\/wp\/v2\/types\/product"}],"replies":[{"embeddable":true,"href":"https:\/\/luciacare.com\/sv\/wp-json\/wp\/v2\/comments?post=14733"}],"version-history":[{"count":1,"href":"https:\/\/luciacare.com\/sv\/wp-json\/wp\/v2\/product\/14733\/revisions"}],"predecessor-version":[{"id":16311,"href":"https:\/\/luciacare.com\/sv\/wp-json\/wp\/v2\/product\/14733\/revisions\/16311"}],"wp:featuredmedia":[{"embeddable":true,"href":"https:\/\/luciacare.com\/sv\/wp-json\/wp\/v2\/media\/15891"}],"wp:attachment":[{"href":"https:\/\/luciacare.com\/sv\/wp-json\/wp\/v2\/media?parent=14733"}],"wp:term":[{"taxonomy":"product_brand","embeddable":true,"href":"https:\/\/luciacare.com\/sv\/wp-json\/wp\/v2\/product_brand?post=14733"},{"taxonomy":"product_cat","embeddable":true,"href":"https:\/\/luciacare.com\/sv\/wp-json\/wp\/v2\/product_cat?post=14733"},{"taxonomy":"product_tag","embeddable":true,"href":"https:\/\/luciacare.com\/sv\/wp-json\/wp\/v2\/product_tag?post=14733"}],"curies":[{"name":"wp","href":"https:\/\/api.w.org\/{rel}","templated":true}]}}