{"id":2790,"date":"2021-04-06T13:08:14","date_gmt":"2021-04-06T11:08:14","guid":{"rendered":"https:\/\/luciacare.com\/crowdfunding\/"},"modified":"2021-04-06T13:08:14","modified_gmt":"2021-04-06T11:08:14","slug":"crowdfunding","status":"publish","type":"page","link":"https:\/\/luciacare.com\/sv\/crowdfunding\/","title":{"rendered":"Eksempelside"},"content":{"rendered":"\n<figure class=\"wp-block-image size-large is-resized\"><img fetchpriority=\"high\" decoding=\"async\" src=\"https:\/\/luciacare.com\/wp-content\/uploads\/2021\/05\/Rosmarin-592x1024.png\" alt=\"\" class=\"wp-image-2993\" width=\"296\" height=\"512\" srcset=\"https:\/\/luciacare.com\/wp-content\/uploads\/2021\/05\/Rosmarin-592x1024.png 592w, https:\/\/luciacare.com\/wp-content\/uploads\/2021\/05\/Rosmarin-300x519.png 300w, https:\/\/luciacare.com\/wp-content\/uploads\/2021\/05\/Rosmarin-600x1039.png 600w, https:\/\/luciacare.com\/wp-content\/uploads\/2021\/05\/Rosmarin-173x300.png 173w, https:\/\/luciacare.com\/wp-content\/uploads\/2021\/05\/Rosmarin-768x1329.png 768w, https:\/\/luciacare.com\/wp-content\/uploads\/2021\/05\/Rosmarin-887x1536.png 887w, https:\/\/luciacare.com\/wp-content\/uploads\/2021\/05\/Rosmarin-450x779.png 450w, https:\/\/luciacare.com\/wp-content\/uploads\/2021\/05\/Rosmarin.png 1175w\" sizes=\"(max-width: 296px) 100vw, 296px\" \/><\/figure>\n\n\n\n<h2 class=\"wp-block-heading\">Lucia Care \u00e5bner for eksklusivt forsalg d. 15\/8 via Coop crowdfunding.<\/h2>\n\n\n\n<p><strong>Vi bruger Coop crowdfunding til vores forsalg for at kunne invitere dig med p\u00e5 vores rejse indenfor holistisk hudpleje.<\/strong><\/p>\n\n\n\n<p>Ved at forudbestille produkterne bidrager du til, at vi kommer godt fra start. Til geng\u00e6ld tilbyder vi dig de f\u00f8rste Lucia Care produkter til en hel unik intropris. Du f\u00e5r de frisk fremstillede produkter tilsendt, n\u00e5r Lucia Care lanceres d. 1\/10.<\/p>\n\n\n\n<p>N\u00e5r du klikker dig videre, bliver du sendt videre til vores samarbejdspartner Coop Crowdfundings website, hvor du finder Lucia Care&#8217;s forsalg.<\/p>\n\n\n\n<p>Tak fordi du vil st\u00f8tte Lucia Care.<\/p>\n","protected":false},"excerpt":{"rendered":"<p>Lucia Care \u00e5bner for eksklusivt forsalg d. 15\/8 via Coop crowdfunding. Vi bruger Coop crowdfunding til vores forsalg for at kunne invitere dig med p\u00e5 vores rejse indenfor holistisk hudpleje. Ved at forudbestille produkterne bidrager du til, at vi kommer godt fra start. Til geng\u00e6ld tilbyder vi dig de f\u00f8rste Lucia Care produkter til en [&hellip;]<\/p>\n","protected":false},"author":3,"featured_media":0,"parent":0,"menu_order":0,"comment_status":"closed","ping_status":"closed","template":"","meta":{"_acf_changed":false,"site-sidebar-layout":"default","site-content-layout":"","ast-site-content-layout":"default","site-content-style":"default","site-sidebar-style":"default","ast-global-header-display":"","ast-banner-title-visibility":"","ast-main-header-display":"","ast-hfb-above-header-display":"","ast-hfb-below-header-display":"","ast-hfb-mobile-header-display":"","site-post-title":"","ast-breadcrumbs-content":"","ast-featured-img":"","footer-sml-layout":"","ast-disable-related-posts":"","theme-transparent-header-meta":"","adv-header-id-meta":"","stick-header-meta":"","header-above-stick-meta":"","header-main-stick-meta":"","header-below-stick-meta":"","astra-migrate-meta-layouts":"default","ast-page-background-enabled":"default","ast-page-background-meta":{"desktop":{"background-color":"var(--ast-global-color-4)","background-image":"","background-repeat":"repeat","background-position":"center center","background-size":"auto","background-attachment":"scroll","background-type":"","background-media":"","overlay-type":"","overlay-color":"","overlay-opacity":"","overlay-gradient":""},"tablet":{"background-color":"","background-image":"","background-repeat":"repeat","background-position":"center center","background-size":"auto","background-attachment":"scroll","background-type":"","background-media":"","overlay-type":"","overlay-color":"","overlay-opacity":"","overlay-gradient":""},"mobile":{"background-color":"","background-image":"","background-repeat":"repeat","background-position":"center center","background-size":"auto","background-attachment":"scroll","background-type":"","background-media":"","overlay-type":"","overlay-color":"","overlay-opacity":"","overlay-gradient":""}},"ast-content-background-meta":{"desktop":{"background-color":"var(--ast-global-color-5)","background-image":"","background-repeat":"repeat","background-position":"center center","background-size":"auto","background-attachment":"scroll","background-type":"","background-media":"","overlay-type":"","overlay-color":"","overlay-opacity":"","overlay-gradient":""},"tablet":{"background-color":"var(--ast-global-color-5)","background-image":"","background-repeat":"repeat","background-position":"center center","background-size":"auto","background-attachment":"scroll","background-type":"","background-media":"","overlay-type":"","overlay-color":"","overlay-opacity":"","overlay-gradient":""},"mobile":{"background-color":"var(--ast-global-color-5)","background-image":"","background-repeat":"repeat","background-position":"center center","background-size":"auto","background-attachment":"scroll","background-type":"","background-media":"","overlay-type":"","overlay-color":"","overlay-opacity":"","overlay-gradient":""}},"footnotes":""},"class_list":["post-2790","page","type-page","status-publish","hentry"],"acf":[],"_links":{"self":[{"href":"https:\/\/luciacare.com\/sv\/wp-json\/wp\/v2\/pages\/2790","targetHints":{"allow":["GET"]}}],"collection":[{"href":"https:\/\/luciacare.com\/sv\/wp-json\/wp\/v2\/pages"}],"about":[{"href":"https:\/\/luciacare.com\/sv\/wp-json\/wp\/v2\/types\/page"}],"author":[{"embeddable":true,"href":"https:\/\/luciacare.com\/sv\/wp-json\/wp\/v2\/users\/3"}],"replies":[{"embeddable":true,"href":"https:\/\/luciacare.com\/sv\/wp-json\/wp\/v2\/comments?post=2790"}],"version-history":[{"count":0,"href":"https:\/\/luciacare.com\/sv\/wp-json\/wp\/v2\/pages\/2790\/revisions"}],"wp:attachment":[{"href":"https:\/\/luciacare.com\/sv\/wp-json\/wp\/v2\/media?parent=2790"}],"curies":[{"name":"wp","href":"https:\/\/api.w.org\/{rel}","templated":true}]}}