{"id":2789,"date":"2021-04-06T13:08:14","date_gmt":"2021-04-06T11:08:14","guid":{"rendered":"https:\/\/luciacare.com\/privatlivspolitik\/"},"modified":"2023-12-11T06:30:21","modified_gmt":"2023-12-11T05:30:21","slug":"privatlivspolitik","status":"publish","type":"page","link":"https:\/\/luciacare.com\/sv\/privatlivspolitik\/","title":{"rendered":"Cookie- och integritetspolicy hos Lucia Care"},"content":{"rendered":"\t\t<div data-elementor-type=\"wp-page\" data-elementor-id=\"2789\" class=\"elementor elementor-2789 elementor-3\" data-elementor-post-type=\"page\">\n\t\t\t\t<div class=\"has_ae_slider elementor-element elementor-element-1f381de7 e-flex e-con-boxed ae-bg-gallery-type-default e-con e-parent\" data-id=\"1f381de7\" data-element_type=\"container\" data-e-type=\"container\">\n\t\t\t\t\t<div class=\"e-con-inner\">\n\t\t\t\t<div class=\"elementor-element elementor-element-01f0b8d elementor-widget elementor-widget-heading\" data-id=\"01f0b8d\" data-element_type=\"widget\" data-e-type=\"widget\" data-widget_type=\"heading.default\">\n\t\t\t\t\t\t<div class=\"elementor-widget-container\">\n\t\t\t\t\t<h2 class=\"elementor-heading-title elementor-size-default\">Cookie- och integritetspolicy hos Lucia Care<\/h2>\t\t\t\t<\/div>\n\t\t\t\t<\/div>\n\t\t\t\t<div class=\"elementor-element elementor-element-647db9f7 elementor-widget elementor-widget-text-editor\" data-id=\"647db9f7\" data-element_type=\"widget\" data-e-type=\"widget\" data-widget_type=\"text-editor.default\">\n\t\t\t\t\t\t<div class=\"elementor-widget-container\">\n\t\t\t\t\t\t\t\t\t<h5 class=\"wp-block-heading\"><strong>Denna hemsida \u00e4gs och drivs av:<\/strong><\/h5>\n<p><strong>Lucia Care Aps<br \/>\nBolagsform: ApS<br \/>\nOrganisationsnummer: 42499781<br \/>\nGrundat: 2021<br \/>\nAdress: Skt. Anne Plads 2, 5000 Odense<br \/>\nTfn: +45 22 77 64 41<br \/>\nE-post: info@luciacare.com<br \/>\nWebbplats: www.luciacare.com\u00a0<\/strong><\/p>\n<p>N\u00e4r du bes\u00f6ker v\u00e5r webbplats godtar du att vi anv\u00e4nder cookies p\u00e5 v\u00e5r hemsida. Information samlas in om dig som anv\u00e4nds f\u00f6r att anpassa och f\u00f6rb\u00e4ttra v\u00e5rt inneh\u00e5ll och \u00f6ka v\u00e4rdet p\u00e5 de annonser som visas p\u00e5 sidan. Den insamlade informationen lagras i fem \u00e5r enligt g\u00e4llande lagstiftning.<\/p>\n<p>Om du inte vill att information ska samlas in b\u00f6r du radera dina cookies (f\u00f6lj l\u00e4nken nedan) och upph\u00f6ra att anv\u00e4nda webbplatsen.<\/p>\n<p>Det \u00e4r m\u00f6jligt att radera eller blockera cookies. Se instruktioner h\u00e4r:\u00a0<a href=\"http:\/\/minecookies.org\/cookiehandtering\">http:\/\/minecookies.org\/cookiehandtering<\/a><\/p>\n<p>Nedan kan du l\u00e4sa om vilken information som samlas in, dess syfte och vilka tredjeparter som har tillg\u00e5ng till den.<\/p>\n<p><strong>Vilka cookies vi samlar in<\/strong><\/p>\n<p>Webbplatsen anv\u00e4nder \u201dcookies\u201d som \u00e4r en textfil som lagras i din dator, mobiltelefon, surfplatta och liknande i syfte att k\u00e4nna igen den, komma ih\u00e5g inst\u00e4llningar, skapa statistik och anpassa annonser. Cookies kan inte inneh\u00e5lla skadlig kod som t.ex. virus.<\/p>\n<p>Som tidigare n\u00e4mnts \u00e4r det m\u00f6jligt att radera eller blockera cookies \u2013 om du raderar eller blockerar cookies kan annonser bli mindre relevanta f\u00f6r dig och dyka upp oftare. Du riskerar dessutom att webbplatsen inte fungerar optimalt samt att det finns inneh\u00e5ll som du inte kan f\u00e5r tillg\u00e5ng till.<\/p>\n<p><strong>Webbplatsen inneh\u00e5ller cookies fr\u00e5n tredjeparter som i varierande grad kan omfatta:<\/strong><\/p>\n<ul>\n<li>Facebook Pixel och Analytics<\/li>\n<li>Google Analytics<\/li>\n<li>Google Tag Manager<\/li>\n<li>Google Ads<\/li>\n<li>Instagram<\/li>\n<li>Klaviyo<\/li>\n<\/ul>\n<p><em>Informationen lagras krypterad och \u00f6verf\u00f6rs krypterad till och fr\u00e5n f\u00f6retaget.<\/em><\/p>\n<p><em>\u201cF\u00f6r att kunna erbjuda Klarnas betalningsmetoder kan vi komma att \u00f6verf\u00f6ra dina personuppgifter i form av kontakt- och best\u00e4llningsuppgifter till Klarna, s\u00e5 att Klarna kan bed\u00f6ma om du kvalificerar dig f\u00f6r deras betalningsmetoder och f\u00f6r att skr\u00e4ddarsy dessa betalningsmetoder till dig. Dina \u00f6verf\u00f6rda personuppgifter kommer att behandlas i enlighet med <\/em><a href=\"https:\/\/cdn.klarna.com\/1.0\/shared\/content\/legal\/terms\/0\/da_dk\/privacy\"><em>Klarnas egen Databeskyttelsesmeddelelse<\/em><\/a>.<em>\u201d<\/em><\/p>\n<p><script id=\"CookieDeclaration\" src=\"https:\/\/consent.cookiebot.com\/45680e25-7857-4808-a2ae-00bdefc0dc89\/cd.js\" type=\"text\/javascript\" async=\"\"><\/script><\/p>\n<p><em>Luciacare.com juni 2021<\/em><\/p>\n\t\t\t\t\t\t\t\t<\/div>\n\t\t\t\t<\/div>\n\t\t\t\t\t<\/div>\n\t\t\t\t<\/div>\n\t\t\t\t<\/div>\n\t\t","protected":false},"excerpt":{"rendered":"<p>Cookie- och integritetspolicy hos Lucia Care Denna hemsida \u00e4gs och drivs av: Lucia Care Aps Bolagsform: ApS Organisationsnummer: 42499781 Grundat: 2021 Adress: Skt. Anne Plads 2, 5000 Odense Tfn: +45 22 77 64 41 E-post: info@luciacare.com Webbplats: www.luciacare.com\u00a0 N\u00e4r du bes\u00f6ker v\u00e5r webbplats godtar du att vi anv\u00e4nder cookies p\u00e5 v\u00e5r hemsida. Information samlas in [&hellip;]<\/p>\n","protected":false},"author":3,"featured_media":0,"parent":0,"menu_order":0,"comment_status":"closed","ping_status":"closed","template":"","meta":{"_acf_changed":false,"site-sidebar-layout":"default","site-content-layout":"","ast-site-content-layout":"default","site-content-style":"default","site-sidebar-style":"default","ast-global-header-display":"","ast-banner-title-visibility":"","ast-main-header-display":"","ast-hfb-above-header-display":"","ast-hfb-below-header-display":"","ast-hfb-mobile-header-display":"","site-post-title":"","ast-breadcrumbs-content":"","ast-featured-img":"","footer-sml-layout":"","ast-disable-related-posts":"","theme-transparent-header-meta":"","adv-header-id-meta":"","stick-header-meta":"","header-above-stick-meta":"","header-main-stick-meta":"","header-below-stick-meta":"","astra-migrate-meta-layouts":"default","ast-page-background-enabled":"default","ast-page-background-meta":{"desktop":{"background-color":"var(--ast-global-color-4)","background-image":"","background-repeat":"repeat","background-position":"center center","background-size":"auto","background-attachment":"scroll","background-type":"","background-media":"","overlay-type":"","overlay-color":"","overlay-opacity":"","overlay-gradient":""},"tablet":{"background-color":"","background-image":"","background-repeat":"repeat","background-position":"center center","background-size":"auto","background-attachment":"scroll","background-type":"","background-media":"","overlay-type":"","overlay-color":"","overlay-opacity":"","overlay-gradient":""},"mobile":{"background-color":"","background-image":"","background-repeat":"repeat","background-position":"center center","background-size":"auto","background-attachment":"scroll","background-type":"","background-media":"","overlay-type":"","overlay-color":"","overlay-opacity":"","overlay-gradient":""}},"ast-content-background-meta":{"desktop":{"background-color":"var(--ast-global-color-5)","background-image":"","background-repeat":"repeat","background-position":"center center","background-size":"auto","background-attachment":"scroll","background-type":"","background-media":"","overlay-type":"","overlay-color":"","overlay-opacity":"","overlay-gradient":""},"tablet":{"background-color":"var(--ast-global-color-5)","background-image":"","background-repeat":"repeat","background-position":"center center","background-size":"auto","background-attachment":"scroll","background-type":"","background-media":"","overlay-type":"","overlay-color":"","overlay-opacity":"","overlay-gradient":""},"mobile":{"background-color":"var(--ast-global-color-5)","background-image":"","background-repeat":"repeat","background-position":"center center","background-size":"auto","background-attachment":"scroll","background-type":"","background-media":"","overlay-type":"","overlay-color":"","overlay-opacity":"","overlay-gradient":""}},"footnotes":""},"class_list":["post-2789","page","type-page","status-publish","hentry"],"acf":[],"_links":{"self":[{"href":"https:\/\/luciacare.com\/sv\/wp-json\/wp\/v2\/pages\/2789","targetHints":{"allow":["GET"]}}],"collection":[{"href":"https:\/\/luciacare.com\/sv\/wp-json\/wp\/v2\/pages"}],"about":[{"href":"https:\/\/luciacare.com\/sv\/wp-json\/wp\/v2\/types\/page"}],"author":[{"embeddable":true,"href":"https:\/\/luciacare.com\/sv\/wp-json\/wp\/v2\/users\/3"}],"replies":[{"embeddable":true,"href":"https:\/\/luciacare.com\/sv\/wp-json\/wp\/v2\/comments?post=2789"}],"version-history":[{"count":2,"href":"https:\/\/luciacare.com\/sv\/wp-json\/wp\/v2\/pages\/2789\/revisions"}],"predecessor-version":[{"id":20903,"href":"https:\/\/luciacare.com\/sv\/wp-json\/wp\/v2\/pages\/2789\/revisions\/20903"}],"wp:attachment":[{"href":"https:\/\/luciacare.com\/sv\/wp-json\/wp\/v2\/media?parent=2789"}],"curies":[{"name":"wp","href":"https:\/\/api.w.org\/{rel}","templated":true}]}}