{"id":2781,"date":"2021-04-26T12:53:00","date_gmt":"2021-04-26T10:53:00","guid":{"rendered":"https:\/\/luciacare.com\/naturlig-hudpleje\/"},"modified":"2023-12-11T05:17:47","modified_gmt":"2023-12-11T04:17:47","slug":"naturlig-hudpleje","status":"publish","type":"page","link":"https:\/\/luciacare.com\/sv\/naturlig-hudpleje\/","title":{"rendered":"Naturlig hudv\u00e5rd"},"content":{"rendered":"\t\t<div data-elementor-type=\"wp-page\" data-elementor-id=\"2781\" class=\"elementor elementor-2781 elementor-106\" data-elementor-post-type=\"page\">\n\t\t\t\t<div class=\"has_ae_slider elementor-element elementor-element-b413c1a e-flex e-con-boxed ae-bg-gallery-type-default e-con e-parent\" data-id=\"b413c1a\" data-element_type=\"container\" data-e-type=\"container\">\n\t\t\t\t\t<div class=\"e-con-inner\">\n\t\t\t\t<div class=\"elementor-element elementor-element-00710ad elementor-widget elementor-widget-image\" data-id=\"00710ad\" data-element_type=\"widget\" data-e-type=\"widget\" data-widget_type=\"image.default\">\n\t\t\t\t\t\t<div class=\"elementor-widget-container\">\n\t\t\t\t\t\t\t\t\t\t\t\t\t\t\t<img fetchpriority=\"high\" decoding=\"async\" width=\"768\" height=\"453\" src=\"https:\/\/luciacare.com\/wp-content\/uploads\/2022\/08\/Family_wide-768x453.png\" class=\"attachment-medium_large size-medium_large wp-image-6498\" alt=\"\" srcset=\"https:\/\/luciacare.com\/wp-content\/uploads\/2022\/08\/Family_wide-768x453.png.webp 768w, https:\/\/luciacare.com\/wp-content\/uploads\/2022\/08\/Family_wide-1600x944.png.webp 1600w, https:\/\/luciacare.com\/wp-content\/uploads\/2022\/08\/Family_wide-300x177.png.webp 300w, https:\/\/luciacare.com\/wp-content\/uploads\/2022\/08\/Family_wide-1024x604.png.webp 1024w, https:\/\/luciacare.com\/wp-content\/uploads\/2022\/08\/Family_wide-1536x906.png.webp 1536w, https:\/\/luciacare.com\/wp-content\/uploads\/2022\/08\/Family_wide-2048x1208.png.webp 2048w, https:\/\/luciacare.com\/wp-content\/uploads\/2022\/08\/Family_wide-1568x925.png 1568w, https:\/\/luciacare.com\/wp-content\/uploads\/2022\/08\/Family_wide-450x266.png 450w, https:\/\/luciacare.com\/wp-content\/uploads\/2022\/08\/Family_wide-600x354.png.webp 600w\" sizes=\"(max-width: 768px) 100vw, 768px\" \/>\t\t\t\t\t\t\t\t\t\t\t\t\t\t\t<\/div>\n\t\t\t\t<\/div>\n\t\t\t\t\t<\/div>\n\t\t\t\t<\/div>\n\t\t<div class=\"has_ae_slider elementor-element elementor-element-0d36bb9 e-flex e-con-boxed ae-bg-gallery-type-default e-con e-parent\" data-id=\"0d36bb9\" data-element_type=\"container\" data-e-type=\"container\">\n\t\t\t\t\t<div class=\"e-con-inner\">\n\t\t\t\t<div class=\"elementor-element elementor-element-f2c85cb elementor-widget elementor-widget-heading\" data-id=\"f2c85cb\" data-element_type=\"widget\" data-e-type=\"widget\" data-widget_type=\"heading.default\">\n\t\t\t\t\t\t<div class=\"elementor-widget-container\">\n\t\t\t\t\t<h2 class=\"elementor-heading-title elementor-size-default\">Medicinalv\u00e4xter p\u00e5 burk<\/h2>\t\t\t\t<\/div>\n\t\t\t\t<\/div>\n\t\t\t\t<div class=\"elementor-element elementor-element-8947c3c elementor-widget elementor-widget-text-editor\" data-id=\"8947c3c\" data-element_type=\"widget\" data-e-type=\"widget\" data-widget_type=\"text-editor.default\">\n\t\t\t\t\t\t<div class=\"elementor-widget-container\">\n\t\t\t\t\t\t\t\t\t<p>Lucia Cares hudv\u00e5rdsserie \u00e4r baserad p\u00e5 gamla medicinalv\u00e4xter och f\u00f6renar naturmedicinska traditioner med modern dermatologi och farmakologi. Alla v\u00e5ra produkter har utvecklats utifr\u00e5n en \u00f6nskan om att n\u00e4ra, v\u00e5rda och skydda huden. I dina vardagliga hudv\u00e5rdsritualer kan de anv\u00e4ndas var f\u00f6r sig och som multiprodukter.<\/p>\n\t\t\t\t\t\t\t\t<\/div>\n\t\t\t\t<\/div>\n\t\t\t\t<div class=\"elementor-element elementor-element-a614ac7 elementor-align-center elementor-widget elementor-widget-button\" data-id=\"a614ac7\" data-element_type=\"widget\" data-e-type=\"widget\" data-widget_type=\"button.default\">\n\t\t\t\t\t\t<div class=\"elementor-widget-container\">\n\t\t\t\t\t\t\t\t\t<div class=\"elementor-button-wrapper\">\n\t\t\t\t\t<a class=\"elementor-button elementor-button-link elementor-size-sm\" href=\"https:\/\/luciacare.com\/sv\/shop-2\/#\">\n\t\t\t\t\t\t<span class=\"elementor-button-content-wrapper\">\n\t\t\t\t\t\t\t\t\t<span class=\"elementor-button-text\">Se alla produkterna i webshopen<\/span>\n\t\t\t\t\t<\/span>\n\t\t\t\t\t<\/a>\n\t\t\t\t<\/div>\n\t\t\t\t\t\t\t\t<\/div>\n\t\t\t\t<\/div>\n\t\t\t\t\t<\/div>\n\t\t\t\t<\/div>\n\t\t<div class=\"has_ae_slider elementor-element elementor-element-92cdcac e-flex e-con-boxed ae-bg-gallery-type-default e-con e-parent\" data-id=\"92cdcac\" data-element_type=\"container\" data-e-type=\"container\">\n\t\t\t\t\t<div class=\"e-con-inner\">\n\t\t\t\t<div class=\"elementor-element elementor-element-7210c13 elementor-widget elementor-widget-spacer\" data-id=\"7210c13\" data-element_type=\"widget\" data-e-type=\"widget\" data-widget_type=\"spacer.default\">\n\t\t\t\t\t\t<div class=\"elementor-widget-container\">\n\t\t\t\t\t\t\t<div class=\"elementor-spacer\">\n\t\t\t<div class=\"elementor-spacer-inner\"><\/div>\n\t\t<\/div>\n\t\t\t\t\t\t<\/div>\n\t\t\t\t<\/div>\n\t\t\t\t\t<\/div>\n\t\t\t\t<\/div>\n\t\t<div class=\"has_ae_slider elementor-element elementor-element-902bf18 e-flex e-con-boxed ae-bg-gallery-type-default e-con e-parent\" data-id=\"902bf18\" data-element_type=\"container\" data-e-type=\"container\" data-settings=\"{&quot;background_background&quot;:&quot;classic&quot;}\">\n\t\t\t\t\t<div class=\"e-con-inner\">\n\t\t\t\t<div class=\"elementor-element elementor-element-9c947ff elementor-widget elementor-widget-heading\" data-id=\"9c947ff\" data-element_type=\"widget\" data-e-type=\"widget\" data-widget_type=\"heading.default\">\n\t\t\t\t\t\t<div class=\"elementor-widget-container\">\n\t\t\t\t\t<h2 class=\"elementor-heading-title elementor-size-default\">Lucia Care inneh\u00e5ller allt det goda din hud beh\u00f6ver<\/h2>\t\t\t\t<\/div>\n\t\t\t\t<\/div>\n\t\t\t\t<div class=\"elementor-element elementor-element-a628f7f elementor-align-start elementor-icon-list--layout-traditional elementor-list-item-link-full_width elementor-widget elementor-widget-icon-list\" data-id=\"a628f7f\" data-element_type=\"widget\" data-e-type=\"widget\" data-widget_type=\"icon-list.default\">\n\t\t\t\t\t\t<div class=\"elementor-widget-container\">\n\t\t\t\t\t\t\t<ul class=\"elementor-icon-list-items\">\n\t\t\t\t\t\t\t<li class=\"elementor-icon-list-item\">\n\t\t\t\t\t\t\t\t\t\t\t<span class=\"elementor-icon-list-icon\">\n\t\t\t\t\t\t\t<i aria-hidden=\"true\" class=\"fas fa-check\"><\/i>\t\t\t\t\t\t<\/span>\n\t\t\t\t\t\t\t\t\t\t<span class=\"elementor-icon-list-text\">Rena extrakt fr\u00e5n ekologiskt odlade medicinalv\u00e4xter<\/span>\n\t\t\t\t\t\t\t\t\t<\/li>\n\t\t\t\t\t\t\t\t<li class=\"elementor-icon-list-item\">\n\t\t\t\t\t\t\t\t\t\t\t<span class=\"elementor-icon-list-icon\">\n\t\t\t\t\t\t\t<i aria-hidden=\"true\" class=\"fas fa-check\"><\/i>\t\t\t\t\t\t<\/span>\n\t\t\t\t\t\t\t\t\t\t<span class=\"elementor-icon-list-text\">Naturligt doftande eteriska oljor<\/span>\n\t\t\t\t\t\t\t\t\t<\/li>\n\t\t\t\t\t\t\t\t<li class=\"elementor-icon-list-item\">\n\t\t\t\t\t\t\t\t\t\t\t<span class=\"elementor-icon-list-icon\">\n\t\t\t\t\t\t\t<i aria-hidden=\"true\" class=\"fas fa-check\"><\/i>\t\t\t\t\t\t<\/span>\n\t\t\t\t\t\t\t\t\t\t<span class=\"elementor-icon-list-text\">Nyttiga fetter som omega-3- och omega-6-oljor, <div class=\"tooltip\">mandelolja<span class=\"tooltiptext\">Mandelolja har ett h\u00f6gt inneh\u00e5ll av linolsyra som har en mjukg\u00f6rande och regenererande effekt p\u00e5 hudcellerna.<\/span><\/div>, <div class=\"tooltip\">olivolja<span class=\"tooltiptext\">Olivoljas h\u00f6ga inneh\u00e5ll av antioxidanter hj\u00e4lper till att f\u00f6rhindra tecken p\u00e5 \u00e5ldrande s\u00e5 att huden ser sl\u00e4tare och friskare ut.<\/span><\/div>, <div class=\"tooltip\">solrosolja<span class=\"tooltiptext\">Ekologiskt odlad solrosolja har en h\u00f6gre oljesyrahalt \u00e4n konventionellt odlade solrosor. Detta g\u00f6r den idealisk f\u00f6r hudv\u00e5rd.<\/span><\/div> och <div class=\"tooltip\">sheasm\u00f6r<span class=\"tooltiptext\">Sheasm\u00f6r kommer fr\u00e5n sheatr\u00e4dets n\u00f6tter, som har en mycket h\u00f6g fetthalt. Sheasm\u00f6r har en mjuk och sm\u00f6rig konsistens.<\/span><\/div><\/span>\n\t\t\t\t\t\t\t\t\t<\/li>\n\t\t\t\t\t\t\t\t<li class=\"elementor-icon-list-item\">\n\t\t\t\t\t\t\t\t\t\t\t<span class=\"elementor-icon-list-icon\">\n\t\t\t\t\t\t\t<i aria-hidden=\"true\" class=\"fas fa-check\"><\/i>\t\t\t\t\t\t<\/span>\n\t\t\t\t\t\t\t\t\t\t<span class=\"elementor-icon-list-text\">Naturens egna \u00e5terfuktande ingredienser som <div class=\"tooltip\">hyaluronsyra<span class=\"tooltiptext\">Hyaluronsyra \u00e4r naturens eget anti-ageingsmedel, som binder fukt och s\u00e4kerst\u00e4ller fr\u00e4schare och friskare hud.<\/span><\/div> och aloe vera-vatten<\/span>\n\t\t\t\t\t\t\t\t\t<\/li>\n\t\t\t\t\t\t\t\t<li class=\"elementor-icon-list-item\">\n\t\t\t\t\t\t\t\t\t\t\t<span class=\"elementor-icon-list-icon\">\n\t\t\t\t\t\t\t<i aria-hidden=\"true\" class=\"fas fa-check\"><\/i>\t\t\t\t\t\t<\/span>\n\t\t\t\t\t\t\t\t\t\t<span class=\"elementor-icon-list-text\">Naturliga kollagenstimulerande \u00e4mnen och aminosyror<\/span>\n\t\t\t\t\t\t\t\t\t<\/li>\n\t\t\t\t\t\t\t\t<li class=\"elementor-icon-list-item\">\n\t\t\t\t\t\t\t\t\t\t\t<span class=\"elementor-icon-list-icon\">\n\t\t\t\t\t\t\t<i aria-hidden=\"true\" class=\"fas fa-check\"><\/i>\t\t\t\t\t\t<\/span>\n\t\t\t\t\t\t\t\t\t\t<span class=\"elementor-icon-list-text\">Antiinflammatoriska ingredienser som verkar cellf\u00f6rnyande<\/span>\n\t\t\t\t\t\t\t\t\t<\/li>\n\t\t\t\t\t\t\t\t<li class=\"elementor-icon-list-item\">\n\t\t\t\t\t\t\t\t\t\t\t<span class=\"elementor-icon-list-icon\">\n\t\t\t\t\t\t\t<i aria-hidden=\"true\" class=\"fas fa-check\"><\/i>\t\t\t\t\t\t<\/span>\n\t\t\t\t\t\t\t\t\t\t<span class=\"elementor-icon-list-text\">Naturliga mineraler och vitaminer med tillsats av extra <div class=\"tooltip\">E-vitamin<span class=\"tooltiptext\">E-vitamin \u00e4r ett fettl\u00f6sligt vitamin, som \u00e4r k\u00e4nt f\u00f6r sin l\u00e4kande effekt i m\u00e5nga anti-aging kr\u00e4mer.<\/span><\/div> och <div class=\"tooltip\">A-vitamin<span class=\"tooltiptext\">Inom hudv\u00e5rd kan A-vitamin f\u00f6rb\u00e4ttra hudens struktur, \u00e5tg\u00e4rda oren hud, rynkor och solskador som t.ex. pigmentfl\u00e4ckar.<\/span><\/div><\/span>\n\t\t\t\t\t\t\t\t\t<\/li>\n\t\t\t\t\t\t\t\t<li class=\"elementor-icon-list-item\">\n\t\t\t\t\t\t\t\t\t\t\t<span class=\"elementor-icon-list-icon\">\n\t\t\t\t\t\t\t<i aria-hidden=\"true\" class=\"fas fa-check\"><\/i>\t\t\t\t\t\t<\/span>\n\t\t\t\t\t\t\t\t\t\t<span class=\"elementor-icon-list-text\">Veganska ingredienser och inte testade p\u00e5 djur<\/span>\n\t\t\t\t\t\t\t\t\t<\/li>\n\t\t\t\t\t\t\t\t<li class=\"elementor-icon-list-item\">\n\t\t\t\t\t\t\t\t\t\t\t<span class=\"elementor-icon-list-icon\">\n\t\t\t\t\t\t\t<i aria-hidden=\"true\" class=\"fas fa-check\"><\/i>\t\t\t\t\t\t<\/span>\n\t\t\t\t\t\t\t\t\t\t<span class=\"elementor-icon-list-text\">Utan syntetisk parfym, parabener och ftalater<\/span>\n\t\t\t\t\t\t\t\t\t<\/li>\n\t\t\t\t\t\t<\/ul>\n\t\t\t\t\t\t<\/div>\n\t\t\t\t<\/div>\n\t\t\t\t<div class=\"elementor-element elementor-element-4e005bb elementor-align-center elementor-widget elementor-widget-button\" data-id=\"4e005bb\" data-element_type=\"widget\" data-e-type=\"widget\" data-widget_type=\"button.default\">\n\t\t\t\t\t\t<div class=\"elementor-widget-container\">\n\t\t\t\t\t\t\t\t\t<div class=\"elementor-button-wrapper\">\n\t\t\t\t\t<a class=\"elementor-button elementor-button-link elementor-size-sm\" href=\"https:\/\/luciacare.com\/sv\/det-vi-tror-paa\/\">\n\t\t\t\t\t\t<span class=\"elementor-button-content-wrapper\">\n\t\t\t\t\t\t\t\t\t<span class=\"elementor-button-text\">L\u00e4s om v\u00e5ra v\u00e4rderingar och certifieringar<\/span>\n\t\t\t\t\t<\/span>\n\t\t\t\t\t<\/a>\n\t\t\t\t<\/div>\n\t\t\t\t\t\t\t\t<\/div>\n\t\t\t\t<\/div>\n\t\t\t\t\t<\/div>\n\t\t\t\t<\/div>\n\t\t<div class=\"has_ae_slider elementor-element elementor-element-6de8756a e-flex e-con-boxed ae-bg-gallery-type-default e-con e-parent\" data-id=\"6de8756a\" data-element_type=\"container\" data-e-type=\"container\">\n\t\t\t\t\t<div class=\"e-con-inner\">\n\t\t\t\t<div class=\"elementor-element elementor-element-701e030 elementor-widget elementor-widget-spacer\" data-id=\"701e030\" data-element_type=\"widget\" data-e-type=\"widget\" data-widget_type=\"spacer.default\">\n\t\t\t\t\t\t<div class=\"elementor-widget-container\">\n\t\t\t\t\t\t\t<div class=\"elementor-spacer\">\n\t\t\t<div class=\"elementor-spacer-inner\"><\/div>\n\t\t<\/div>\n\t\t\t\t\t\t<\/div>\n\t\t\t\t<\/div>\n\t\t\t\t<div class=\"elementor-element elementor-element-d074bec elementor-widget elementor-widget-heading\" data-id=\"d074bec\" data-element_type=\"widget\" data-e-type=\"widget\" data-widget_type=\"heading.default\">\n\t\t\t\t\t\t<div class=\"elementor-widget-container\">\n\t\t\t\t\t<h3 class=\"elementor-heading-title elementor-size-default\">Naturlig hudv\u00e5rd som g\u00e5r p\u00e5 djupet<\/h3>\t\t\t\t<\/div>\n\t\t\t\t<\/div>\n\t\t\t\t\t<\/div>\n\t\t\t\t<\/div>\n\t\t<div class=\"has_ae_slider elementor-element elementor-element-66d7236 e-flex e-con-boxed ae-bg-gallery-type-default e-con e-parent\" data-id=\"66d7236\" data-element_type=\"container\" data-e-type=\"container\">\n\t\t\t\t\t<div class=\"e-con-inner\">\n\t\t<div class=\"has_ae_slider elementor-element elementor-element-86ed6b2 e-con-full e-flex ae-bg-gallery-type-default e-con e-child\" data-id=\"86ed6b2\" data-element_type=\"container\" data-e-type=\"container\">\n\t\t\t\t<div class=\"elementor-element elementor-element-c6e4c45 elementor-widget elementor-widget-text-editor\" data-id=\"c6e4c45\" data-element_type=\"widget\" data-e-type=\"widget\" data-widget_type=\"text-editor.default\">\n\t\t\t\t\t\t<div class=\"elementor-widget-container\">\n\t\t\t\t\t\t\t\t\t<p>Medicinalv\u00e4xter med erk\u00e4nda terapeutiska och vitaliserande egenskaper \u00e4r en av grundstenarna i Lucia Care. I hudv\u00e5rdsserien anv\u00e4nds uteslutande rena v\u00e4xtextrakt fr\u00e5n ekologiskt odlade medicinalv\u00e4xter som rosmarin, ringblomma, fr\u00e4ken, kamomill, aloe vera, cedertr\u00e4 och bergamott. Blandningen av medicinalv\u00e4xter st\u00e4rker och stimulerar hudens eget f\u00f6rsvar, minskar den naturliga nedbrytningen och minimerar rynkor.<\/p>\n\t\t\t\t\t\t\t\t<\/div>\n\t\t\t\t<\/div>\n\t\t\t\t<div class=\"elementor-element elementor-element-f727d87 elementor-align-center elementor-widget elementor-widget-button\" data-id=\"f727d87\" data-element_type=\"widget\" data-e-type=\"widget\" data-widget_type=\"button.default\">\n\t\t\t\t\t\t<div class=\"elementor-widget-container\">\n\t\t\t\t\t\t\t\t\t<div class=\"elementor-button-wrapper\">\n\t\t\t\t\t<a class=\"elementor-button elementor-button-link elementor-size-sm\" href=\"https:\/\/luciacare.com\/sv\/herbarium\/\">\n\t\t\t\t\t\t<span class=\"elementor-button-content-wrapper\">\n\t\t\t\t\t\t\t\t\t<span class=\"elementor-button-text\">L\u00e4s mer om Lucia Cares medicinalv\u00e4xter<\/span>\n\t\t\t\t\t<\/span>\n\t\t\t\t\t<\/a>\n\t\t\t\t<\/div>\n\t\t\t\t\t\t\t\t<\/div>\n\t\t\t\t<\/div>\n\t\t\t\t<\/div>\n\t\t<div class=\"has_ae_slider elementor-element elementor-element-1202fd6 e-con-full e-flex ae-bg-gallery-type-default e-con e-child\" data-id=\"1202fd6\" data-element_type=\"container\" data-e-type=\"container\">\n\t\t\t\t<div class=\"elementor-element elementor-element-4d2f607 elementor-widget elementor-widget-text-editor\" data-id=\"4d2f607\" data-element_type=\"widget\" data-e-type=\"widget\" data-widget_type=\"text-editor.default\">\n\t\t\t\t\t\t<div class=\"elementor-widget-container\">\n\t\t\t\t\t\t\t\t\t<p>Alla ingredienser, vitaminer, mineraler, eteriska oljor och aromatiska dofter i Lucia Cares produkter \u00e4r utvalda och sammansatta av Nanna Kirkebjerg, som \u00e4r specialistl\u00e4kare och utbildad i integrativ medicin och naturmedicin. I h\u00e4nderna p\u00e5 dermatologiskt och farmakologiskt utbildade biokemister och laboratorietekniker framst\u00e4ller Lucia Care<\/p>\n\t\t\t\t\t\t\t\t<\/div>\n\t\t\t\t<\/div>\n\t\t\t\t<div class=\"elementor-element elementor-element-e92aa49 elementor-align-center elementor-widget elementor-widget-button\" data-id=\"e92aa49\" data-element_type=\"widget\" data-e-type=\"widget\" data-widget_type=\"button.default\">\n\t\t\t\t\t\t<div class=\"elementor-widget-container\">\n\t\t\t\t\t\t\t\t\t<div class=\"elementor-button-wrapper\">\n\t\t\t\t\t<a class=\"elementor-button elementor-button-link elementor-size-sm\" href=\"https:\/\/luciacare.com\/sv\/shop-2\/\">\n\t\t\t\t\t\t<span class=\"elementor-button-content-wrapper\">\n\t\t\t\t\t\t\t\t\t<span class=\"elementor-button-text\">G\u00e5 till webshopen<\/span>\n\t\t\t\t\t<\/span>\n\t\t\t\t\t<\/a>\n\t\t\t\t<\/div>\n\t\t\t\t\t\t\t\t<\/div>\n\t\t\t\t<\/div>\n\t\t\t\t<\/div>\n\t\t\t\t\t<\/div>\n\t\t\t\t<\/div>\n\t\t\t\t<\/div>\n\t\t","protected":false},"excerpt":{"rendered":"<p>Medicinalv\u00e4xter p\u00e5 burk Lucia Cares hudv\u00e5rdsserie \u00e4r baserad p\u00e5 gamla medicinalv\u00e4xter och f\u00f6renar naturmedicinska traditioner med modern dermatologi och farmakologi. Alla v\u00e5ra produkter har utvecklats utifr\u00e5n en \u00f6nskan om att n\u00e4ra, v\u00e5rda och skydda huden. I dina vardagliga hudv\u00e5rdsritualer kan de anv\u00e4ndas var f\u00f6r sig och som multiprodukter. Se alla produkterna i webshopen Lucia Care [&hellip;]<\/p>\n","protected":false},"author":3,"featured_media":0,"parent":0,"menu_order":0,"comment_status":"closed","ping_status":"closed","template":"","meta":{"_acf_changed":false,"site-sidebar-layout":"default","site-content-layout":"","ast-site-content-layout":"default","site-content-style":"default","site-sidebar-style":"default","ast-global-header-display":"","ast-banner-title-visibility":"","ast-main-header-display":"","ast-hfb-above-header-display":"","ast-hfb-below-header-display":"","ast-hfb-mobile-header-display":"","site-post-title":"","ast-breadcrumbs-content":"","ast-featured-img":"","footer-sml-layout":"","ast-disable-related-posts":"","theme-transparent-header-meta":"","adv-header-id-meta":"","stick-header-meta":"","header-above-stick-meta":"","header-main-stick-meta":"","header-below-stick-meta":"","astra-migrate-meta-layouts":"default","ast-page-background-enabled":"default","ast-page-background-meta":{"desktop":{"background-color":"var(--ast-global-color-4)","background-image":"","background-repeat":"repeat","background-position":"center center","background-size":"auto","background-attachment":"scroll","background-type":"","background-media":"","overlay-type":"","overlay-color":"","overlay-opacity":"","overlay-gradient":""},"tablet":{"background-color":"","background-image":"","background-repeat":"repeat","background-position":"center center","background-size":"auto","background-attachment":"scroll","background-type":"","background-media":"","overlay-type":"","overlay-color":"","overlay-opacity":"","overlay-gradient":""},"mobile":{"background-color":"","background-image":"","background-repeat":"repeat","background-position":"center center","background-size":"auto","background-attachment":"scroll","background-type":"","background-media":"","overlay-type":"","overlay-color":"","overlay-opacity":"","overlay-gradient":""}},"ast-content-background-meta":{"desktop":{"background-color":"var(--ast-global-color-5)","background-image":"","background-repeat":"repeat","background-position":"center center","background-size":"auto","background-attachment":"scroll","background-type":"","background-media":"","overlay-type":"","overlay-color":"","overlay-opacity":"","overlay-gradient":""},"tablet":{"background-color":"var(--ast-global-color-5)","background-image":"","background-repeat":"repeat","background-position":"center center","background-size":"auto","background-attachment":"scroll","background-type":"","background-media":"","overlay-type":"","overlay-color":"","overlay-opacity":"","overlay-gradient":""},"mobile":{"background-color":"var(--ast-global-color-5)","background-image":"","background-repeat":"repeat","background-position":"center center","background-size":"auto","background-attachment":"scroll","background-type":"","background-media":"","overlay-type":"","overlay-color":"","overlay-opacity":"","overlay-gradient":""}},"footnotes":""},"class_list":["post-2781","page","type-page","status-publish","hentry"],"acf":[],"_links":{"self":[{"href":"https:\/\/luciacare.com\/sv\/wp-json\/wp\/v2\/pages\/2781","targetHints":{"allow":["GET"]}}],"collection":[{"href":"https:\/\/luciacare.com\/sv\/wp-json\/wp\/v2\/pages"}],"about":[{"href":"https:\/\/luciacare.com\/sv\/wp-json\/wp\/v2\/types\/page"}],"author":[{"embeddable":true,"href":"https:\/\/luciacare.com\/sv\/wp-json\/wp\/v2\/users\/3"}],"replies":[{"embeddable":true,"href":"https:\/\/luciacare.com\/sv\/wp-json\/wp\/v2\/comments?post=2781"}],"version-history":[{"count":5,"href":"https:\/\/luciacare.com\/sv\/wp-json\/wp\/v2\/pages\/2781\/revisions"}],"predecessor-version":[{"id":20877,"href":"https:\/\/luciacare.com\/sv\/wp-json\/wp\/v2\/pages\/2781\/revisions\/20877"}],"wp:attachment":[{"href":"https:\/\/luciacare.com\/sv\/wp-json\/wp\/v2\/media?parent=2781"}],"curies":[{"name":"wp","href":"https:\/\/api.w.org\/{rel}","templated":true}]}}