{"id":2779,"date":"2021-05-17T11:22:55","date_gmt":"2021-05-17T09:22:55","guid":{"rendered":"https:\/\/luciacare.com\/herbarium\/"},"modified":"2023-10-24T14:14:56","modified_gmt":"2023-10-24T12:14:56","slug":"herbarium-old","status":"publish","type":"page","link":"https:\/\/luciacare.com\/sv\/herbarium-old\/","title":{"rendered":"Herbarium"},"content":{"rendered":"\n<div class=\"wp-block-cover alignfull is-light\" style=\"min-height:450px;aspect-ratio:unset;\"><span aria-hidden=\"true\" class=\"wp-block-cover__background has-background-dim-0 has-background-dim\"><\/span><img fetchpriority=\"high\" decoding=\"async\" width=\"2000\" height=\"724\" class=\"wp-block-cover__image-background wp-image-1506\" alt=\"\" src=\"https:\/\/luciacare.com\/wp-content\/uploads\/2021\/06\/Herbariumheader-3.jpg\" style=\"object-position:6% 23%\" data-object-fit=\"cover\" data-object-position=\"6% 23%\" srcset=\"https:\/\/luciacare.com\/wp-content\/uploads\/2021\/06\/Herbariumheader-3.jpg 2000w, https:\/\/luciacare.com\/wp-content\/uploads\/2021\/06\/Herbariumheader-3-1600x579.jpg 1600w, https:\/\/luciacare.com\/wp-content\/uploads\/2021\/06\/Herbariumheader-3-600x217.jpg 600w, https:\/\/luciacare.com\/wp-content\/uploads\/2021\/06\/Herbariumheader-3-768x278.jpg 768w, https:\/\/luciacare.com\/wp-content\/uploads\/2021\/06\/Herbariumheader-3-1024x371.jpg 1024w, https:\/\/luciacare.com\/wp-content\/uploads\/2021\/06\/Herbariumheader-3-1536x556.jpg 1536w, https:\/\/luciacare.com\/wp-content\/uploads\/2021\/06\/Herbariumheader-3-300x109.jpg 300w, https:\/\/luciacare.com\/wp-content\/uploads\/2021\/06\/Herbariumheader-3-1568x568.jpg 1568w, https:\/\/luciacare.com\/wp-content\/uploads\/2021\/06\/Herbariumheader-3-450x163.jpg 450w\" sizes=\"(max-width: 2000px) 100vw, 2000px\" \/><div class=\"wp-block-cover__inner-container is-layout-flow wp-block-cover-is-layout-flow\">\n<p class=\"has-text-align-center has-large-font-size\"><\/p>\n<\/div><\/div>\n\n\n\n<div class=\"wp-block-group he--header has-white-color has-primary-green-background-color has-text-color has-background is-layout-constrained wp-container-core-group-is-layout-82764ef8 wp-block-group-is-layout-constrained\">\n<figure class=\"wp-block-image aligncenter size-full is-resized\"><img decoding=\"async\" src=\"https:\/\/luciacare.com\/wp-content\/uploads\/2021\/05\/Herbarium_logo_white.svg\" alt=\"\" class=\"wp-image-227\" style=\"width:250px;height:undefinedpx\"\/><\/figure>\n\n\n\n<div style=\"height:25px\" aria-hidden=\"true\" class=\"wp-block-spacer\"><\/div>\n\n\n\n<p class=\"has-text-align-center\">Smaka p\u00e5 ordet. Man kan n\u00e4stan k\u00e4nna doften av det. Ett herbarium \u00e4r en samling av torkade, pressade v\u00e4xter eller v\u00e4xtdelar. I Lucia Cares herbarium belyser vi medicinalv\u00e4xternas historia. H\u00e4r kan du l\u00e4sa om de klassiska st\u00e4rkande medicinalv\u00e4xternas aktiva ingredienser och deras anv\u00e4ndning i Lucia Cares holistiska hudv\u00e5rdsserie.<\/p>\n<\/div>\n\n\n\n<h2 class=\"wp-block-heading has-text-align-center\">L\u00e4s om Lucia Cares medicinalv\u00e4xter och aktiva ingredienser<\/h2>\n\n\n\n\n\n<div class=\"wp-block-buttons is-horizontal is-content-justification-center is-layout-flex wp-container-core-buttons-is-layout-03627597 wp-block-buttons-is-layout-flex\">\n<div class=\"wp-block-button\"><a class=\"wp-block-button__link no-border-radius wp-element-button\" href=\"https:\/\/luciacare.com\/sv\/naturlig-hudpleje\/\">L\u00e4s mer om v\u00e5r naturliga hudv\u00e5rd<\/a><\/div>\n<\/div>\n\n\n\n<div class=\"wp-block-group alignfull other_ingredients has-background is-layout-constrained wp-block-group-is-layout-constrained\" style=\"background-color:#e7eae9\">\n<h2 class=\"wp-block-heading has-text-align-center\" id=\"aktiveingredienser\">Rena, aktiva ingredienser i Lucia Care<\/h2>\n\n\n\n<div class=\"wp-block-columns is-layout-flex wp-container-core-columns-is-layout-28f84493 wp-block-columns-is-layout-flex\">\n<div class=\"wp-block-column is-layout-flow wp-block-column-is-layout-flow\">\n<figure class=\"wp-block-image size-large is-resized\"><img decoding=\"async\" src=\"https:\/\/luciacare.com\/wp-content\/uploads\/2021\/06\/hyaluronsyre_gold.svg\" alt=\"\" class=\"wp-image-3325\" style=\"width:50px;height:undefinedpx\"\/><\/figure>\n\n\n\n<p class=\"has-text-align-left\"><strong><strong><strong>Hyaluronsyra&nbsp;\u2013&nbsp;naturens verkliga m\u00e4stare p\u00e5 \u00e5terfuktning<\/strong><\/strong><\/strong><\/p>\n\n\n\n<p class=\"has-text-align-left\">Hyaluronsyra \u00e4r en naturlig del av kroppens bindv\u00e4v i bland annat hud, leder och \u00f6gon men med \u00e5ldern sjunker kroppens niv\u00e5 av hyaluronsyra. Hyaluronsyra binder fukt i hudens intracellul\u00e4ra struktur. Hyaluronsyran \u00e4r naturens egen anti-agingprodukt och dess o\u00f6vertr\u00e4ffade f\u00f6rm\u00e5ga att dra till sig fukt&nbsp;fr\u00e4mjar&nbsp;en fr\u00e4schare, lenare och mjukare hud med \u00f6kad elasticitet och en minskning av rynkor.<\/p>\n<\/div>\n\n\n\n<div class=\"wp-block-column is-layout-flow wp-block-column-is-layout-flow\">\n<figure class=\"wp-block-image size-large is-resized\"><img decoding=\"async\" src=\"https:\/\/luciacare.com\/wp-content\/uploads\/2021\/06\/Mandelolie_gold.svg\" alt=\"\" class=\"wp-image-3328\" style=\"width:50px;height:undefinedpx\"\/><\/figure>\n\n\n\n<p class=\"has-text-align-left\"><strong><strong>Mandelolja&nbsp;\u2013&nbsp;en E-vitaminbomb<\/strong><\/strong><\/p>\n\n\n\n<p class=\"has-text-align-left\">Mandelolja har en h\u00f6g halt av om\u00e4ttade fettsyror som den essentiella fettsyran linolensyra (GLA)&nbsp;som bidrar till att oljan tr\u00e4nger djupare in i huden.&nbsp;Mandelolja inneh\u00e5ller A- B- och E-vitamin och mineraler som kalcium, magnesium, kalium och zink. Mandelolja \u00e4r mjukg\u00f6rande, \u00e5terfuktande och n\u00e4rande f\u00f6r huden och anv\u00e4nds ofta i hudv\u00e5rd f\u00f6r k\u00e4nslig och torr hud tack vare sina milda hudv\u00e5rdande egenskaper.<\/p>\n<\/div>\n<\/div>\n\n\n\n<div class=\"wp-block-columns is-layout-flex wp-container-core-columns-is-layout-28f84493 wp-block-columns-is-layout-flex\">\n<div class=\"wp-block-column is-layout-flow wp-block-column-is-layout-flow\">\n<figure class=\"wp-block-image size-large is-resized\"><img decoding=\"async\" src=\"https:\/\/luciacare.com\/wp-content\/uploads\/2021\/06\/Olivenolie_gold-1.svg\" alt=\"\" class=\"wp-image-3006\" style=\"width:50px;height:undefinedpx\"\/><\/figure>\n\n\n\n<p><strong><strong>Olivolja&nbsp;\u2013&nbsp;de gyllene dropparna<\/strong><\/strong><\/p>\n\n\n\n<p>Olivolja utvinns av stenfrukterna fr\u00e5n olivtr\u00e4det och har ett naturligt h\u00f6gt inneh\u00e5ll av goda om\u00e4ttade fettsyror som linolensyra (GLA) och inneh\u00e5ller en grupp antioxidanter, polyfenoler, som har h\u00e4lsofr\u00e4mjande effekter. Olivoljan mjukg\u00f6r, tillf\u00f6r fukt och smidighet, st\u00e4rker hudens naturliga elasticitet och ger den en ett str\u00e5lande glow.&nbsp;<\/p>\n<\/div>\n\n\n\n<div class=\"wp-block-column is-layout-flow wp-block-column-is-layout-flow\">\n<figure class=\"wp-block-image size-large is-resized\"><img decoding=\"async\" src=\"https:\/\/luciacare.com\/wp-content\/uploads\/2021\/06\/Solsikke_icon_gold-1.svg\" alt=\"\" class=\"wp-image-3008\" style=\"width:50px;height:undefinedpx\"\/><\/figure>\n\n\n\n<p><strong><strong>Solrosolja \u2013&nbsp;ljusets olja<\/strong><\/strong><\/p>\n\n\n\n<p>Solrosolja utvinns av fr\u00f6na fr\u00e5n solrosen, som \u00e4r en symbol f\u00f6r v\u00e4rme och ljus. Oljan har en h\u00f6g halt av A-, D- och E-vitamin och \u00e4r rik p\u00e5 lecitin och om\u00e4ttade fettsyror,&nbsp;vilket g\u00f6r den n\u00e4rande och skyddande f\u00f6r hud och h\u00e5r. Solrosolja mjukg\u00f6r och bildar ett skyddande lager p\u00e5 huden, vilket bidrar till att bibeh\u00e5lla fukt.<\/p>\n<\/div>\n<\/div>\n\n\n\n<div class=\"wp-block-columns is-layout-flex wp-container-core-columns-is-layout-28f84493 wp-block-columns-is-layout-flex\">\n<div class=\"wp-block-column is-layout-flow wp-block-column-is-layout-flow\">\n<figure class=\"wp-block-image size-large is-resized\"><img decoding=\"async\" src=\"https:\/\/luciacare.com\/wp-content\/uploads\/2021\/06\/Sheabutter_gold.svg\" alt=\"\" class=\"wp-image-3334\" style=\"width:50px;height:undefinedpx\"\/><\/figure>\n\n\n\n<p><strong><strong>Sheasm\u00f6r\u2013 bredbart v\u00e4lbefinnande<\/strong><\/strong><\/p>\n\n\n\n<p>Sheasm\u00f6r utvinns varsamt fr\u00e5n sheatr\u00e4dets n\u00f6tter och har anv\u00e4nts i Afrika&nbsp;i mer \u00e4n 4000 \u00e5r som den helt avg\u00f6rande ingrediensen i hudv\u00e5rd f\u00f6r att skydda mot uttorkning, nedbrytning och eksem. Sheasm\u00f6r \u00e4r ett kallpressat v\u00e4xtbaserat fett som inneh\u00e5ller A-, E- och F-vitamin samt en s\u00e4rskilt h\u00f6g halt av essentiella om\u00e4ttade fettsyror som ger huden n\u00e4ring. Sheasm\u00f6r har en utpr\u00e4glat \u00e5terfuktande och mjukg\u00f6rande effekt&nbsp;och l\u00e4mpar sig d\u00e4rf\u00f6r s\u00e4rskilt bra f\u00f6r mycket torr hud.<\/p>\n<\/div>\n\n\n\n<div class=\"wp-block-column is-layout-flow wp-block-column-is-layout-flow\">\n<figure class=\"wp-block-image size-large is-resized\"><img decoding=\"async\" src=\"https:\/\/luciacare.com\/wp-content\/uploads\/2021\/06\/Avitamin_gold.svg\" alt=\"\" class=\"wp-image-3319\" style=\"width:50px;height:undefinedpx\"\/><\/figure>\n\n\n\n<p><strong><strong>A-vitamin \u2013 ett f\u00f6rsk\u00f6nande elixir<\/strong><\/strong><\/p>\n\n\n\n<p>A-vitamin \u00e4r en superhj\u00e4lte inom hudv\u00e5rd&nbsp;som f\u00f6rb\u00e4ttrar hudens struktur,&nbsp;motverkar&nbsp;oren hud och reducerar rynkor och solskador som t.ex. pigmentfl\u00e4ckar. A-vitamin f\u00f6rnyar, vitaliserar och befriar hudcellerna fr\u00e5n stress genom att tillf\u00f6ra fukt och fyllighet och&nbsp;f\u00f6rb\u00e4ttra hudens glow.&nbsp;Hydroxypinacolone Retinoate \u00e4r en&nbsp;unik&nbsp;formel av A-vitamin som \u00e4r mycket potent och samtidigt betydligt skonsammare mot huden \u00e4n andra formler av A-vitamin.<\/p>\n<\/div>\n<\/div>\n\n\n\n<div class=\"wp-block-columns is-layout-flex wp-container-core-columns-is-layout-28f84493 wp-block-columns-is-layout-flex\">\n<div class=\"wp-block-column is-layout-flow wp-block-column-is-layout-flow\">\n<figure class=\"wp-block-image size-large is-resized\"><img decoding=\"async\" src=\"https:\/\/luciacare.com\/wp-content\/uploads\/2021\/06\/Evitamin_gold-1.svg\" alt=\"\" class=\"wp-image-3007\" style=\"width:50px;height:undefinedpx\"\/><\/figure>\n\n\n\n<p><strong><strong>E-vitamin \u2013 en kraftfull antioxidant<\/strong><\/strong><\/p>\n\n\n\n<p>E-vitamin \u00e4r en naturlig och stark antioxidant som skyddar huden mot fria radikaler som skadar och bryter ner huden. E-vitamin har stor betydelse f\u00f6r v\u00e5r fettoms\u00e4ttning och finns d\u00e4rf\u00f6r ofta i v\u00e4xter som \u00e4r rika p\u00e5 om\u00e4ttade fettsyror. E-vitamin bidrar till att h\u00e5lla huden elastisk och smidig.<\/p>\n<\/div>\n\n\n\n<div class=\"wp-block-column is-layout-flow wp-block-column-is-layout-flow\">\n<figure class=\"wp-block-image size-large is-resized\"><img decoding=\"async\" width=\"813\" height=\"1024\" src=\"https:\/\/luciacare.com\/wp-content\/uploads\/2023\/09\/RA\u00b8gelse_gold-813x1024.png\" alt=\"\" class=\"wp-image-15600\" style=\"object-fit:cover;width:50px;height:82px\" srcset=\"https:\/\/luciacare.com\/wp-content\/uploads\/2023\/09\/RA\u00b8gelse_gold-813x1024.png 813w, https:\/\/luciacare.com\/wp-content\/uploads\/2023\/09\/RA\u00b8gelse_gold-1600x2015.png 1600w, https:\/\/luciacare.com\/wp-content\/uploads\/2023\/09\/RA\u00b8gelse_gold-238x300.png 238w, https:\/\/luciacare.com\/wp-content\/uploads\/2023\/09\/RA\u00b8gelse_gold.png 1763w\" sizes=\"(max-width: 813px) 100vw, 813px\" \/><\/figure>\n\n\n\n<p><strong>R\u00f6kelseolja \u2013 hudfr\u00e4mjande olja\u00a0<\/strong>Frankincense \u00e4r en eterisk olja med en intensiv och v\u00e4ldoftande r\u00f6kelseaktig arom. Oljan utvinns genom att destillera vatten\u00e5nga fr\u00e5n hartset fr\u00e5n Boswellia Carterii-tr\u00e4d som v\u00e4xer i Nordafrika och Mellan\u00f6stern. Den h\u00e4r eteriska oljan \u00e4r rik p\u00e5 antioxidanter och kliniskt aktiva terpenoider, \u00e4ven k\u00e4nda som boswellinsyror. Frankincense-oljan har en stark antiinflammatorisk effekt och adstringerande egenskaper. Det betyder att den lyfter och stramar upp, och d\u00e4rmed hj\u00e4lper oljan till att f\u00f6rebygga tecken p\u00e5 \u00e5ldrande. Samtidigt skyddar och regenererar oljan friska hudceller.<\/p>\n<\/div>\n<\/div>\n\n\n\n<div class=\"wp-block-columns is-layout-flex wp-container-core-columns-is-layout-28f84493 wp-block-columns-is-layout-flex\">\n<div class=\"wp-block-column is-layout-flow wp-block-column-is-layout-flow\">\n<figure class=\"wp-block-image size-full is-resized\"><img decoding=\"async\" width=\"283\" height=\"348\" src=\"https:\/\/luciacare.com\/wp-content\/uploads\/2023\/10\/Guld-klump_gold-835x1024-1.png\" alt=\"\" class=\"wp-image-15990\" style=\"object-fit:cover;width:50px;height:62px\" srcset=\"https:\/\/luciacare.com\/wp-content\/uploads\/2023\/10\/Guld-klump_gold-835x1024-1.png 283w, https:\/\/luciacare.com\/wp-content\/uploads\/2023\/10\/Guld-klump_gold-835x1024-1-244x300.png 244w\" sizes=\"(max-width: 283px) 100vw, 283px\" \/><\/figure>\n\n\n\n<p><strong>Guld, <em>Aurum<\/em><\/strong><\/p>\n\n\n\n<p>Guld \u00e4r en luxu\u00f6s, men inte ok\u00e4nd ingrediens inom hudv\u00e5rd. Guld \u00e4r k\u00e4nt f\u00f6r sina antiinflammatoriska effekter, vilka \u00e4r vetenskapligt dokumenterade. Faktum \u00e4r att guld under \u00e5rtionden har anv\u00e4nts som injektioner vid vissa former av reumatoid artrit. Inom den antroposofiska medicinen anv\u00e4ndes guld i olika behandlingar f\u00f6r sina balanserande och harmoniserande egenskaper.\u00a0<\/p>\n\n\n\n<p>N\u00e4r det handlar om hudv\u00e5rd \u00e4r 24 karat guld den renaste formen eftersom den best\u00e5r av 100 procent rent guld. \u00c4delmetallen har en uppljusande effekt p\u00e5 huden. F\u00f6rklaringen \u00e4r att guldpartiklarna reflekterar ljuset och g\u00f6r att huden f\u00e5r en gyllene lyster. Anledningen till att guld anv\u00e4nds i hudv\u00e5rdsprodukter \u00e4r f\u00f6r att ge huden ett str\u00e5lande utseende. \u00c4ven om det beh\u00f6vs mer forskning f\u00f6r att f\u00f6rst\u00e5 guldets fulla potential inom hudv\u00e5rden, har \u00e4delmetallen en f\u00f6rm\u00e5ga att ge huden en str\u00e5lande lyster av \u00e4dlaste karat.<\/p>\n<\/div>\n\n\n\n<div class=\"wp-block-column is-layout-flow wp-block-column-is-layout-flow\"><\/div>\n<\/div>\n<\/div>\n\n\n\n<p><\/p>\n","protected":false},"excerpt":{"rendered":"<p>Smaka p\u00e5 ordet. Man kan n\u00e4stan k\u00e4nna doften av det. Ett herbarium \u00e4r en samling av torkade, pressade v\u00e4xter eller v\u00e4xtdelar. I Lucia Cares herbarium belyser vi medicinalv\u00e4xternas historia. H\u00e4r kan du l\u00e4sa om de klassiska st\u00e4rkande medicinalv\u00e4xternas aktiva ingredienser och deras anv\u00e4ndning i Lucia Cares holistiska hudv\u00e5rdsserie. L\u00e4s om Lucia Cares medicinalv\u00e4xter och aktiva [&hellip;]<\/p>\n","protected":false},"author":3,"featured_media":0,"parent":0,"menu_order":0,"comment_status":"closed","ping_status":"closed","template":"","meta":{"_acf_changed":false,"site-sidebar-layout":"default","site-content-layout":"","ast-site-content-layout":"default","site-content-style":"default","site-sidebar-style":"default","ast-global-header-display":"","ast-banner-title-visibility":"","ast-main-header-display":"","ast-hfb-above-header-display":"","ast-hfb-below-header-display":"","ast-hfb-mobile-header-display":"","site-post-title":"","ast-breadcrumbs-content":"","ast-featured-img":"","footer-sml-layout":"","ast-disable-related-posts":"","theme-transparent-header-meta":"","adv-header-id-meta":"","stick-header-meta":"","header-above-stick-meta":"","header-main-stick-meta":"","header-below-stick-meta":"","astra-migrate-meta-layouts":"default","ast-page-background-enabled":"default","ast-page-background-meta":{"desktop":{"background-color":"var(--ast-global-color-4)","background-image":"","background-repeat":"repeat","background-position":"center center","background-size":"auto","background-attachment":"scroll","background-type":"","background-media":"","overlay-type":"","overlay-color":"","overlay-opacity":"","overlay-gradient":""},"tablet":{"background-color":"","background-image":"","background-repeat":"repeat","background-position":"center center","background-size":"auto","background-attachment":"scroll","background-type":"","background-media":"","overlay-type":"","overlay-color":"","overlay-opacity":"","overlay-gradient":""},"mobile":{"background-color":"","background-image":"","background-repeat":"repeat","background-position":"center center","background-size":"auto","background-attachment":"scroll","background-type":"","background-media":"","overlay-type":"","overlay-color":"","overlay-opacity":"","overlay-gradient":""}},"ast-content-background-meta":{"desktop":{"background-color":"var(--ast-global-color-5)","background-image":"","background-repeat":"repeat","background-position":"center center","background-size":"auto","background-attachment":"scroll","background-type":"","background-media":"","overlay-type":"","overlay-color":"","overlay-opacity":"","overlay-gradient":""},"tablet":{"background-color":"var(--ast-global-color-5)","background-image":"","background-repeat":"repeat","background-position":"center center","background-size":"auto","background-attachment":"scroll","background-type":"","background-media":"","overlay-type":"","overlay-color":"","overlay-opacity":"","overlay-gradient":""},"mobile":{"background-color":"var(--ast-global-color-5)","background-image":"","background-repeat":"repeat","background-position":"center center","background-size":"auto","background-attachment":"scroll","background-type":"","background-media":"","overlay-type":"","overlay-color":"","overlay-opacity":"","overlay-gradient":""}},"footnotes":""},"class_list":["post-2779","page","type-page","status-publish","hentry"],"acf":[],"_links":{"self":[{"href":"https:\/\/luciacare.com\/sv\/wp-json\/wp\/v2\/pages\/2779","targetHints":{"allow":["GET"]}}],"collection":[{"href":"https:\/\/luciacare.com\/sv\/wp-json\/wp\/v2\/pages"}],"about":[{"href":"https:\/\/luciacare.com\/sv\/wp-json\/wp\/v2\/types\/page"}],"author":[{"embeddable":true,"href":"https:\/\/luciacare.com\/sv\/wp-json\/wp\/v2\/users\/3"}],"replies":[{"embeddable":true,"href":"https:\/\/luciacare.com\/sv\/wp-json\/wp\/v2\/comments?post=2779"}],"version-history":[{"count":5,"href":"https:\/\/luciacare.com\/sv\/wp-json\/wp\/v2\/pages\/2779\/revisions"}],"predecessor-version":[{"id":16305,"href":"https:\/\/luciacare.com\/sv\/wp-json\/wp\/v2\/pages\/2779\/revisions\/16305"}],"wp:attachment":[{"href":"https:\/\/luciacare.com\/sv\/wp-json\/wp\/v2\/media?parent=2779"}],"curies":[{"name":"wp","href":"https:\/\/api.w.org\/{rel}","templated":true}]}}