{"id":2664,"date":"2021-06-21T11:16:00","date_gmt":"2021-06-21T09:16:00","guid":{"rendered":"https:\/\/luciacare.com\/det-vi-tror-paa\/"},"modified":"2026-04-29T21:10:49","modified_gmt":"2026-04-29T19:10:49","slug":"det-vi-tror-paa","status":"publish","type":"page","link":"https:\/\/luciacare.com\/sv\/det-vi-tror-paa\/","title":{"rendered":"V\u00e5ra v\u00e4rderingar"},"content":{"rendered":"\t\t<div data-elementor-type=\"wp-page\" data-elementor-id=\"2664\" class=\"elementor elementor-2664 elementor-977\" data-elementor-post-type=\"page\">\n\t\t\t\t<div class=\"has_ae_slider elementor-element elementor-element-247e34a e-flex e-con-boxed ae-bg-gallery-type-default e-con e-parent\" data-id=\"247e34a\" data-element_type=\"container\" data-e-type=\"container\" data-settings=\"{&quot;background_background&quot;:&quot;classic&quot;}\">\n\t\t\t\t\t<div class=\"e-con-inner\">\n\t\t\t\t\t<\/div>\n\t\t\t\t<\/div>\n\t\t<div class=\"has_ae_slider elementor-element elementor-element-5e095fd e-flex e-con-boxed ae-bg-gallery-type-default e-con e-parent\" data-id=\"5e095fd\" data-element_type=\"container\" data-e-type=\"container\" data-settings=\"{&quot;background_background&quot;:&quot;classic&quot;}\">\n\t\t\t\t\t<div class=\"e-con-inner\">\n\t\t<div class=\"has_ae_slider elementor-element elementor-element-10ab0c6 e-flex e-con-boxed ae-bg-gallery-type-default e-con e-child\" data-id=\"10ab0c6\" data-element_type=\"container\" data-e-type=\"container\" data-settings=\"{&quot;background_background&quot;:&quot;classic&quot;}\">\n\t\t\t\t\t<div class=\"e-con-inner\">\n\t\t\t\t<div class=\"elementor-element elementor-element-34f687f elementor-widget elementor-widget-heading\" data-id=\"34f687f\" data-element_type=\"widget\" data-e-type=\"widget\" data-widget_type=\"heading.default\">\n\t\t\t\t\t\t<div class=\"elementor-widget-container\">\n\t\t\t\t\t<h1 class=\"elementor-heading-title elementor-size-default\">Vad vi tror p\u00e5<\/h1>\t\t\t\t<\/div>\n\t\t\t\t<\/div>\n\t\t\t\t<div class=\"elementor-element elementor-element-3b67343 elementor-widget elementor-widget-text-editor\" data-id=\"3b67343\" data-element_type=\"widget\" data-e-type=\"widget\" data-widget_type=\"text-editor.default\">\n\t\t\t\t\t\t<div class=\"elementor-widget-container\">\n\t\t\t\t\t\t\t\t\t<p>P\u00e5 Lucia Care har vi den djupaste respekten f\u00f6r naturen. Den str\u00e4cker sig fr\u00e5n v\u00e4xternas rotn\u00e4t \u00e4nda upp till himlen, fr\u00e5n vilken allt levande s\u00f6ker ljus och vatten. Lucia Cares v\u00e4xtbaserade och holistiska hudv\u00e5rdsprodukter speglar denna respekt f\u00f6r den oskiljaktiga kopplingen mellan m\u00e4nniska och natur.<\/p>\n<p>K\u00e4rnan i Lucia Care<\/p>\n<p>Vi s\u00e4tter naturens rika flora p\u00e5 formel n\u00e4r vi behandlar v\u00e4xterna med respekt f\u00f6r deras h\u00f6gsta potential. Baserat p\u00e5 empiriska bevis v\u00e4ljer Nanna Kirkebjerg ut de medicinska \u00f6rterna och deras unika kombinationer i varje produkt. Ut\u00f6ver detta medicinska tillv\u00e4gag\u00e5ngss\u00e4tt \u00e4r det speciella med Lucia Care anv\u00e4ndningen av eteriska oljor.<\/p>\n<p>Tillsammans med v\u00e4xtextrakt \u00e4r de eteriska oljorna aktiva ingredienser med n\u00e4rande egenskaper f\u00f6r kropp och sj\u00e4l. De eteriska oljorna n\u00e5r d\u00e4rf\u00f6r mycket djupare \u00e4n doft.<\/p>\n\t\t\t\t\t\t\t\t<\/div>\n\t\t\t\t<\/div>\n\t\t\t\t\t<\/div>\n\t\t\t\t<\/div>\n\t\t\t\t\t<\/div>\n\t\t\t\t<\/div>\n\t\t<div class=\"has_ae_slider elementor-element elementor-element-245feedf e-flex e-con-boxed ae-bg-gallery-type-default e-con e-parent\" data-id=\"245feedf\" data-element_type=\"container\" data-e-type=\"container\">\n\t\t\t\t\t<div class=\"e-con-inner\">\n\t\t\t\t<div class=\"elementor-element elementor-element-02076e6 elementor-widget elementor-widget-heading\" data-id=\"02076e6\" data-element_type=\"widget\" data-e-type=\"widget\" data-widget_type=\"heading.default\">\n\t\t\t\t\t\t<div class=\"elementor-widget-container\">\n\t\t\t\t\t<h2 class=\"elementor-heading-title elementor-size-default\">Certifieringar<\/h2>\t\t\t\t<\/div>\n\t\t\t\t<\/div>\n\t\t\t\t<div class=\"elementor-element elementor-element-65dee57 elementor-widget elementor-widget-text-editor\" data-id=\"65dee57\" data-element_type=\"widget\" data-e-type=\"widget\" data-widget_type=\"text-editor.default\">\n\t\t\t\t\t\t<div class=\"elementor-widget-container\">\n\t\t\t\t\t\t\t\t\t<p>Varje produkt fr\u00e5n Lucia Care \u00e4r certifierad och utvecklad utifr\u00e5n h\u00e5llbara principer i samarbete med Dermapharm. Produkterna har erk\u00e4nda internationella certifieringar som du kan l\u00e4sa mer om h\u00e4r.<\/p>\n\t\t\t\t\t\t\t\t<\/div>\n\t\t\t\t<\/div>\n\t\t\t\t<div class=\"elementor-element elementor-element-6cc10f9 elementor-position-left elementor-vertical-align-middle elementor-widget elementor-widget-image-box\" data-id=\"6cc10f9\" data-element_type=\"widget\" data-e-type=\"widget\" data-widget_type=\"image-box.default\">\n\t\t\t\t\t\t<div class=\"elementor-widget-container\">\n\t\t\t\t\t<div class=\"elementor-image-box-wrapper\"><figure class=\"elementor-image-box-img\"><a href=\"https:\/\/www.ecocert.com\/en\/certification-detail\/natural-and-organic-cosmetics-cosmos\" target=\"_blank\" tabindex=\"-1\"><img decoding=\"async\" src=\"https:\/\/luciacare.com\/wp-content\/uploads\/2021\/06\/ECOCERTCosmos-Organic_Lucia-Green.svg\" class=\"attachment-full size-full wp-image-2665\" alt=\"\u00d8kologisk\" \/><\/a><\/figure><div class=\"elementor-image-box-content\"><h3 class=\"elementor-image-box-title\"><a href=\"https:\/\/www.ecocert.com\/en\/certification-detail\/natural-and-organic-cosmetics-cosmos\" target=\"_blank\">COSMOS Organic<\/a><\/h3><p class=\"elementor-image-box-description\">COSMOS \u00e4r en alleuropeisk certifiering av ekologiska kosmetiska produkter. COSMOS-m\u00e4rket visar att ingredienserna i den m\u00e4rkta produkten \u00e4r odlade ansvarsfullt och med respekt f\u00f6r milj\u00f6n. Det \u00e4r din garanti f\u00f6r att vi har st\u00e4llt h\u00f6ga krav vid val av r\u00e5varor, odling och ekologiskt inneh\u00e5ll.  F\u00f6r att f\u00e5 certifieringen m\u00e5ste minst 95 % av de v\u00e4xtbaserade ingredienserna vara ekologiska och de ekologiska ingredienserna m\u00e5ste utg\u00f6ra minst 20 % av produkten \u2013 10 % om produkten ska sk\u00f6ljas av. Ecocert \u00e4r ett certifieringsorgan f\u00f6r h\u00e5llbar utveckling.<\/p><\/div><\/div>\t\t\t\t<\/div>\n\t\t\t\t<\/div>\n\t\t\t\t<div class=\"elementor-element elementor-element-362ca30 elementor-position-left elementor-vertical-align-middle elementor-widget elementor-widget-image-box\" data-id=\"362ca30\" data-element_type=\"widget\" data-e-type=\"widget\" data-widget_type=\"image-box.default\">\n\t\t\t\t\t\t<div class=\"elementor-widget-container\">\n\t\t\t\t\t<div class=\"elementor-image-box-wrapper\"><figure class=\"elementor-image-box-img\"><a href=\"https:\/\/www.vegansociety.com\/your-business\/about-vegan-trademark\" target=\"_blank\" tabindex=\"-1\"><img decoding=\"async\" src=\"https:\/\/luciacare.com\/wp-content\/uploads\/2021\/06\/VeganTM_Lucia-Care-green.svg\" class=\"attachment-full size-full wp-image-2724\" alt=\"Vegan\" \/><\/a><\/figure><div class=\"elementor-image-box-content\"><h3 class=\"elementor-image-box-title\"><a href=\"https:\/\/www.vegansociety.com\/your-business\/about-vegan-trademark\" target=\"_blank\">Vegan Trademark<\/a><\/h3><p class=\"elementor-image-box-description\">De flesta Lucia Care-produkterna \u00e4r certifierade med m\u00e4rket Vegan Trademark. Det \u00e4r din garanti f\u00f6r att Lucia Cares produkter inte inneh\u00e5ller animaliska ingredienser och inte har testats p\u00e5 djur.<\/p><\/div><\/div>\t\t\t\t<\/div>\n\t\t\t\t<\/div>\n\t\t\t\t\t<\/div>\n\t\t\t\t<\/div>\n\t\t<div class=\"has_ae_slider elementor-element elementor-element-390b34f e-flex e-con-boxed ae-bg-gallery-type-default e-con e-parent\" data-id=\"390b34f\" data-element_type=\"container\" data-e-type=\"container\">\n\t\t\t\t\t<div class=\"e-con-inner\">\n\t\t<div class=\"has_ae_slider elementor-element elementor-element-f2a50bc e-flex e-con-boxed ae-bg-gallery-type-default e-con e-child\" data-id=\"f2a50bc\" data-element_type=\"container\" data-e-type=\"container\" data-settings=\"{&quot;background_background&quot;:&quot;classic&quot;}\">\n\t\t\t\t\t<div class=\"e-con-inner\">\n\t\t\t\t<div class=\"elementor-element elementor-element-76531b7 elementor-widget elementor-widget-heading\" data-id=\"76531b7\" data-element_type=\"widget\" data-e-type=\"widget\" data-widget_type=\"heading.default\">\n\t\t\t\t\t\t<div class=\"elementor-widget-container\">\n\t\t\t\t\t<h2 class=\"elementor-heading-title elementor-size-default\">Varf\u00f6r \u00e4r Lucia Care inte Svanenm\u00e4rkt?<\/h2>\t\t\t\t<\/div>\n\t\t\t\t<\/div>\n\t\t\t\t<div class=\"elementor-element elementor-element-da8f3cb elementor-widget elementor-widget-text-editor\" data-id=\"da8f3cb\" data-element_type=\"widget\" data-e-type=\"widget\" data-widget_type=\"text-editor.default\">\n\t\t\t\t\t\t<div class=\"elementor-widget-container\">\n\t\t\t\t\t\t\t\t\t<p>Lucia Care \u00e4r inte Svanenm\u00e4rkt eftersom vi har valt att anv\u00e4nda potenta ekologiska medicinalv\u00e4xter som inneh\u00e5ller eteriska oljor. Dessa oljor har viktiga hudv\u00e5rdande egenskaper och inneh\u00e5ller naturligt n\u00e5gra av de doft\u00e4mnen som ska deklareras.<\/p>\n<p>Vi \u00e4r alltid redo att ber\u00e4tta mer om v\u00e5ra certifieringar. Om du har n\u00e5gra fr\u00e5gor om det h\u00e4r kontakta: info@luciacare.com<\/p>\n\t\t\t\t\t\t\t\t<\/div>\n\t\t\t\t<\/div>\n\t\t\t\t<div class=\"elementor-element elementor-element-2bd4f64 elementor-align-center elementor-widget elementor-widget-button\" data-id=\"2bd4f64\" data-element_type=\"widget\" data-e-type=\"widget\" data-widget_type=\"button.default\">\n\t\t\t\t\t\t<div class=\"elementor-widget-container\">\n\t\t\t\t\t\t\t\t\t<div class=\"elementor-button-wrapper\">\n\t\t\t\t\t<a class=\"elementor-button elementor-button-link elementor-size-sm\" href=\"https:\/\/luciacare.com\/sv\/herbarium\/\">\n\t\t\t\t\t\t<span class=\"elementor-button-content-wrapper\">\n\t\t\t\t\t\t\t\t\t<span class=\"elementor-button-text\">L\u00e4s om de medicinalv\u00e4xter och aktiva ingredienser vi anv\u00e4nder<\/span>\n\t\t\t\t\t<\/span>\n\t\t\t\t\t<\/a>\n\t\t\t\t<\/div>\n\t\t\t\t\t\t\t\t<\/div>\n\t\t\t\t<\/div>\n\t\t\t\t\t<\/div>\n\t\t\t\t<\/div>\n\t\t\t\t\t<\/div>\n\t\t\t\t<\/div>\n\t\t<div class=\"has_ae_slider elementor-element elementor-element-3b03caa e-flex e-con-boxed ae-bg-gallery-type-default e-con e-parent\" data-id=\"3b03caa\" data-element_type=\"container\" data-e-type=\"container\">\n\t\t\t\t\t<div class=\"e-con-inner\">\n\t\t\t\t<div class=\"elementor-element elementor-element-cdeb71e elementor-widget elementor-widget-heading\" data-id=\"cdeb71e\" data-element_type=\"widget\" data-e-type=\"widget\" data-widget_type=\"heading.default\">\n\t\t\t\t\t\t<div class=\"elementor-widget-container\">\n\t\t\t\t\t<h2 class=\"elementor-heading-title elementor-size-default\">Gr\u00f6n b\u00e5de utanp\u00e5 och inuti<\/h2>\t\t\t\t<\/div>\n\t\t\t\t<\/div>\n\t\t\t\t<div class=\"elementor-element elementor-element-970fc43 elementor-widget elementor-widget-text-editor\" data-id=\"970fc43\" data-element_type=\"widget\" data-e-type=\"widget\" data-widget_type=\"text-editor.default\">\n\t\t\t\t\t\t<div class=\"elementor-widget-container\">\n\t\t\t\t\t\t\t\t\t<p>Det \u00e4r en av Lucia Cares grundstenar att str\u00e4va efter den h\u00f6gsta graden av h\u00e5llbarhet.<\/p>\n\t\t\t\t\t\t\t\t<\/div>\n\t\t\t\t<\/div>\n\t\t\t\t<div class=\"elementor-element elementor-element-d28865a elementor-widget elementor-widget-image\" data-id=\"d28865a\" data-element_type=\"widget\" data-e-type=\"widget\" data-widget_type=\"image.default\">\n\t\t\t\t\t\t<div class=\"elementor-widget-container\">\n\t\t\t\t\t\t\t\t\t\t\t\t\t\t\t<img fetchpriority=\"high\" decoding=\"async\" width=\"1024\" height=\"938\" src=\"https:\/\/luciacare.com\/wp-content\/uploads\/2022\/08\/Family_narrow-web-1024x938.png\" class=\"attachment-large size-large wp-image-11503\" alt=\"\" srcset=\"https:\/\/luciacare.com\/wp-content\/uploads\/2022\/08\/Family_narrow-web-1024x938.png 1024w, https:\/\/luciacare.com\/wp-content\/uploads\/2022\/08\/Family_narrow-web-300x275.png 300w, https:\/\/luciacare.com\/wp-content\/uploads\/2022\/08\/Family_narrow-web-600x550.png 600w, https:\/\/luciacare.com\/wp-content\/uploads\/2022\/08\/Family_narrow-web.png 1181w\" sizes=\"(max-width: 1024px) 100vw, 1024px\" \/>\t\t\t\t\t\t\t\t\t\t\t\t\t\t\t<\/div>\n\t\t\t\t<\/div>\n\t\t\t\t<div class=\"elementor-element elementor-element-3249196 elementor-widget elementor-widget-spacer\" data-id=\"3249196\" data-element_type=\"widget\" data-e-type=\"widget\" data-widget_type=\"spacer.default\">\n\t\t\t\t\t\t<div class=\"elementor-widget-container\">\n\t\t\t\t\t\t\t<div class=\"elementor-spacer\">\n\t\t\t<div class=\"elementor-spacer-inner\"><\/div>\n\t\t<\/div>\n\t\t\t\t\t\t<\/div>\n\t\t\t\t<\/div>\n\t\t\t\t<div class=\"elementor-element elementor-element-eca33fa elementor-align-center elementor-widget elementor-widget-button\" data-id=\"eca33fa\" data-element_type=\"widget\" data-e-type=\"widget\" data-widget_type=\"button.default\">\n\t\t\t\t\t\t<div class=\"elementor-widget-container\">\n\t\t\t\t\t\t\t\t\t<div class=\"elementor-button-wrapper\">\n\t\t\t\t\t<a class=\"elementor-button elementor-button-link elementor-size-sm\" href=\"https:\/\/luciacare.com\/sv\/shop-2\/\">\n\t\t\t\t\t\t<span class=\"elementor-button-content-wrapper\">\n\t\t\t\t\t\t\t\t\t<span class=\"elementor-button-text\">G\u00e5 till webshopen<\/span>\n\t\t\t\t\t<\/span>\n\t\t\t\t\t<\/a>\n\t\t\t\t<\/div>\n\t\t\t\t\t\t\t\t<\/div>\n\t\t\t\t<\/div>\n\t\t\t\t\t<\/div>\n\t\t\t\t<\/div>\n\t\t<div class=\"has_ae_slider elementor-element elementor-element-55bb118 e-flex e-con-boxed ae-bg-gallery-type-default e-con e-parent\" data-id=\"55bb118\" data-element_type=\"container\" data-e-type=\"container\">\n\t\t\t\t\t<div class=\"e-con-inner\">\n\t\t<div class=\"has_ae_slider elementor-element elementor-element-6ea1849 e-con-full e-flex ae-bg-gallery-type-default e-con e-child\" data-id=\"6ea1849\" data-element_type=\"container\" data-e-type=\"container\">\n\t\t\t\t<div class=\"elementor-element elementor-element-b235754 elementor-widget elementor-widget-heading\" data-id=\"b235754\" data-element_type=\"widget\" data-e-type=\"widget\" data-widget_type=\"heading.default\">\n\t\t\t\t\t\t<div class=\"elementor-widget-container\">\n\t\t\t\t\t<h3 class=\"elementor-heading-title elementor-size-default\">Gr\u00f6n hudv\u00e5rdsrutin<\/h3>\t\t\t\t<\/div>\n\t\t\t\t<\/div>\n\t\t\t\t<div class=\"elementor-element elementor-element-09095db elementor-widget elementor-widget-text-editor\" data-id=\"09095db\" data-element_type=\"widget\" data-e-type=\"widget\" data-widget_type=\"text-editor.default\">\n\t\t\t\t\t\t<div class=\"elementor-widget-container\">\n\t\t\t\t\t\t\t\t\t<p>Lucia Cares produkter utg\u00f6r ett holistiskt universum med flera multiprodukter. Genom att anv\u00e4nda samma produkt till t.ex. ansikte och kropp kan du g\u00f6ra din hudv\u00e5rd gr\u00f6nare, enklare och milj\u00f6v\u00e4nligare. Lucia Cares produkter utm\u00e4rker sig ocks\u00e5 genom att ha en unisex doft och kan anv\u00e4ndas av hela familjen.<\/p>\n\t\t\t\t\t\t\t\t<\/div>\n\t\t\t\t<\/div>\n\t\t\t\t<\/div>\n\t\t<div class=\"has_ae_slider elementor-element elementor-element-972885d e-con-full e-flex ae-bg-gallery-type-default e-con e-child\" data-id=\"972885d\" data-element_type=\"container\" data-e-type=\"container\">\n\t\t\t\t<div class=\"elementor-element elementor-element-27fa66e elementor-widget elementor-widget-heading\" data-id=\"27fa66e\" data-element_type=\"widget\" data-e-type=\"widget\" data-widget_type=\"heading.default\">\n\t\t\t\t\t\t<div class=\"elementor-widget-container\">\n\t\t\t\t\t<h3 class=\"elementor-heading-title elementor-size-default\">\u00c5tervunnen plast och glas<\/h3>\t\t\t\t<\/div>\n\t\t\t\t<\/div>\n\t\t\t\t<div class=\"elementor-element elementor-element-33596c3 elementor-widget elementor-widget-text-editor\" data-id=\"33596c3\" data-element_type=\"widget\" data-e-type=\"widget\" data-widget_type=\"text-editor.default\">\n\t\t\t\t\t\t<div class=\"elementor-widget-container\">\n\t\t\t\t\t\t\t\t\t<p>V\u00e5r resa mot h\u00e5llbarhet tar aldrig slut. Det avspeglar sig ocks\u00e5 i v\u00e5ra f\u00f6rpackningar som i s\u00e5 h\u00f6g grad som m\u00f6jligt produceras av glas och \u00e5tervunnen plast. Alla v\u00e5ra kartonger \u00e4r tillverkade av returpapper och allt emballage kan \u00e5tervinnas.<\/p>\n\t\t\t\t\t\t\t\t<\/div>\n\t\t\t\t<\/div>\n\t\t\t\t<\/div>\n\t\t\t\t\t<\/div>\n\t\t\t\t<\/div>\n\t\t\t\t<\/div>\n\t\t","protected":false},"excerpt":{"rendered":"<p>Vad vi tror p\u00e5 P\u00e5 Lucia Care har vi den djupaste respekten f\u00f6r naturen. Den str\u00e4cker sig fr\u00e5n v\u00e4xternas rotn\u00e4t \u00e4nda upp till himlen, fr\u00e5n vilken allt levande s\u00f6ker ljus och vatten. Lucia Cares v\u00e4xtbaserade och holistiska hudv\u00e5rdsprodukter speglar denna respekt f\u00f6r den oskiljaktiga kopplingen mellan m\u00e4nniska och natur. K\u00e4rnan i Lucia Care Vi s\u00e4tter [&hellip;]<\/p>\n","protected":false},"author":3,"featured_media":0,"parent":0,"menu_order":0,"comment_status":"closed","ping_status":"closed","template":"","meta":{"_acf_changed":false,"site-sidebar-layout":"default","site-content-layout":"","ast-site-content-layout":"default","site-content-style":"default","site-sidebar-style":"default","ast-global-header-display":"","ast-banner-title-visibility":"","ast-main-header-display":"","ast-hfb-above-header-display":"","ast-hfb-below-header-display":"","ast-hfb-mobile-header-display":"","site-post-title":"","ast-breadcrumbs-content":"","ast-featured-img":"","footer-sml-layout":"","ast-disable-related-posts":"","theme-transparent-header-meta":"","adv-header-id-meta":"","stick-header-meta":"","header-above-stick-meta":"","header-main-stick-meta":"","header-below-stick-meta":"","astra-migrate-meta-layouts":"default","ast-page-background-enabled":"default","ast-page-background-meta":{"desktop":{"background-color":"var(--ast-global-color-4)","background-image":"","background-repeat":"repeat","background-position":"center center","background-size":"auto","background-attachment":"scroll","background-type":"","background-media":"","overlay-type":"","overlay-color":"","overlay-opacity":"","overlay-gradient":""},"tablet":{"background-color":"","background-image":"","background-repeat":"repeat","background-position":"center center","background-size":"auto","background-attachment":"scroll","background-type":"","background-media":"","overlay-type":"","overlay-color":"","overlay-opacity":"","overlay-gradient":""},"mobile":{"background-color":"","background-image":"","background-repeat":"repeat","background-position":"center center","background-size":"auto","background-attachment":"scroll","background-type":"","background-media":"","overlay-type":"","overlay-color":"","overlay-opacity":"","overlay-gradient":""}},"ast-content-background-meta":{"desktop":{"background-color":"var(--ast-global-color-5)","background-image":"","background-repeat":"repeat","background-position":"center center","background-size":"auto","background-attachment":"scroll","background-type":"","background-media":"","overlay-type":"","overlay-color":"","overlay-opacity":"","overlay-gradient":""},"tablet":{"background-color":"var(--ast-global-color-5)","background-image":"","background-repeat":"repeat","background-position":"center center","background-size":"auto","background-attachment":"scroll","background-type":"","background-media":"","overlay-type":"","overlay-color":"","overlay-opacity":"","overlay-gradient":""},"mobile":{"background-color":"var(--ast-global-color-5)","background-image":"","background-repeat":"repeat","background-position":"center center","background-size":"auto","background-attachment":"scroll","background-type":"","background-media":"","overlay-type":"","overlay-color":"","overlay-opacity":"","overlay-gradient":""}},"footnotes":""},"class_list":["post-2664","page","type-page","status-publish","hentry"],"acf":[],"_links":{"self":[{"href":"https:\/\/luciacare.com\/sv\/wp-json\/wp\/v2\/pages\/2664","targetHints":{"allow":["GET"]}}],"collection":[{"href":"https:\/\/luciacare.com\/sv\/wp-json\/wp\/v2\/pages"}],"about":[{"href":"https:\/\/luciacare.com\/sv\/wp-json\/wp\/v2\/types\/page"}],"author":[{"embeddable":true,"href":"https:\/\/luciacare.com\/sv\/wp-json\/wp\/v2\/users\/3"}],"replies":[{"embeddable":true,"href":"https:\/\/luciacare.com\/sv\/wp-json\/wp\/v2\/comments?post=2664"}],"version-history":[{"count":8,"href":"https:\/\/luciacare.com\/sv\/wp-json\/wp\/v2\/pages\/2664\/revisions"}],"predecessor-version":[{"id":36717,"href":"https:\/\/luciacare.com\/sv\/wp-json\/wp\/v2\/pages\/2664\/revisions\/36717"}],"wp:attachment":[{"href":"https:\/\/luciacare.com\/sv\/wp-json\/wp\/v2\/media?parent=2664"}],"curies":[{"name":"wp","href":"https:\/\/api.w.org\/{rel}","templated":true}]}}