{"id":5129,"date":"2022-04-06T11:18:59","date_gmt":"2022-04-06T09:18:59","guid":{"rendered":"https:\/\/luciacare.com\/?post_type=product&#038;p=5129"},"modified":"2022-04-06T14:16:31","modified_gmt":"2022-04-06T12:16:31","slug":"waterfall-gratis","status":"publish","type":"product","link":"https:\/\/luciacare.com\/no\/vare\/waterfall-gratis\/","title":{"rendered":"Waterfall (Free)"},"content":{"rendered":"<p style=\"text-align: center;\"><strong>til krop, h\u00e6nder, ansigt og h\u00e5r<\/strong><\/p>\n<p style=\"text-align: center;\"><span style=\"font-weight: 400;\">Creamy Soft Cleanser er en bl\u00f8d cremet s\u00e6be beriget med regenererende l\u00e6geurter samt aloe vera og solsikkeolie for<\/span><span style=\"font-weight: 400;\"> ekstra n\u00e6rende og fugtbevarende pleje af hud og h\u00e5r.<\/span><span style=\"font-weight: 400;\"> Den silkebl\u00f8de creme skummer op i et bl\u00f8dt og t\u00e6t skum og renser n\u00e6nsomt for snavs og urenheder og efterlader din hud bl\u00f8d og glat. <\/span><span style=\"font-weight: 400;\">S\u00e6bens fugtbevarende og bl\u00f8dg\u00f8rende egenskaber modvirker t\u00f8rhed, forebygger udvikling af kl\u00f8e samt neds\u00e6tter behovet for efterf\u00f8lgende fugtpleje.<\/span><\/p>\n","protected":false},"excerpt":{"rendered":"<p>til krop, h\u00e6nder, ansigt og h\u00e5r Creamy Soft Cleanser er en bl\u00f8d cremet s\u00e6be beriget med regenererende l\u00e6geurter samt aloe vera og solsikkeolie for ekstra n\u00e6rende og fugtbevarende pleje af hud og h\u00e5r. Den silkebl\u00f8de creme skummer op i et bl\u00f8dt og t\u00e6t skum og renser n\u00e6nsomt for snavs og urenheder og efterlader din hud [&hellip;]<\/p>\n","protected":false},"featured_media":5062,"comment_status":"open","ping_status":"closed","template":"","meta":{"_acf_changed":false,"site-sidebar-layout":"default","site-content-layout":"","ast-site-content-layout":"default","site-content-style":"default","site-sidebar-style":"default","ast-global-header-display":"","ast-banner-title-visibility":"","ast-main-header-display":"","ast-hfb-above-header-display":"","ast-hfb-below-header-display":"","ast-hfb-mobile-header-display":"","site-post-title":"","ast-breadcrumbs-content":"","ast-featured-img":"","footer-sml-layout":"","ast-disable-related-posts":"","theme-transparent-header-meta":"","adv-header-id-meta":"","stick-header-meta":"","header-above-stick-meta":"","header-main-stick-meta":"","header-below-stick-meta":"","astra-migrate-meta-layouts":"default","ast-page-background-enabled":"default","ast-page-background-meta":{"desktop":{"background-color":"var(--ast-global-color-4)","background-image":"","background-repeat":"repeat","background-position":"center center","background-size":"auto","background-attachment":"scroll","background-type":"","background-media":"","overlay-type":"","overlay-color":"","overlay-opacity":"","overlay-gradient":""},"tablet":{"background-color":"","background-image":"","background-repeat":"repeat","background-position":"center center","background-size":"auto","background-attachment":"scroll","background-type":"","background-media":"","overlay-type":"","overlay-color":"","overlay-opacity":"","overlay-gradient":""},"mobile":{"background-color":"","background-image":"","background-repeat":"repeat","background-position":"center center","background-size":"auto","background-attachment":"scroll","background-type":"","background-media":"","overlay-type":"","overlay-color":"","overlay-opacity":"","overlay-gradient":""}},"ast-content-background-meta":{"desktop":{"background-color":"var(--ast-global-color-5)","background-image":"","background-repeat":"repeat","background-position":"center center","background-size":"auto","background-attachment":"scroll","background-type":"","background-media":"","overlay-type":"","overlay-color":"","overlay-opacity":"","overlay-gradient":""},"tablet":{"background-color":"var(--ast-global-color-5)","background-image":"","background-repeat":"repeat","background-position":"center center","background-size":"auto","background-attachment":"scroll","background-type":"","background-media":"","overlay-type":"","overlay-color":"","overlay-opacity":"","overlay-gradient":""},"mobile":{"background-color":"var(--ast-global-color-5)","background-image":"","background-repeat":"repeat","background-position":"center center","background-size":"auto","background-attachment":"scroll","background-type":"","background-media":"","overlay-type":"","overlay-color":"","overlay-opacity":"","overlay-gradient":""}}},"product_brand":[],"product_cat":[262],"product_tag":[],"class_list":{"0":"post-5129","1":"product","2":"type-product","3":"status-publish","4":"has-post-thumbnail","6":"product_cat-sample-no","7":"desktop-align-left","8":"tablet-align-left","9":"mobile-align-left","11":"first","12":"instock","13":"taxable","14":"shipping-taxable","15":"purchasable","16":"product-type-simple"},"bundled_by":[],"bundle_stock_status":"instock","bundle_stock_quantity":null,"bundle_virtual":false,"bundle_layout":"","bundle_add_to_cart_form_location":"","bundle_editable_in_cart":false,"bundle_sold_individually_context":"","bundle_item_grouping":"","bundle_min_size":"","bundle_max_size":"","bundle_price":[],"bundled_items":[],"bundle_sell_ids":[],"acf":[],"_links":{"self":[{"href":"https:\/\/luciacare.com\/no\/wp-json\/wp\/v2\/product\/5129","targetHints":{"allow":["GET"]}}],"collection":[{"href":"https:\/\/luciacare.com\/no\/wp-json\/wp\/v2\/product"}],"about":[{"href":"https:\/\/luciacare.com\/no\/wp-json\/wp\/v2\/types\/product"}],"replies":[{"embeddable":true,"href":"https:\/\/luciacare.com\/no\/wp-json\/wp\/v2\/comments?post=5129"}],"version-history":[{"count":0,"href":"https:\/\/luciacare.com\/no\/wp-json\/wp\/v2\/product\/5129\/revisions"}],"wp:featuredmedia":[{"embeddable":true,"href":"https:\/\/luciacare.com\/no\/wp-json\/wp\/v2\/media\/5062"}],"wp:attachment":[{"href":"https:\/\/luciacare.com\/no\/wp-json\/wp\/v2\/media?parent=5129"}],"wp:term":[{"taxonomy":"product_brand","embeddable":true,"href":"https:\/\/luciacare.com\/no\/wp-json\/wp\/v2\/product_brand?post=5129"},{"taxonomy":"product_cat","embeddable":true,"href":"https:\/\/luciacare.com\/no\/wp-json\/wp\/v2\/product_cat?post=5129"},{"taxonomy":"product_tag","embeddable":true,"href":"https:\/\/luciacare.com\/no\/wp-json\/wp\/v2\/product_tag?post=5129"}],"curies":[{"name":"wp","href":"https:\/\/api.w.org\/{rel}","templated":true}]}}