{"id":2498,"date":"2021-05-17T11:22:55","date_gmt":"2021-05-17T09:22:55","guid":{"rendered":"https:\/\/luciacare.com\/herbarium\/"},"modified":"2023-10-24T14:14:21","modified_gmt":"2023-10-24T12:14:21","slug":"herbarium-old","status":"publish","type":"page","link":"https:\/\/luciacare.com\/no\/herbarium-old\/","title":{"rendered":"Herbarium"},"content":{"rendered":"\n<div class=\"wp-block-cover alignfull is-light\" style=\"min-height:450px;aspect-ratio:unset;\"><span aria-hidden=\"true\" class=\"wp-block-cover__background has-background-dim-0 has-background-dim\"><\/span><img fetchpriority=\"high\" decoding=\"async\" width=\"2000\" height=\"724\" class=\"wp-block-cover__image-background wp-image-1506\" alt=\"\" src=\"https:\/\/luciacare.com\/wp-content\/uploads\/2021\/06\/Herbariumheader-3.jpg\" style=\"object-position:6% 23%\" data-object-fit=\"cover\" data-object-position=\"6% 23%\" srcset=\"https:\/\/luciacare.com\/wp-content\/uploads\/2021\/06\/Herbariumheader-3.jpg 2000w, https:\/\/luciacare.com\/wp-content\/uploads\/2021\/06\/Herbariumheader-3-1600x579.jpg 1600w, https:\/\/luciacare.com\/wp-content\/uploads\/2021\/06\/Herbariumheader-3-600x217.jpg 600w, https:\/\/luciacare.com\/wp-content\/uploads\/2021\/06\/Herbariumheader-3-768x278.jpg 768w, https:\/\/luciacare.com\/wp-content\/uploads\/2021\/06\/Herbariumheader-3-1024x371.jpg 1024w, https:\/\/luciacare.com\/wp-content\/uploads\/2021\/06\/Herbariumheader-3-1536x556.jpg 1536w, https:\/\/luciacare.com\/wp-content\/uploads\/2021\/06\/Herbariumheader-3-300x109.jpg 300w, https:\/\/luciacare.com\/wp-content\/uploads\/2021\/06\/Herbariumheader-3-1568x568.jpg 1568w, https:\/\/luciacare.com\/wp-content\/uploads\/2021\/06\/Herbariumheader-3-450x163.jpg 450w\" sizes=\"(max-width: 2000px) 100vw, 2000px\" \/><div class=\"wp-block-cover__inner-container is-layout-flow wp-block-cover-is-layout-flow\">\n<p class=\"has-text-align-center has-large-font-size\"><\/p>\n<\/div><\/div>\n\n\n\n<div class=\"wp-block-group he--header has-white-color has-primary-green-background-color has-text-color has-background is-layout-constrained wp-container-core-group-is-layout-4f9f0532 wp-block-group-is-layout-constrained\">\n<figure class=\"wp-block-image aligncenter size-full is-resized\"><img decoding=\"async\" src=\"https:\/\/luciacare.com\/wp-content\/uploads\/2021\/05\/Herbarium_logo_white.svg\" alt=\"\" class=\"wp-image-227\" style=\"width:300px;height:undefinedpx\"\/><\/figure>\n\n\n\n<div style=\"height:50px\" aria-hidden=\"true\" class=\"wp-block-spacer\"><\/div>\n\n\n\n<p class=\"has-text-align-center\">Smak p\u00e5 ordet. Du kan nesten dufte det.<\/p>\n\n\n\n<p class=\"has-text-align-center\">Herba betyr urt, og arium betyr en samling av t\u00f8rkede og pressede planter eller plantedeler. I Lucia Cares herbarium setter vi fokus p\u00e5 medisinplanters historie. Her kan du lese om de&nbsp; klassisk styrkende urtemedisiners aktive innholdsstoffer og deres anvendelse i Lucia Cares holistiske hudpleieserie.<\/p>\n\n\n\n<p><\/p>\n<\/div>\n\n\n\n<h2 class=\"wp-block-heading has-text-align-center\">Les om Lucia Cares urtemedisiner og aktive ingredienser&nbsp;<\/h2>\n\n\n\n\n\n<div class=\"wp-block-buttons is-horizontal is-content-justification-center is-layout-flex wp-container-core-buttons-is-layout-03627597 wp-block-buttons-is-layout-flex\">\n<div class=\"wp-block-button\"><a class=\"wp-block-button__link no-border-radius wp-element-button\" href=\"https:\/\/luciacare.com\/no\/natural-skincare\/\">L\u00e6s mere om planternes effekt i vores produkter<\/a><\/div>\n<\/div>\n\n\n\n<div class=\"wp-block-group alignfull other_ingredients has-background is-layout-constrained wp-block-group-is-layout-constrained\" style=\"background-color:#e7eae9\">\n<h2 class=\"wp-block-heading has-text-align-center\" id=\"aktiveingredienser\">Rene, aktive ingredienser i Lucia Care<\/h2>\n\n\n\n<div class=\"wp-block-columns is-layout-flex wp-container-core-columns-is-layout-28f84493 wp-block-columns-is-layout-flex\">\n<div class=\"wp-block-column is-layout-flow wp-block-column-is-layout-flow\">\n<figure class=\"wp-block-image size-large is-resized\"><img decoding=\"async\" src=\"https:\/\/luciacare.com\/wp-content\/uploads\/2021\/06\/hyaluronsyre_gold.svg\" alt=\"\" class=\"wp-image-3324\" style=\"width:50px;height:undefinedpx\"\/><\/figure>\n\n\n\n<p class=\"has-text-align-left\"><strong><strong><strong><strong><strong>Hyaluronsyre \u2013 naturens egen fuktighetsmester<\/strong><\/strong><\/strong><\/strong><\/strong><\/p>\n\n\n\n<p class=\"has-text-align-left\">Hyaluronsyre er en naturlig del av kroppens bindevev i bl.a. hud, ledd og \u00f8yne, men med alderen faller kroppens niv\u00e5 av hyaluronsyre. Hyaluronsyren binder fukt i hudens intracellul\u00e6re struktur. Den er naturens eget \u00abanti ageing\u00bb-middel, og dens uovertrufne egenskap til \u00e5 tiltrekke fuktighet sikrer en friskere, glattere og bl\u00f8tere hud med \u00f8kt elastisitet og en reduksjon av rynker.<\/p>\n<\/div>\n\n\n\n<div class=\"wp-block-column is-layout-flow wp-block-column-is-layout-flow\">\n<figure class=\"wp-block-image size-large is-resized\"><img decoding=\"async\" src=\"https:\/\/luciacare.com\/wp-content\/uploads\/2021\/06\/Mandelolie_gold.svg\" alt=\"\" class=\"wp-image-3327\" style=\"width:50px;height:undefinedpx\"\/><\/figure>\n\n\n\n<p class=\"has-text-align-left\"><strong><strong><strong>Mandelolje \u2013 en E-vitaminbombe<\/strong><\/strong><\/strong><\/p>\n\n\n\n<p class=\"has-text-align-left\">Mandelolje har h\u00f8yt innhold av umettede fettsyrer, bl.a. den essensielle linolsyren (GLA) som sikrer at oljen trenger dypere inn i huden. Mandelolje inneholder vitamin A, B og E, mineraler som kalsium, magnesium, kalium og sink. Mandelolje har en fuktighetsgivende og mykgj\u00f8rende effekt, og gir n\u00e6ring til huden. Den er velegnet til sensitiv og t\u00f8rr hud p\u00e5 grunn av sine milde hudpleieegenskaper.<\/p>\n<\/div>\n<\/div>\n\n\n\n<div class=\"wp-block-columns is-layout-flex wp-container-core-columns-is-layout-28f84493 wp-block-columns-is-layout-flex\">\n<div class=\"wp-block-column is-layout-flow wp-block-column-is-layout-flow\">\n<figure class=\"wp-block-image size-large is-resized\"><img decoding=\"async\" src=\"https:\/\/luciacare.com\/wp-content\/uploads\/2021\/06\/Olivenolie_gold-1.svg\" alt=\"\" class=\"wp-image-3121\" style=\"width:50px;height:undefinedpx\"\/><\/figure>\n\n\n\n<p><strong><strong><strong>Olivenolje \u2013 de gylne dr\u00e5per<\/strong><\/strong><\/strong><\/p>\n\n\n\n<p>Olivenolje utvinnes av steinfruktene fra oliventreet og har et naturlig h\u00f8yt innhold av de gode umettede fettsyrer som linolensyre (GLA) og inneholder en gruppe av antioksidanter, polyfenoler, som har en helsebringende effekt. Olivenoljen bl\u00f8tgj\u00f8r og tilf\u00f8rer huden fuktighet og smidighet. Den styrker hudens naturlige elastisitet og gir den en str\u00e5lende gl\u00f8d.<\/p>\n<\/div>\n\n\n\n<div class=\"wp-block-column is-layout-flow wp-block-column-is-layout-flow\">\n<figure class=\"wp-block-image size-large is-resized\"><img decoding=\"async\" src=\"https:\/\/luciacare.com\/wp-content\/uploads\/2021\/06\/Solsikke_icon_gold-1.svg\" alt=\"\" class=\"wp-image-3123\" style=\"width:50px;height:undefinedpx\"\/><\/figure>\n\n\n\n<p><strong><strong><strong>Solsikkeolje \u2013 lysets olje<\/strong><\/strong><\/strong><\/p>\n\n\n\n<p>Solsikkeolje utvinnes av solsikkefr\u00f8. Den er symbol p\u00e5 varme og lys. Oljen har h\u00f8yt innhold av vitamin A, D og E. Den er rik p\u00e5 lecitin og umettede fettsyrer, hvilket gj\u00f8r at den gir n\u00e6ring til og virker pleiende for hud og h\u00e5r. Solsikkeolje mykner huden og danner et beskyttende lag som bidrar til \u00e5 holde p\u00e5 fuktigheten.<\/p>\n<\/div>\n<\/div>\n\n\n\n<div class=\"wp-block-columns is-layout-flex wp-container-core-columns-is-layout-28f84493 wp-block-columns-is-layout-flex\">\n<div class=\"wp-block-column is-layout-flow wp-block-column-is-layout-flow\">\n<figure class=\"wp-block-image size-large is-resized\"><img decoding=\"async\" src=\"https:\/\/luciacare.com\/wp-content\/uploads\/2021\/06\/Sheabutter_gold.svg\" alt=\"\" class=\"wp-image-3333\" style=\"width:50px;height:undefinedpx\"\/><\/figure>\n\n\n\n<p><strong><strong><strong>Sheasm\u00f8r \u2013 sm\u00f8rbar velv\u00e6re<\/strong><\/strong><\/strong><\/p>\n\n\n\n<p>Sheasm\u00f8r utvinnes sk\u00e5nsomt fra sheatreets n\u00f8tter. I Afrika har det blitt anvendt som den helt avgj\u00f8rende ingrediens mot utt\u00f8rring, nedbryting og eksem innen hudpleie i over 4000 \u00e5r. Sheasm\u00f8r er et kaldpresset plantebasert fettstoff og inneholder A-, E- og F-vitaminer, samt et h\u00f8yt innhold av essensielle umettede fettsyrer som gir n\u00e6ring til huden. Sheasm\u00f8r har en utpreget fuktighetsgivende og bl\u00f8tgj\u00f8rende virkning og er derfor spesielt velegnet til meget t\u00f8rr hud.<\/p>\n<\/div>\n\n\n\n<div class=\"wp-block-column is-layout-flow wp-block-column-is-layout-flow\">\n<figure class=\"wp-block-image size-large is-resized\"><img decoding=\"async\" src=\"https:\/\/luciacare.com\/wp-content\/uploads\/2021\/06\/Avitamin_gold.svg\" alt=\"\" class=\"wp-image-3318\" style=\"width:50px;height:undefinedpx\"\/><\/figure>\n\n\n\n<p><strong><strong><strong>Vitamin A \u2013 forskj\u00f8nnende eliksir<\/strong><\/strong><\/strong><\/p>\n\n\n\n<p>Vitamin A er en superheltingrediens innen hudpleie. Den forbedrer hudens struktur, lindrer uren hud og reduserer rynker og solskader som f.eks. pigmentflekker. Vitamin A regenererer, revitaliserer og avstresser hudcellene ved \u00e5 tilf\u00f8re fuktighet, fylde og en frisk gl\u00f8d. Hydroxypinacolone Retinoate er en unik formel av vitamin A, som er sv\u00e6rt potent&nbsp; og samtidig betydelig mer sk\u00e5nsom enn andre formler av vitamin A.<\/p>\n<\/div>\n<\/div>\n\n\n\n<div class=\"wp-block-columns is-layout-flex wp-container-core-columns-is-layout-28f84493 wp-block-columns-is-layout-flex\">\n<div class=\"wp-block-column is-layout-flow wp-block-column-is-layout-flow\">\n<figure class=\"wp-block-image size-large is-resized\"><img decoding=\"async\" src=\"https:\/\/luciacare.com\/wp-content\/uploads\/2021\/06\/Evitamin_gold-1.svg\" alt=\"\" class=\"wp-image-3122\" style=\"width:50px;height:undefinedpx\"\/><\/figure>\n\n\n\n<p><strong><strong><strong>E-vitamin \u2013 en sterk antioksidant<\/strong><\/strong><\/strong><\/p>\n\n\n\n<p>E-vitamin er en naturlig og sterk antioksidant og en av de viktigste antioksidanter til beskyttelse av hudceller mot frie radikaler, som skader og nedbryter huden. E-vitamin er betydningsfullt for fettstoffskiftet og derfor finnes E-vitamin ofte i de plantene som er rike p\u00e5 umettede fettsyrer. E-vitamin bidrar til \u00e5 bevare hudens elastisitet og smidighet.<\/p>\n<\/div>\n\n\n\n<div class=\"wp-block-column is-layout-flow wp-block-column-is-layout-flow\">\n<figure class=\"wp-block-image size-large is-resized\"><img decoding=\"async\" width=\"813\" height=\"1024\" src=\"https:\/\/luciacare.com\/wp-content\/uploads\/2023\/09\/RA\u00b8gelse_gold-813x1024.png\" alt=\"\" class=\"wp-image-15599\" style=\"object-fit:cover;width:50px;height:82px\" srcset=\"https:\/\/luciacare.com\/wp-content\/uploads\/2023\/09\/RA\u00b8gelse_gold-813x1024.png 813w, https:\/\/luciacare.com\/wp-content\/uploads\/2023\/09\/RA\u00b8gelse_gold-1600x2015.png 1600w, https:\/\/luciacare.com\/wp-content\/uploads\/2023\/09\/RA\u00b8gelse_gold-238x300.png 238w, https:\/\/luciacare.com\/wp-content\/uploads\/2023\/09\/RA\u00b8gelse_gold.png 1763w\" sizes=\"(max-width: 813px) 100vw, 813px\" \/><\/figure>\n\n\n\n<p><strong>Frankincense <span style=\"font-family: var(--primaryFont), serif; font-size: revert; background-color: rgb(231, 234, 233); color: initial;\">\u2013 hudhelende olje\u00a0<\/span><\/strong>Frankincense er en eterisk olje med en intens og duftende r\u00f8kelsesaktig aroma. Oljen utvinnes ved \u00e5 destillere vanndamp fra harpiks fra Boswellia carterii-treet, som vokser i Nord-Afrika og Midt\u00f8sten. Denne eteriske oljen er rik p\u00e5 antioksidanter og klinisk aktive terpenoider, ogs\u00e5 kjent som boswellinsyrer. Frankincense-oljen har en kraftig betennelsesdempende effekt og astringerende egenskaper. Det betyr at den l\u00f8fter og strammer opp, og bidrar p\u00e5 den m\u00e5ten til \u00e5 forebygge aldringstegn. Samtidig beskytter og regenererer oljen sunne hudceller.<\/p>\n<\/div>\n<\/div>\n\n\n\n<div class=\"wp-block-columns is-layout-flex wp-container-core-columns-is-layout-28f84493 wp-block-columns-is-layout-flex\">\n<div class=\"wp-block-column is-layout-flow wp-block-column-is-layout-flow\">\n<figure class=\"wp-block-image size-large is-resized\"><img decoding=\"async\" width=\"835\" height=\"1024\" src=\"https:\/\/luciacare.com\/wp-content\/uploads\/2023\/09\/Guld-klump_gold-835x1024.png\" alt=\"\" class=\"wp-image-15593\" style=\"object-fit:cover;width:50px;height:62px\" srcset=\"https:\/\/luciacare.com\/wp-content\/uploads\/2023\/09\/Guld-klump_gold-835x1024.png 835w, https:\/\/luciacare.com\/wp-content\/uploads\/2023\/09\/Guld-klump_gold-245x300.png 245w, https:\/\/luciacare.com\/wp-content\/uploads\/2023\/09\/Guld-klump_gold-300x368.png 300w, https:\/\/luciacare.com\/wp-content\/uploads\/2023\/09\/Guld-klump_gold-600x736.png 600w, https:\/\/luciacare.com\/wp-content\/uploads\/2023\/09\/Guld-klump_gold.png 1558w\" sizes=\"(max-width: 835px) 100vw, 835px\" \/><\/figure>\n\n\n\n<p><strong>Gull, Aurum<\/strong>Gull er en luksuri\u00f8s, men ikke ukjent ingrediens i hudpleie. Gull er kjent for en betennelsesdempende effekt, noe som er vitenskapelig dokumentert. Faktisk har gull i \u00e5rtier v\u00e6rt brukt som injeksjon mot visse former for gikt. Innenfor antroposofisk medisin brukes gull terapeutisk for sine balanserende og harmoniserende egenskaper.\u00a0<\/p>\n\n\n\n<p>N\u00e5r det gjelder hudpleie, er 24 karat gull den reneste formen, fordi den best\u00e5r av 100\u00a0% rent gull. Edelmetallet har en lysnende effekt p\u00e5 huden. Forklaringen er at gullpartikler reflekterer lyset og f\u00e5r huden til \u00e5 str\u00e5le med en gyllen gl\u00f8d. Det er grunnen til at gull brukes i hudpleieprodukter for \u00e5 gi huden et str\u00e5lende utseende. Selv om det trengs mer forskning for \u00e5 forst\u00e5 gullets fulle potensial innen hudpleie, har edelmetallet en helt egen evne til \u00e5 gi huden en str\u00e5lende gl\u00f8d.\u00a0<\/p>\n<\/div>\n\n\n\n<div class=\"wp-block-column is-layout-flow wp-block-column-is-layout-flow\"><\/div>\n<\/div>\n<\/div>\n\n\n\n<p><\/p>\n","protected":false},"excerpt":{"rendered":"<p>Smak p\u00e5 ordet. Du kan nesten dufte det. Herba betyr urt, og arium betyr en samling av t\u00f8rkede og pressede planter eller plantedeler. I Lucia Cares herbarium setter vi fokus p\u00e5 medisinplanters historie. Her kan du lese om de&nbsp; klassisk styrkende urtemedisiners aktive innholdsstoffer og deres anvendelse i Lucia Cares holistiske hudpleieserie. Les om Lucia [&hellip;]<\/p>\n","protected":false},"author":3,"featured_media":0,"parent":0,"menu_order":0,"comment_status":"closed","ping_status":"closed","template":"","meta":{"_acf_changed":false,"site-sidebar-layout":"default","site-content-layout":"","ast-site-content-layout":"default","site-content-style":"default","site-sidebar-style":"default","ast-global-header-display":"","ast-banner-title-visibility":"","ast-main-header-display":"","ast-hfb-above-header-display":"","ast-hfb-below-header-display":"","ast-hfb-mobile-header-display":"","site-post-title":"","ast-breadcrumbs-content":"","ast-featured-img":"","footer-sml-layout":"","ast-disable-related-posts":"","theme-transparent-header-meta":"","adv-header-id-meta":"","stick-header-meta":"","header-above-stick-meta":"","header-main-stick-meta":"","header-below-stick-meta":"","astra-migrate-meta-layouts":"default","ast-page-background-enabled":"default","ast-page-background-meta":{"desktop":{"background-color":"var(--ast-global-color-4)","background-image":"","background-repeat":"repeat","background-position":"center center","background-size":"auto","background-attachment":"scroll","background-type":"","background-media":"","overlay-type":"","overlay-color":"","overlay-opacity":"","overlay-gradient":""},"tablet":{"background-color":"","background-image":"","background-repeat":"repeat","background-position":"center center","background-size":"auto","background-attachment":"scroll","background-type":"","background-media":"","overlay-type":"","overlay-color":"","overlay-opacity":"","overlay-gradient":""},"mobile":{"background-color":"","background-image":"","background-repeat":"repeat","background-position":"center center","background-size":"auto","background-attachment":"scroll","background-type":"","background-media":"","overlay-type":"","overlay-color":"","overlay-opacity":"","overlay-gradient":""}},"ast-content-background-meta":{"desktop":{"background-color":"var(--ast-global-color-5)","background-image":"","background-repeat":"repeat","background-position":"center center","background-size":"auto","background-attachment":"scroll","background-type":"","background-media":"","overlay-type":"","overlay-color":"","overlay-opacity":"","overlay-gradient":""},"tablet":{"background-color":"var(--ast-global-color-5)","background-image":"","background-repeat":"repeat","background-position":"center center","background-size":"auto","background-attachment":"scroll","background-type":"","background-media":"","overlay-type":"","overlay-color":"","overlay-opacity":"","overlay-gradient":""},"mobile":{"background-color":"var(--ast-global-color-5)","background-image":"","background-repeat":"repeat","background-position":"center center","background-size":"auto","background-attachment":"scroll","background-type":"","background-media":"","overlay-type":"","overlay-color":"","overlay-opacity":"","overlay-gradient":""}},"footnotes":""},"class_list":["post-2498","page","type-page","status-publish","hentry"],"acf":[],"_links":{"self":[{"href":"https:\/\/luciacare.com\/no\/wp-json\/wp\/v2\/pages\/2498","targetHints":{"allow":["GET"]}}],"collection":[{"href":"https:\/\/luciacare.com\/no\/wp-json\/wp\/v2\/pages"}],"about":[{"href":"https:\/\/luciacare.com\/no\/wp-json\/wp\/v2\/types\/page"}],"author":[{"embeddable":true,"href":"https:\/\/luciacare.com\/no\/wp-json\/wp\/v2\/users\/3"}],"replies":[{"embeddable":true,"href":"https:\/\/luciacare.com\/no\/wp-json\/wp\/v2\/comments?post=2498"}],"version-history":[{"count":5,"href":"https:\/\/luciacare.com\/no\/wp-json\/wp\/v2\/pages\/2498\/revisions"}],"predecessor-version":[{"id":16547,"href":"https:\/\/luciacare.com\/no\/wp-json\/wp\/v2\/pages\/2498\/revisions\/16547"}],"wp:attachment":[{"href":"https:\/\/luciacare.com\/no\/wp-json\/wp\/v2\/media?parent=2498"}],"curies":[{"name":"wp","href":"https:\/\/api.w.org\/{rel}","templated":true}]}}