{"id":4491,"date":"2022-04-06T11:00:34","date_gmt":"2022-04-06T09:00:34","guid":{"rendered":"https:\/\/luciacare.com\/?post_type=product&#038;p=4491"},"modified":"2025-03-07T20:32:54","modified_gmt":"2025-03-07T19:32:54","slug":"destress-starter-kit","status":"publish","type":"product","link":"https:\/\/luciacare.com\/de\/vare\/destress-starter-kit\/","title":{"rendered":"DeStress Starter Kit"},"content":{"rendered":"<p>Wenn Sie neugierig auf die Wirkung unserer Bio-Heilkr\u00e4uter sind, ist dieses Set der perfekte Einstieg in die stressreduzierende und regenerierende Hautpflege von Lucia Care. Das DeStress Starter Kit enth\u00e4lt Produkte f\u00fcr eine komplette Hautpflegeroutine f\u00fcr Gesicht und K\u00f6rper. Das Set ist ideal als<br \/>\nReiseset oder als Geschenk f\u00fcr jemanden,\u00a0der Wert auf Pflege von K\u00f6rper und Geist<br \/>\nlegt.<\/p>\n<p>&nbsp;<\/p>\n<p style=\"text-align: center;\"><strong>Das DeStress Starter Kit besteht aus 6\u00a0exklusiven Mustergr\u00f6\u00dfen in einer\u00a0Kosmetiktasche, gen\u00e4ht aus biologischem\u00a0GOTS-zertifiziertem Baumwollstoff:<\/strong><\/p>\n<p>&nbsp;<\/p>\n<p style=\"text-align: left;\"><a href=\"https:\/\/luciacare.com\/de\/vare\/creamy-soft-cleanser\/\">Creamy Soft Cleanser<\/a> 20 ml f\u00fcr K\u00f6rper, H\u00e4nde, Gesicht und Haare ist eine sanfte Cremeseife, angereichert mit regenerierenden Heilkr\u00e4utern und Sonnenblumen\u00f6l f\u00fcr eine besonders n\u00e4hrende und feuchtigkeitsspendende Pflege von Haut und Haaren.<\/p>\n<p>&nbsp;<\/p>\n<p style=\"text-align: left;\"><a href=\"https:\/\/luciacare.com\/de\/vare\/deep-hydrating-mist-and-ligt-serum\/\">Deep Hydrating Mist &amp; Light Serum<\/a> 30 ml f\u00fcr das Gesicht ist ein mildes Feuchtigkeitsspray, das die Haut im Handumdrehen erfrischt und die Feuchtigkeit in der Haut versiegelt.<\/p>\n<p>&nbsp;<\/p>\n<p style=\"text-align: left;\"><a href=\"https:\/\/luciacare.com\/de\/vare\/rich-regenerative-face-cream\/\">Rich Regenerative Face Cream<\/a> 5 ml\u00a0f\u00fcr das Gesicht ist eine intensiv pflegende Anti-Age-<br \/>\nGesichtscreme mit innovativer Vitamin-A-Formel, Hyalurons\u00e4ure und kollagenstimulierenden Heilpflanze f\u00fcr eine wirksame Anti-Age-Pflege f\u00fcr Tag und Nacht.<\/p>\n<p>&nbsp;<\/p>\n<p style=\"text-align: left;\"><a href=\"https:\/\/luciacare.com\/de\/vare\/rich-rescue-cream\/\">Rich Rescue Cream<\/a> 20 ml f\u00fcr H\u00e4nde, Gesicht, F\u00fc\u00dfe und strapazierte Haut ist eine pflegende, n\u00e4hrende und feuchtigkeitsspendende Creme mit extra Feuchtigkeit, die speziell f\u00fcr trockene Haut entwickelt wurde.<\/p>\n<p style=\"text-align: left;\"><a href=\"https:\/\/luciacare.com\/de\/vare\/destress-day-lotion\/\">DeStress Day Lotion<\/a> 20 ml f\u00fcr Gesicht und K\u00f6rper ist eine schnell einziehende und langanhaltende<br \/>\npflegende Lotion f\u00fcr Gesicht und K\u00f6rper, angereichert mit nat\u00fcrlichen Wirkstoffen h\u00f6chster Qualit\u00e4t.<\/p>\n<p>&nbsp;<\/p>\n<p style=\"text-align: left;\"><a href=\"https:\/\/luciacare.com\/de\/vare\/revitalising-oil\/\">Revitalising Oil<\/a> 30 ml\u00a0f\u00fcr Gesicht, K\u00f6rper, Bad und Massage ist ein multifunktionales \u00d6l, das die<br \/>\nHautelastizit\u00e4t st\u00e4rkt und die Haut seidig\u00a0weich, glatt und strahlend macht.<\/p>\n<p style=\"text-align: left;\">Die stressreduzierende Wirkung von Bio-Heilkr\u00e4utern beruht auf der Synergie stark entz\u00fcndungshemmender und regenerierender Eigenschaften und der F\u00e4higkeit, das Immunsystem der Haut zu st\u00e4rken, die Kollagenbildung anzuregen und die Zellerneuerung zu stimulieren.<\/p>\n","protected":false},"excerpt":{"rendered":"<p>Wenn Sie neugierig auf die Wirkung unserer Bio-Heilkr\u00e4uter sind, ist dieses Set der perfekte Einstieg in die stressreduzierende und regenerierende Hautpflege von Lucia Care. Das DeStress Starter Kit enth\u00e4lt Produkte f\u00fcr eine komplette Hautpflegeroutine f\u00fcr Gesicht und K\u00f6rper. Das Set ist ideal als Reiseset oder als Geschenk f\u00fcr jemanden,\u00a0der Wert auf Pflege von K\u00f6rper und [&hellip;]<\/p>\n","protected":false},"featured_media":11506,"comment_status":"open","ping_status":"closed","template":"","meta":{"_acf_changed":false,"site-sidebar-layout":"default","site-content-layout":"","ast-site-content-layout":"default","site-content-style":"default","site-sidebar-style":"default","ast-global-header-display":"","ast-banner-title-visibility":"","ast-main-header-display":"","ast-hfb-above-header-display":"","ast-hfb-below-header-display":"","ast-hfb-mobile-header-display":"","site-post-title":"","ast-breadcrumbs-content":"","ast-featured-img":"","footer-sml-layout":"","ast-disable-related-posts":"","theme-transparent-header-meta":"default","adv-header-id-meta":"","stick-header-meta":"","header-above-stick-meta":"","header-main-stick-meta":"","header-below-stick-meta":"","astra-migrate-meta-layouts":"default","ast-page-background-enabled":"default","ast-page-background-meta":{"desktop":{"background-color":"var(--ast-global-color-4)","background-image":"","background-repeat":"repeat","background-position":"center center","background-size":"auto","background-attachment":"scroll","background-type":"","background-media":"","overlay-type":"","overlay-color":"","overlay-opacity":"","overlay-gradient":""},"tablet":{"background-color":"","background-image":"","background-repeat":"repeat","background-position":"center center","background-size":"auto","background-attachment":"scroll","background-type":"","background-media":"","overlay-type":"","overlay-color":"","overlay-opacity":"","overlay-gradient":""},"mobile":{"background-color":"","background-image":"","background-repeat":"repeat","background-position":"center center","background-size":"auto","background-attachment":"scroll","background-type":"","background-media":"","overlay-type":"","overlay-color":"","overlay-opacity":"","overlay-gradient":""}},"ast-content-background-meta":{"desktop":{"background-color":"var(--ast-global-color-5)","background-image":"","background-repeat":"repeat","background-position":"center center","background-size":"auto","background-attachment":"scroll","background-type":"","background-media":"","overlay-type":"","overlay-color":"","overlay-opacity":"","overlay-gradient":""},"tablet":{"background-color":"var(--ast-global-color-5)","background-image":"","background-repeat":"repeat","background-position":"center center","background-size":"auto","background-attachment":"scroll","background-type":"","background-media":"","overlay-type":"","overlay-color":"","overlay-opacity":"","overlay-gradient":""},"mobile":{"background-color":"var(--ast-global-color-5)","background-image":"","background-repeat":"repeat","background-position":"center center","background-size":"auto","background-attachment":"scroll","background-type":"","background-media":"","overlay-type":"","overlay-color":"","overlay-opacity":"","overlay-gradient":""}}},"product_brand":[],"product_cat":[339,492,497],"product_tag":[],"class_list":{"0":"post-4491","1":"product","2":"type-product","3":"status-publish","4":"has-post-thumbnail","6":"product_cat-ansigt-de","7":"product_cat-bausatz","8":"product_cat-koerperq","9":"desktop-align-left","10":"tablet-align-left","11":"mobile-align-left","13":"first","14":"outofstock","15":"taxable","16":"shipping-taxable","17":"purchasable","18":"product-type-simple"},"bundled_by":[],"bundle_stock_status":"outofstock","bundle_stock_quantity":0,"bundle_virtual":false,"bundle_layout":"","bundle_add_to_cart_form_location":"","bundle_editable_in_cart":false,"bundle_sold_individually_context":"","bundle_item_grouping":"","bundle_min_size":"","bundle_max_size":"","bundle_price":[],"bundled_items":[],"bundle_sell_ids":[],"acf":[],"_links":{"self":[{"href":"https:\/\/luciacare.com\/de\/wp-json\/wp\/v2\/product\/4491","targetHints":{"allow":["GET"]}}],"collection":[{"href":"https:\/\/luciacare.com\/de\/wp-json\/wp\/v2\/product"}],"about":[{"href":"https:\/\/luciacare.com\/de\/wp-json\/wp\/v2\/types\/product"}],"replies":[{"embeddable":true,"href":"https:\/\/luciacare.com\/de\/wp-json\/wp\/v2\/comments?post=4491"}],"version-history":[{"count":2,"href":"https:\/\/luciacare.com\/de\/wp-json\/wp\/v2\/product\/4491\/revisions"}],"predecessor-version":[{"id":12413,"href":"https:\/\/luciacare.com\/de\/wp-json\/wp\/v2\/product\/4491\/revisions\/12413"}],"wp:featuredmedia":[{"embeddable":true,"href":"https:\/\/luciacare.com\/de\/wp-json\/wp\/v2\/media\/11506"}],"wp:attachment":[{"href":"https:\/\/luciacare.com\/de\/wp-json\/wp\/v2\/media?parent=4491"}],"wp:term":[{"taxonomy":"product_brand","embeddable":true,"href":"https:\/\/luciacare.com\/de\/wp-json\/wp\/v2\/product_brand?post=4491"},{"taxonomy":"product_cat","embeddable":true,"href":"https:\/\/luciacare.com\/de\/wp-json\/wp\/v2\/product_cat?post=4491"},{"taxonomy":"product_tag","embeddable":true,"href":"https:\/\/luciacare.com\/de\/wp-json\/wp\/v2\/product_tag?post=4491"}],"curies":[{"name":"wp","href":"https:\/\/api.w.org\/{rel}","templated":true}]}}