{"id":2561,"date":"2021-04-27T10:01:24","date_gmt":"2021-04-27T08:01:24","guid":{"rendered":"https:\/\/luciacare.com\/vare\/waterfall\/"},"modified":"2026-01-16T14:42:29","modified_gmt":"2026-01-16T13:42:29","slug":"creamy-soft-cleanser","status":"publish","type":"product","link":"https:\/\/luciacare.com\/de\/vare\/creamy-soft-cleanser\/","title":{"rendered":"Creamy Soft Cleanser"},"content":{"rendered":"<p style=\"text-align: center;\"><strong>f\u00fcr K\u00f6rper, H\u00e4nde, Gesicht und Haare<\/strong><\/p>\n<p style=\"text-align: center;\">Creamy Soft Cleanser ist eine sanfte cremige Seife, angereichert mit regenerierenden Heilkr\u00e4utern sowie Aloe Vera und Sonnenblumen\u00f6l f\u00fcr eine besonders n\u00e4hrende und feuchtigkeitsspendende Pflege von Haut und Haar. Die seidig zarte Creme sch\u00e4umt zu einem weichen und dichten Schaum auf und reinigt sanft Schmutz und Unreinheiten und macht Ihre Haut weich und geschmeidig. Die r\u00fcckfettenden Eigenschaften der Seife wirken Trockenheit entgegen, beugen Juckreiz vor und reduzieren den Bedarf an anschlie\u00dfender Feuchtigkeitspflege.<\/p>\n","protected":false},"excerpt":{"rendered":"<p>f\u00fcr K\u00f6rper, H\u00e4nde, Gesicht und Haare Creamy Soft Cleanser ist eine sanfte cremige Seife, angereichert mit regenerierenden Heilkr\u00e4utern sowie Aloe Vera und Sonnenblumen\u00f6l f\u00fcr eine besonders n\u00e4hrende und feuchtigkeitsspendende Pflege von Haut und Haar. Die seidig zarte Creme sch\u00e4umt zu einem weichen und dichten Schaum auf und reinigt sanft Schmutz und Unreinheiten und macht Ihre [&hellip;]<\/p>\n","protected":false},"featured_media":15904,"comment_status":"open","ping_status":"closed","template":"","meta":{"_acf_changed":false,"site-sidebar-layout":"default","site-content-layout":"","ast-site-content-layout":"default","site-content-style":"default","site-sidebar-style":"default","ast-global-header-display":"","ast-banner-title-visibility":"","ast-main-header-display":"","ast-hfb-above-header-display":"","ast-hfb-below-header-display":"","ast-hfb-mobile-header-display":"","site-post-title":"","ast-breadcrumbs-content":"","ast-featured-img":"","footer-sml-layout":"","ast-disable-related-posts":"","theme-transparent-header-meta":"default","adv-header-id-meta":"","stick-header-meta":"","header-above-stick-meta":"","header-main-stick-meta":"","header-below-stick-meta":"","astra-migrate-meta-layouts":"default","ast-page-background-enabled":"default","ast-page-background-meta":{"desktop":{"background-color":"var(--ast-global-color-4)","background-image":"","background-repeat":"repeat","background-position":"center center","background-size":"auto","background-attachment":"scroll","background-type":"","background-media":"","overlay-type":"","overlay-color":"","overlay-opacity":"","overlay-gradient":""},"tablet":{"background-color":"","background-image":"","background-repeat":"repeat","background-position":"center center","background-size":"auto","background-attachment":"scroll","background-type":"","background-media":"","overlay-type":"","overlay-color":"","overlay-opacity":"","overlay-gradient":""},"mobile":{"background-color":"","background-image":"","background-repeat":"repeat","background-position":"center center","background-size":"auto","background-attachment":"scroll","background-type":"","background-media":"","overlay-type":"","overlay-color":"","overlay-opacity":"","overlay-gradient":""}},"ast-content-background-meta":{"desktop":{"background-color":"var(--ast-global-color-5)","background-image":"","background-repeat":"repeat","background-position":"center center","background-size":"auto","background-attachment":"scroll","background-type":"","background-media":"","overlay-type":"","overlay-color":"","overlay-opacity":"","overlay-gradient":""},"tablet":{"background-color":"var(--ast-global-color-5)","background-image":"","background-repeat":"repeat","background-position":"center center","background-size":"auto","background-attachment":"scroll","background-type":"","background-media":"","overlay-type":"","overlay-color":"","overlay-opacity":"","overlay-gradient":""},"mobile":{"background-color":"var(--ast-global-color-5)","background-image":"","background-repeat":"repeat","background-position":"center center","background-size":"auto","background-attachment":"scroll","background-type":"","background-media":"","overlay-type":"","overlay-color":"","overlay-opacity":"","overlay-gradient":""}}},"product_brand":[],"product_cat":[339,515,516,497],"product_tag":[431,433,445,456,461,459,453,435],"class_list":{"0":"post-2561","1":"product","2":"type-product","3":"status-publish","4":"has-post-thumbnail","6":"product_cat-ansigt-de","7":"product_cat-haar-de","8":"product_cat-haende","9":"product_cat-koerperq","10":"product_tag-aloe-vera-de","11":"product_tag-bergamotte","12":"product_tag-kamille-de","13":"product_tag-ringelblume","14":"product_tag-rosmarin-de","15":"product_tag-schachtelhalm","16":"product_tag-sonnenblumenoel","17":"product_tag-zeder","18":"desktop-align-left","19":"tablet-align-left","20":"mobile-align-left","22":"first","23":"outofstock","24":"taxable","25":"shipping-taxable","26":"purchasable","27":"product-type-simple"},"bundled_by":["6514","25911","28099"],"bundle_stock_status":"outofstock","bundle_stock_quantity":null,"bundle_virtual":false,"bundle_layout":"","bundle_add_to_cart_form_location":"","bundle_editable_in_cart":false,"bundle_sold_individually_context":"","bundle_item_grouping":"","bundle_min_size":"","bundle_max_size":"","bundle_price":[],"bundled_items":[],"bundle_sell_ids":[],"acf":[],"_links":{"self":[{"href":"https:\/\/luciacare.com\/de\/wp-json\/wp\/v2\/product\/2561","targetHints":{"allow":["GET"]}}],"collection":[{"href":"https:\/\/luciacare.com\/de\/wp-json\/wp\/v2\/product"}],"about":[{"href":"https:\/\/luciacare.com\/de\/wp-json\/wp\/v2\/types\/product"}],"replies":[{"embeddable":true,"href":"https:\/\/luciacare.com\/de\/wp-json\/wp\/v2\/comments?post=2561"}],"version-history":[{"count":1,"href":"https:\/\/luciacare.com\/de\/wp-json\/wp\/v2\/product\/2561\/revisions"}],"predecessor-version":[{"id":4090,"href":"https:\/\/luciacare.com\/de\/wp-json\/wp\/v2\/product\/2561\/revisions\/4090"}],"wp:featuredmedia":[{"embeddable":true,"href":"https:\/\/luciacare.com\/de\/wp-json\/wp\/v2\/media\/15904"}],"wp:attachment":[{"href":"https:\/\/luciacare.com\/de\/wp-json\/wp\/v2\/media?parent=2561"}],"wp:term":[{"taxonomy":"product_brand","embeddable":true,"href":"https:\/\/luciacare.com\/de\/wp-json\/wp\/v2\/product_brand?post=2561"},{"taxonomy":"product_cat","embeddable":true,"href":"https:\/\/luciacare.com\/de\/wp-json\/wp\/v2\/product_cat?post=2561"},{"taxonomy":"product_tag","embeddable":true,"href":"https:\/\/luciacare.com\/de\/wp-json\/wp\/v2\/product_tag?post=2561"}],"curies":[{"name":"wp","href":"https:\/\/api.w.org\/{rel}","templated":true}]}}