{"id":2555,"date":"2021-11-11T10:02:06","date_gmt":"2021-11-11T09:02:06","guid":{"rendered":"https:\/\/luciacare.com\/vare\/ocean-dive\/"},"modified":"2024-12-20T11:29:55","modified_gmt":"2024-12-20T10:29:55","slug":"nourishing-salt-scrub","status":"publish","type":"product","link":"https:\/\/luciacare.com\/de\/vare\/nourishing-salt-scrub\/","title":{"rendered":"Nourishing Salt Scrub"},"content":{"rendered":"<p><strong>f\u00fcr K\u00f6rper, H\u00e4nde und F\u00fc\u00dfe<\/strong><\/p>\n<p>Das pflegende Salzpeeling besteht aus Bio-Pflanzen\u00f6len. Das \u00d6l dringt schnell und tief in die Haut ein und verleiht ihr Feuchtigkeit, N\u00e4hrstoffe, Elastizit\u00e4t und bringt sie zum Strahlen. Das Meersalz reinigt tiefenwirksam, peelt und entfernt abgestorbene Hautzellen. Die Haut wird seidig\u00a0 weich, glatt und gesund.<\/p>\n<p>Wir Menschen sind daf\u00fcr gemacht, im Salz zu sein, unsere K\u00f6rperfl\u00fcssigkeiten wie Tr\u00e4nen und intrazellul\u00e4re Fl\u00fcssigkeiten sind mit Salz ges\u00e4ttigt, deshalb\u00a0 m\u00fcssen wir\u00a0 unsere Haut ausreichend mit Salz versorgen. Meersalz und der kiesels\u00e4urehaltige Schachtelhalm helfen, die vermehrte Teilung und das Wachstum von Hautzellen zu hemmen, die bei trockener und schuppiger Haut auftreten k\u00f6nnen.<\/p>\n","protected":false},"excerpt":{"rendered":"<p><strong>for body, hands and feet<\/strong><\/p>\n<p><span style=\"font-weight: 400;\">Nourishing Salt Scrub is composed of organic botanical oils. The oil is quickly and deeply absorbed into the skin offering moisture, nourishment, elasticity and glow. The sea salt deep-cleanses, exfoliates and removes dead skin cells. Leaves the skin feeling silky soft, smooth and with a healthy glow.<\/span><\/p>\n","protected":false},"featured_media":5031,"comment_status":"open","ping_status":"closed","template":"","meta":{"_acf_changed":false,"site-sidebar-layout":"default","site-content-layout":"","ast-site-content-layout":"default","site-content-style":"default","site-sidebar-style":"default","ast-global-header-display":"","ast-banner-title-visibility":"","ast-main-header-display":"","ast-hfb-above-header-display":"","ast-hfb-below-header-display":"","ast-hfb-mobile-header-display":"","site-post-title":"","ast-breadcrumbs-content":"","ast-featured-img":"","footer-sml-layout":"","ast-disable-related-posts":"","theme-transparent-header-meta":"default","adv-header-id-meta":"","stick-header-meta":"","header-above-stick-meta":"","header-main-stick-meta":"","header-below-stick-meta":"","astra-migrate-meta-layouts":"default","ast-page-background-enabled":"default","ast-page-background-meta":{"desktop":{"background-color":"var(--ast-global-color-4)","background-image":"","background-repeat":"repeat","background-position":"center center","background-size":"auto","background-attachment":"scroll","background-type":"","background-media":"","overlay-type":"","overlay-color":"","overlay-opacity":"","overlay-gradient":""},"tablet":{"background-color":"","background-image":"","background-repeat":"repeat","background-position":"center center","background-size":"auto","background-attachment":"scroll","background-type":"","background-media":"","overlay-type":"","overlay-color":"","overlay-opacity":"","overlay-gradient":""},"mobile":{"background-color":"","background-image":"","background-repeat":"repeat","background-position":"center center","background-size":"auto","background-attachment":"scroll","background-type":"","background-media":"","overlay-type":"","overlay-color":"","overlay-opacity":"","overlay-gradient":""}},"ast-content-background-meta":{"desktop":{"background-color":"var(--ast-global-color-5)","background-image":"","background-repeat":"repeat","background-position":"center center","background-size":"auto","background-attachment":"scroll","background-type":"","background-media":"","overlay-type":"","overlay-color":"","overlay-opacity":"","overlay-gradient":""},"tablet":{"background-color":"var(--ast-global-color-5)","background-image":"","background-repeat":"repeat","background-position":"center center","background-size":"auto","background-attachment":"scroll","background-type":"","background-media":"","overlay-type":"","overlay-color":"","overlay-opacity":"","overlay-gradient":""},"mobile":{"background-color":"var(--ast-global-color-5)","background-image":"","background-repeat":"repeat","background-position":"center center","background-size":"auto","background-attachment":"scroll","background-type":"","background-media":"","overlay-type":"","overlay-color":"","overlay-opacity":"","overlay-gradient":""}}},"product_brand":[],"product_cat":[510,516,497],"product_tag":[433,449,461,459,453,437,435],"class_list":{"0":"post-2555","1":"product","2":"type-product","3":"status-publish","4":"has-post-thumbnail","6":"product_cat-fuesse","7":"product_cat-haende","8":"product_cat-koerperq","9":"product_tag-bergamotte","10":"product_tag-olivenoel","11":"product_tag-rosmarin-de","12":"product_tag-schachtelhalm","13":"product_tag-sonnenblumenoel","14":"product_tag-vitamin-e-de","15":"product_tag-zeder","16":"desktop-align-left","17":"tablet-align-left","18":"mobile-align-left","20":"first","21":"instock","22":"taxable","23":"shipping-taxable","24":"purchasable","25":"product-type-simple"},"bundled_by":["6514","28099"],"bundle_stock_status":"instock","bundle_stock_quantity":null,"bundle_virtual":false,"bundle_layout":"","bundle_add_to_cart_form_location":"","bundle_editable_in_cart":false,"bundle_sold_individually_context":"","bundle_item_grouping":"","bundle_min_size":"","bundle_max_size":"","bundle_price":[],"bundled_items":[],"bundle_sell_ids":[],"acf":[],"_links":{"self":[{"href":"https:\/\/luciacare.com\/de\/wp-json\/wp\/v2\/product\/2555","targetHints":{"allow":["GET"]}}],"collection":[{"href":"https:\/\/luciacare.com\/de\/wp-json\/wp\/v2\/product"}],"about":[{"href":"https:\/\/luciacare.com\/de\/wp-json\/wp\/v2\/types\/product"}],"replies":[{"embeddable":true,"href":"https:\/\/luciacare.com\/de\/wp-json\/wp\/v2\/comments?post=2555"}],"version-history":[{"count":2,"href":"https:\/\/luciacare.com\/de\/wp-json\/wp\/v2\/product\/2555\/revisions"}],"predecessor-version":[{"id":5583,"href":"https:\/\/luciacare.com\/de\/wp-json\/wp\/v2\/product\/2555\/revisions\/5583"}],"wp:featuredmedia":[{"embeddable":true,"href":"https:\/\/luciacare.com\/de\/wp-json\/wp\/v2\/media\/5031"}],"wp:attachment":[{"href":"https:\/\/luciacare.com\/de\/wp-json\/wp\/v2\/media?parent=2555"}],"wp:term":[{"taxonomy":"product_brand","embeddable":true,"href":"https:\/\/luciacare.com\/de\/wp-json\/wp\/v2\/product_brand?post=2555"},{"taxonomy":"product_cat","embeddable":true,"href":"https:\/\/luciacare.com\/de\/wp-json\/wp\/v2\/product_cat?post=2555"},{"taxonomy":"product_tag","embeddable":true,"href":"https:\/\/luciacare.com\/de\/wp-json\/wp\/v2\/product_tag?post=2555"}],"curies":[{"name":"wp","href":"https:\/\/api.w.org\/{rel}","templated":true}]}}