{"id":2544,"date":"2024-01-17T10:04:19","date_gmt":"2024-01-17T09:04:19","guid":{"rendered":"https:\/\/luciacare.com\/vare\/serenity-now\/"},"modified":"2026-03-06T12:44:09","modified_gmt":"2026-03-06T11:44:09","slug":"rich-rescue-cream","status":"publish","type":"product","link":"https:\/\/luciacare.com\/de\/vare\/rich-rescue-cream\/","title":{"rendered":"Rich Rescue Cream &#8211; 75 ml"},"content":{"rendered":"<p><strong>f\u00fcr H\u00e4nde, Gesicht, F\u00fc\u00dfe und gesch\u00e4digte Haut<\/strong><\/p>\n<p>Rich Rescue Cream ist eine pflegende, n\u00e4hrende und feuchtigkeitsspendende Creme, die speziell f\u00fcr trockene Haut entwickelt wurde, die eine intensive Feuchtigkeitspflege ben\u00f6tigt. Die Creme regeneriert die Schutzbarriere der Haut, zieht sofort ein und macht die Haut weich und versorgt sie mit Feuchtigkeit.<\/p>\n","protected":false},"excerpt":{"rendered":"<p>f\u00fcr H\u00e4nde, Gesicht, F\u00fc\u00dfe und gesch\u00e4digte Haut Rich Rescue Cream ist eine pflegende, n\u00e4hrende und feuchtigkeitsspendende Creme, die speziell f\u00fcr trockene Haut entwickelt wurde, die eine intensive Feuchtigkeitspflege ben\u00f6tigt. Die Creme regeneriert die Schutzbarriere der Haut, zieht sofort ein und macht die Haut weich und versorgt sie mit Feuchtigkeit.<\/p>\n","protected":false},"featured_media":5046,"comment_status":"open","ping_status":"closed","template":"","meta":{"_acf_changed":false,"site-sidebar-layout":"default","site-content-layout":"","ast-site-content-layout":"default","site-content-style":"default","site-sidebar-style":"default","ast-global-header-display":"","ast-banner-title-visibility":"","ast-main-header-display":"","ast-hfb-above-header-display":"","ast-hfb-below-header-display":"","ast-hfb-mobile-header-display":"","site-post-title":"","ast-breadcrumbs-content":"","ast-featured-img":"","footer-sml-layout":"","ast-disable-related-posts":"","theme-transparent-header-meta":"default","adv-header-id-meta":"","stick-header-meta":"","header-above-stick-meta":"","header-main-stick-meta":"","header-below-stick-meta":"","astra-migrate-meta-layouts":"set","ast-page-background-enabled":"default","ast-page-background-meta":{"desktop":{"background-color":"var(--ast-global-color-4)","background-image":"","background-repeat":"repeat","background-position":"center center","background-size":"auto","background-attachment":"scroll","background-type":"","background-media":"","overlay-type":"","overlay-color":"","overlay-opacity":"","overlay-gradient":""},"tablet":{"background-color":"","background-image":"","background-repeat":"repeat","background-position":"center center","background-size":"auto","background-attachment":"scroll","background-type":"","background-media":"","overlay-type":"","overlay-color":"","overlay-opacity":"","overlay-gradient":""},"mobile":{"background-color":"","background-image":"","background-repeat":"repeat","background-position":"center center","background-size":"auto","background-attachment":"scroll","background-type":"","background-media":"","overlay-type":"","overlay-color":"","overlay-opacity":"","overlay-gradient":""}},"ast-content-background-meta":{"desktop":{"background-color":"var(--ast-global-color-5)","background-image":"","background-repeat":"repeat","background-position":"center center","background-size":"auto","background-attachment":"scroll","background-type":"","background-media":"","overlay-type":"","overlay-color":"","overlay-opacity":"","overlay-gradient":""},"tablet":{"background-color":"var(--ast-global-color-5)","background-image":"","background-repeat":"repeat","background-position":"center center","background-size":"auto","background-attachment":"scroll","background-type":"","background-media":"","overlay-type":"","overlay-color":"","overlay-opacity":"","overlay-gradient":""},"mobile":{"background-color":"var(--ast-global-color-5)","background-image":"","background-repeat":"repeat","background-position":"center center","background-size":"auto","background-attachment":"scroll","background-type":"","background-media":"","overlay-type":"","overlay-color":"","overlay-opacity":"","overlay-gradient":""}}},"product_brand":[],"product_cat":[339,510,516],"product_tag":[431,433,444,445,449,456,461,459,452,453,437,435],"class_list":{"0":"post-2544","1":"product","2":"type-product","3":"status-publish","4":"has-post-thumbnail","6":"product_cat-ansigt-de","7":"product_cat-fuesse","8":"product_cat-haende","9":"product_tag-aloe-vera-de","10":"product_tag-bergamotte","11":"product_tag-hyaluronsaeure","12":"product_tag-kamille-de","13":"product_tag-olivenoel","14":"product_tag-ringelblume","15":"product_tag-rosmarin-de","16":"product_tag-schachtelhalm","17":"product_tag-sheabutter","18":"product_tag-sonnenblumenoel","19":"product_tag-vitamin-e-de","20":"product_tag-zeder","21":"desktop-align-left","22":"tablet-align-left","23":"mobile-align-left","25":"first","26":"instock","27":"taxable","28":"shipping-taxable","29":"purchasable","30":"product-type-simple"},"bundled_by":["6514","25911"],"bundle_stock_status":"instock","bundle_stock_quantity":null,"bundle_virtual":false,"bundle_layout":"","bundle_add_to_cart_form_location":"","bundle_editable_in_cart":false,"bundle_sold_individually_context":"","bundle_item_grouping":"","bundle_min_size":"","bundle_max_size":"","bundle_price":[],"bundled_items":[],"bundle_sell_ids":[],"acf":[],"_links":{"self":[{"href":"https:\/\/luciacare.com\/de\/wp-json\/wp\/v2\/product\/2544","targetHints":{"allow":["GET"]}}],"collection":[{"href":"https:\/\/luciacare.com\/de\/wp-json\/wp\/v2\/product"}],"about":[{"href":"https:\/\/luciacare.com\/de\/wp-json\/wp\/v2\/types\/product"}],"replies":[{"embeddable":true,"href":"https:\/\/luciacare.com\/de\/wp-json\/wp\/v2\/comments?post=2544"}],"version-history":[{"count":2,"href":"https:\/\/luciacare.com\/de\/wp-json\/wp\/v2\/product\/2544\/revisions"}],"predecessor-version":[{"id":23418,"href":"https:\/\/luciacare.com\/de\/wp-json\/wp\/v2\/product\/2544\/revisions\/23418"}],"wp:featuredmedia":[{"embeddable":true,"href":"https:\/\/luciacare.com\/de\/wp-json\/wp\/v2\/media\/5046"}],"wp:attachment":[{"href":"https:\/\/luciacare.com\/de\/wp-json\/wp\/v2\/media?parent=2544"}],"wp:term":[{"taxonomy":"product_brand","embeddable":true,"href":"https:\/\/luciacare.com\/de\/wp-json\/wp\/v2\/product_brand?post=2544"},{"taxonomy":"product_cat","embeddable":true,"href":"https:\/\/luciacare.com\/de\/wp-json\/wp\/v2\/product_cat?post=2544"},{"taxonomy":"product_tag","embeddable":true,"href":"https:\/\/luciacare.com\/de\/wp-json\/wp\/v2\/product_tag?post=2544"}],"curies":[{"name":"wp","href":"https:\/\/api.w.org\/{rel}","templated":true}]}}