{"id":2532,"date":"2022-02-16T10:06:08","date_gmt":"2022-02-16T09:06:08","guid":{"rendered":"https:\/\/luciacare.com\/vare\/dewdrops-all-day\/"},"modified":"2024-12-20T11:30:07","modified_gmt":"2024-12-20T10:30:07","slug":"deep-hydrating-mist-and-ligt-serum","status":"publish","type":"product","link":"https:\/\/luciacare.com\/de\/vare\/deep-hydrating-mist-and-ligt-serum\/","title":{"rendered":"Deep Hydrating Mist and Light Serum"},"content":{"rendered":"<p style=\"text-align: center;\"><strong>F\u00fcrs Gesicht<\/strong><\/p>\n<p style=\"text-align: center;\">Das Deep Hydrating Mist and Light Serum erfrischt Ihre Haut im Handumdrehen und versiegelt die Feuchtigkeit in der Haut. Es enth\u00e4lt entz\u00fcndungshemmende Ringelblume, feuchtigkeitsspendende<\/p>\n<p style=\"text-align: center;\">Aloe Vera und Hyalurons\u00e4ure, die die Feuchtigkeit tief in der Haut binden. Verwenden Sie den Zerst\u00e4uber morgens und abends als sanfte Feuchtigkeitspflege auf die gereinigte Haut, bevor Sie Ihre Gesichtscreme oder Ihr Gesichts\u00f6l auftragen. Es versorgt die Haut den ganzen Tag mit Feuchtigkeit und Energie<\/p>\n<p style=\"text-align: center;\">\n","protected":false},"excerpt":{"rendered":"<p>F\u00fcrs Gesicht Das Deep Hydrating Mist and Light Serum erfrischt Ihre Haut im Handumdrehen und versiegelt die Feuchtigkeit in der Haut. Es enth\u00e4lt entz\u00fcndungshemmende Ringelblume, feuchtigkeitsspendende Aloe Vera und Hyalurons\u00e4ure, die die Feuchtigkeit tief in der Haut binden. Verwenden Sie den Zerst\u00e4uber morgens und abends als sanfte Feuchtigkeitspflege auf die gereinigte Haut, bevor Sie Ihre [&hellip;]<\/p>\n","protected":false},"featured_media":11539,"comment_status":"open","ping_status":"closed","template":"","meta":{"_acf_changed":false,"site-sidebar-layout":"default","site-content-layout":"","ast-site-content-layout":"default","site-content-style":"default","site-sidebar-style":"default","ast-global-header-display":"","ast-banner-title-visibility":"","ast-main-header-display":"","ast-hfb-above-header-display":"","ast-hfb-below-header-display":"","ast-hfb-mobile-header-display":"","site-post-title":"","ast-breadcrumbs-content":"","ast-featured-img":"","footer-sml-layout":"","ast-disable-related-posts":"","theme-transparent-header-meta":"default","adv-header-id-meta":"","stick-header-meta":"","header-above-stick-meta":"","header-main-stick-meta":"","header-below-stick-meta":"","astra-migrate-meta-layouts":"default","ast-page-background-enabled":"default","ast-page-background-meta":{"desktop":{"background-color":"var(--ast-global-color-4)","background-image":"","background-repeat":"repeat","background-position":"center center","background-size":"auto","background-attachment":"scroll","background-type":"","background-media":"","overlay-type":"","overlay-color":"","overlay-opacity":"","overlay-gradient":""},"tablet":{"background-color":"","background-image":"","background-repeat":"repeat","background-position":"center center","background-size":"auto","background-attachment":"scroll","background-type":"","background-media":"","overlay-type":"","overlay-color":"","overlay-opacity":"","overlay-gradient":""},"mobile":{"background-color":"","background-image":"","background-repeat":"repeat","background-position":"center center","background-size":"auto","background-attachment":"scroll","background-type":"","background-media":"","overlay-type":"","overlay-color":"","overlay-opacity":"","overlay-gradient":""}},"ast-content-background-meta":{"desktop":{"background-color":"var(--ast-global-color-5)","background-image":"","background-repeat":"repeat","background-position":"center center","background-size":"auto","background-attachment":"scroll","background-type":"","background-media":"","overlay-type":"","overlay-color":"","overlay-opacity":"","overlay-gradient":""},"tablet":{"background-color":"var(--ast-global-color-5)","background-image":"","background-repeat":"repeat","background-position":"center center","background-size":"auto","background-attachment":"scroll","background-type":"","background-media":"","overlay-type":"","overlay-color":"","overlay-opacity":"","overlay-gradient":""},"mobile":{"background-color":"var(--ast-global-color-5)","background-image":"","background-repeat":"repeat","background-position":"center center","background-size":"auto","background-attachment":"scroll","background-type":"","background-media":"","overlay-type":"","overlay-color":"","overlay-opacity":"","overlay-gradient":""}}},"product_brand":[],"product_cat":[339],"product_tag":[431,433,444,445,456,461,435],"class_list":{"0":"post-2532","1":"product","2":"type-product","3":"status-publish","4":"has-post-thumbnail","6":"product_cat-ansigt-de","7":"product_tag-aloe-vera-de","8":"product_tag-bergamotte","9":"product_tag-hyaluronsaeure","10":"product_tag-kamille-de","11":"product_tag-ringelblume","12":"product_tag-rosmarin-de","13":"product_tag-zeder","14":"desktop-align-left","15":"tablet-align-left","16":"mobile-align-left","18":"first","19":"instock","20":"taxable","21":"shipping-taxable","22":"purchasable","23":"product-type-simple"},"bundled_by":["21752","6514","26363"],"bundle_stock_status":"instock","bundle_stock_quantity":null,"bundle_virtual":false,"bundle_layout":"","bundle_add_to_cart_form_location":"","bundle_editable_in_cart":false,"bundle_sold_individually_context":"","bundle_item_grouping":"","bundle_min_size":"","bundle_max_size":"","bundle_price":[],"bundled_items":[],"bundle_sell_ids":[],"acf":[],"_links":{"self":[{"href":"https:\/\/luciacare.com\/de\/wp-json\/wp\/v2\/product\/2532","targetHints":{"allow":["GET"]}}],"collection":[{"href":"https:\/\/luciacare.com\/de\/wp-json\/wp\/v2\/product"}],"about":[{"href":"https:\/\/luciacare.com\/de\/wp-json\/wp\/v2\/types\/product"}],"replies":[{"embeddable":true,"href":"https:\/\/luciacare.com\/de\/wp-json\/wp\/v2\/comments?post=2532"}],"version-history":[{"count":3,"href":"https:\/\/luciacare.com\/de\/wp-json\/wp\/v2\/product\/2532\/revisions"}],"predecessor-version":[{"id":12414,"href":"https:\/\/luciacare.com\/de\/wp-json\/wp\/v2\/product\/2532\/revisions\/12414"}],"wp:featuredmedia":[{"embeddable":true,"href":"https:\/\/luciacare.com\/de\/wp-json\/wp\/v2\/media\/11539"}],"wp:attachment":[{"href":"https:\/\/luciacare.com\/de\/wp-json\/wp\/v2\/media?parent=2532"}],"wp:term":[{"taxonomy":"product_brand","embeddable":true,"href":"https:\/\/luciacare.com\/de\/wp-json\/wp\/v2\/product_brand?post=2532"},{"taxonomy":"product_cat","embeddable":true,"href":"https:\/\/luciacare.com\/de\/wp-json\/wp\/v2\/product_cat?post=2532"},{"taxonomy":"product_tag","embeddable":true,"href":"https:\/\/luciacare.com\/de\/wp-json\/wp\/v2\/product_tag?post=2532"}],"curies":[{"name":"wp","href":"https:\/\/api.w.org\/{rel}","templated":true}]}}