{"id":2529,"date":"2023-10-09T12:01:44","date_gmt":"2023-10-09T10:01:44","guid":{"rendered":"https:\/\/luciacare.com\/vare\/morning-bliss\/"},"modified":"2025-08-20T12:23:41","modified_gmt":"2025-08-20T10:23:41","slug":"destress-day-lotion","status":"publish","type":"product","link":"https:\/\/luciacare.com\/de\/vare\/destress-day-lotion\/","title":{"rendered":"DeStress Day Lotion"},"content":{"rendered":"<p><strong>f\u00fcr Gesicht und K\u00f6rper<\/strong><\/p>\n<p>DeStress Day Lotion ist eine schnell einziehende und lang anhaltende Pflegelotion f\u00fcr Gesicht und K\u00f6rper, voll von nat\u00fcrlichen und aktiven Inhaltsstoffen h\u00f6chster Qualit\u00e4t. Aloe Vera und Hyalurons\u00e4ure spenden Feuchtigkeit; Rosmarin, Meerrettich, Ringelblume und Kamille beleben, regenerieren und entlasten und Sheabutter und Mandel\u00f6l verleihen Geschmeidigkeit und Elastizit\u00e4t. Die Creme h\u00e4lt die Haut den ganzen Tag weich und versorgt sie mit Feuchtigkeit ohne zu fetten.<\/p>\n","protected":false},"excerpt":{"rendered":"<p>f\u00fcr Gesicht und K\u00f6rper DeStress Day Lotion ist eine schnell einziehende und lang anhaltende Pflegelotion f\u00fcr Gesicht und K\u00f6rper, voll von nat\u00fcrlichen und aktiven Inhaltsstoffen h\u00f6chster Qualit\u00e4t. Aloe Vera und Hyalurons\u00e4ure spenden Feuchtigkeit; Rosmarin, Meerrettich, Ringelblume und Kamille beleben, regenerieren und entlasten und Sheabutter und Mandel\u00f6l verleihen Geschmeidigkeit und Elastizit\u00e4t. Die Creme h\u00e4lt die Haut [&hellip;]<\/p>\n","protected":false},"featured_media":17911,"comment_status":"open","ping_status":"closed","template":"","meta":{"_acf_changed":false,"site-sidebar-layout":"default","site-content-layout":"","ast-site-content-layout":"default","site-content-style":"default","site-sidebar-style":"default","ast-global-header-display":"","ast-banner-title-visibility":"","ast-main-header-display":"","ast-hfb-above-header-display":"","ast-hfb-below-header-display":"","ast-hfb-mobile-header-display":"","site-post-title":"","ast-breadcrumbs-content":"","ast-featured-img":"","footer-sml-layout":"","ast-disable-related-posts":"","theme-transparent-header-meta":"default","adv-header-id-meta":"","stick-header-meta":"","header-above-stick-meta":"","header-main-stick-meta":"","header-below-stick-meta":"","astra-migrate-meta-layouts":"default","ast-page-background-enabled":"default","ast-page-background-meta":{"desktop":{"background-color":"var(--ast-global-color-4)","background-image":"","background-repeat":"repeat","background-position":"center center","background-size":"auto","background-attachment":"scroll","background-type":"","background-media":"","overlay-type":"","overlay-color":"","overlay-opacity":"","overlay-gradient":""},"tablet":{"background-color":"","background-image":"","background-repeat":"repeat","background-position":"center center","background-size":"auto","background-attachment":"scroll","background-type":"","background-media":"","overlay-type":"","overlay-color":"","overlay-opacity":"","overlay-gradient":""},"mobile":{"background-color":"","background-image":"","background-repeat":"repeat","background-position":"center center","background-size":"auto","background-attachment":"scroll","background-type":"","background-media":"","overlay-type":"","overlay-color":"","overlay-opacity":"","overlay-gradient":""}},"ast-content-background-meta":{"desktop":{"background-color":"var(--ast-global-color-5)","background-image":"","background-repeat":"repeat","background-position":"center center","background-size":"auto","background-attachment":"scroll","background-type":"","background-media":"","overlay-type":"","overlay-color":"","overlay-opacity":"","overlay-gradient":""},"tablet":{"background-color":"var(--ast-global-color-5)","background-image":"","background-repeat":"repeat","background-position":"center center","background-size":"auto","background-attachment":"scroll","background-type":"","background-media":"","overlay-type":"","overlay-color":"","overlay-opacity":"","overlay-gradient":""},"mobile":{"background-color":"var(--ast-global-color-5)","background-image":"","background-repeat":"repeat","background-position":"center center","background-size":"auto","background-attachment":"scroll","background-type":"","background-media":"","overlay-type":"","overlay-color":"","overlay-opacity":"","overlay-gradient":""}}},"product_brand":[],"product_cat":[339,497],"product_tag":[431,433,444,445,448,456,461,459,452,453,437,435],"class_list":{"0":"post-2529","1":"product","2":"type-product","3":"status-publish","4":"has-post-thumbnail","6":"product_cat-ansigt-de","7":"product_cat-koerperq","8":"product_tag-aloe-vera-de","9":"product_tag-bergamotte","10":"product_tag-hyaluronsaeure","11":"product_tag-kamille-de","12":"product_tag-mandeloel","13":"product_tag-ringelblume","14":"product_tag-rosmarin-de","15":"product_tag-schachtelhalm","16":"product_tag-sheabutter","17":"product_tag-sonnenblumenoel","18":"product_tag-vitamin-e-de","19":"product_tag-zeder","20":"desktop-align-left","21":"tablet-align-left","22":"mobile-align-left","24":"first","25":"instock","26":"taxable","27":"shipping-taxable","28":"purchasable","29":"product-type-simple"},"bundled_by":["6514","25911","26829"],"bundle_stock_status":"instock","bundle_stock_quantity":null,"bundle_virtual":false,"bundle_layout":"","bundle_add_to_cart_form_location":"","bundle_editable_in_cart":false,"bundle_sold_individually_context":"","bundle_item_grouping":"","bundle_min_size":"","bundle_max_size":"","bundle_price":[],"bundled_items":[],"bundle_sell_ids":[],"acf":[],"_links":{"self":[{"href":"https:\/\/luciacare.com\/de\/wp-json\/wp\/v2\/product\/2529","targetHints":{"allow":["GET"]}}],"collection":[{"href":"https:\/\/luciacare.com\/de\/wp-json\/wp\/v2\/product"}],"about":[{"href":"https:\/\/luciacare.com\/de\/wp-json\/wp\/v2\/types\/product"}],"replies":[{"embeddable":true,"href":"https:\/\/luciacare.com\/de\/wp-json\/wp\/v2\/comments?post=2529"}],"version-history":[{"count":2,"href":"https:\/\/luciacare.com\/de\/wp-json\/wp\/v2\/product\/2529\/revisions"}],"predecessor-version":[{"id":10110,"href":"https:\/\/luciacare.com\/de\/wp-json\/wp\/v2\/product\/2529\/revisions\/10110"}],"wp:featuredmedia":[{"embeddable":true,"href":"https:\/\/luciacare.com\/de\/wp-json\/wp\/v2\/media\/17911"}],"wp:attachment":[{"href":"https:\/\/luciacare.com\/de\/wp-json\/wp\/v2\/media?parent=2529"}],"wp:term":[{"taxonomy":"product_brand","embeddable":true,"href":"https:\/\/luciacare.com\/de\/wp-json\/wp\/v2\/product_brand?post=2529"},{"taxonomy":"product_cat","embeddable":true,"href":"https:\/\/luciacare.com\/de\/wp-json\/wp\/v2\/product_cat?post=2529"},{"taxonomy":"product_tag","embeddable":true,"href":"https:\/\/luciacare.com\/de\/wp-json\/wp\/v2\/product_tag?post=2529"}],"curies":[{"name":"wp","href":"https:\/\/api.w.org\/{rel}","templated":true}]}}