{"id":2523,"date":"2023-10-16T10:03:12","date_gmt":"2023-10-16T08:03:12","guid":{"rendered":"https:\/\/luciacare.com\/vare\/peaceful-moment\/"},"modified":"2025-02-24T07:44:46","modified_gmt":"2025-02-24T06:44:46","slug":"revitalising-oil","status":"publish","type":"product","link":"https:\/\/luciacare.com\/de\/vare\/revitalising-oil\/","title":{"rendered":"Revitalising Oil"},"content":{"rendered":"<p style=\"text-align: center;\"><strong>F\u00fcr Gesicht, K\u00f6rper, Bad und Massage<\/strong><\/p>\n<p style=\"text-align: center;\">Das Revitalising Oil ist ein multifunktionales \u00d6l f\u00fcr Gesicht und K\u00f6rper. Es besteht aus biologischen Pflanzen\u00f6len und enth\u00e4lt Schachtelhalm, Rosmarin, Mandel\u00f6l, Vitamin E und ist reich an Antioxidantien.<\/p>\n<p style=\"text-align: center;\">Die besondere Zusammensetzung der Inhaltsstoffe st\u00e4rkt und erh\u00f6ht die Elastizit\u00e4t der Haut. Das \u00d6l zieht schnell ein und spendet Feuchtigkeit, n\u00e4hrt die Haut und verleiht ihr Elastizit\u00e4t. Das \u00d6l wird nach dem Befeuchten der Haut aufgetragen, um die Feuchtigkeit zu versiegeln und die Haut seidig und glatt mit einem warmen Glanz zu hinterlassen.<\/p>\n","protected":false},"excerpt":{"rendered":"<p style=\"text-align: center;\"><strong>til ansigt, krop, bad og massage<\/strong><\/p>\n<p style=\"text-align: center;\"><span style=\"font-weight: 400;\">Revitalising Oil er en multifunktionel olie til ansigt og krop. Den er opbygget af \u00f8kologiske planteolier og indeholder padderokke, rosmarin, mandelolie, E- vitamin og er rig p\u00e5 antioxidanter. Olien absorberes hurtigt og tilf\u00f8rer fugt, n\u00e6ring og elasticitet. Olien anvendes efter fugt p\u00e5 huden for at forsegle fugten og efterlader huden silkebl\u00f8d og glat med en varm gl\u00f8d. <\/span><\/p>\n","protected":false},"featured_media":12291,"comment_status":"open","ping_status":"closed","template":"","meta":{"_acf_changed":false,"site-sidebar-layout":"default","site-content-layout":"","ast-site-content-layout":"default","site-content-style":"default","site-sidebar-style":"default","ast-global-header-display":"","ast-banner-title-visibility":"","ast-main-header-display":"","ast-hfb-above-header-display":"","ast-hfb-below-header-display":"","ast-hfb-mobile-header-display":"","site-post-title":"","ast-breadcrumbs-content":"","ast-featured-img":"","footer-sml-layout":"","ast-disable-related-posts":"","theme-transparent-header-meta":"default","adv-header-id-meta":"","stick-header-meta":"","header-above-stick-meta":"","header-main-stick-meta":"","header-below-stick-meta":"","astra-migrate-meta-layouts":"set","ast-page-background-enabled":"default","ast-page-background-meta":{"desktop":{"background-color":"var(--ast-global-color-4)","background-image":"","background-repeat":"repeat","background-position":"center center","background-size":"auto","background-attachment":"scroll","background-type":"","background-media":"","overlay-type":"","overlay-color":"","overlay-opacity":"","overlay-gradient":""},"tablet":{"background-color":"","background-image":"","background-repeat":"repeat","background-position":"center center","background-size":"auto","background-attachment":"scroll","background-type":"","background-media":"","overlay-type":"","overlay-color":"","overlay-opacity":"","overlay-gradient":""},"mobile":{"background-color":"","background-image":"","background-repeat":"repeat","background-position":"center center","background-size":"auto","background-attachment":"scroll","background-type":"","background-media":"","overlay-type":"","overlay-color":"","overlay-opacity":"","overlay-gradient":""}},"ast-content-background-meta":{"desktop":{"background-color":"var(--ast-global-color-5)","background-image":"","background-repeat":"repeat","background-position":"center center","background-size":"auto","background-attachment":"scroll","background-type":"","background-media":"","overlay-type":"","overlay-color":"","overlay-opacity":"","overlay-gradient":""},"tablet":{"background-color":"var(--ast-global-color-5)","background-image":"","background-repeat":"repeat","background-position":"center center","background-size":"auto","background-attachment":"scroll","background-type":"","background-media":"","overlay-type":"","overlay-color":"","overlay-opacity":"","overlay-gradient":""},"mobile":{"background-color":"var(--ast-global-color-5)","background-image":"","background-repeat":"repeat","background-position":"center center","background-size":"auto","background-attachment":"scroll","background-type":"","background-media":"","overlay-type":"","overlay-color":"","overlay-opacity":"","overlay-gradient":""}}},"product_brand":[],"product_cat":[339,509,497,519],"product_tag":[433,448,461,459,453,437,435],"class_list":{"0":"post-2523","1":"product","2":"type-product","3":"status-publish","4":"has-post-thumbnail","6":"product_cat-ansigt-de","7":"product_cat-bad-de","8":"product_cat-koerperq","9":"product_cat-massage-de","10":"product_tag-bergamotte","11":"product_tag-mandeloel","12":"product_tag-rosmarin-de","13":"product_tag-schachtelhalm","14":"product_tag-sonnenblumenoel","15":"product_tag-vitamin-e-de","16":"product_tag-zeder","17":"desktop-align-left","18":"tablet-align-left","19":"mobile-align-left","21":"first","22":"instock","23":"taxable","24":"shipping-taxable","25":"purchasable","26":"product-type-simple"},"bundled_by":["22059","6514"],"bundle_stock_status":"instock","bundle_stock_quantity":null,"bundle_virtual":false,"bundle_layout":"","bundle_add_to_cart_form_location":"","bundle_editable_in_cart":false,"bundle_sold_individually_context":"","bundle_item_grouping":"","bundle_min_size":"","bundle_max_size":"","bundle_price":[],"bundled_items":[],"bundle_sell_ids":[],"acf":[],"_links":{"self":[{"href":"https:\/\/luciacare.com\/de\/wp-json\/wp\/v2\/product\/2523","targetHints":{"allow":["GET"]}}],"collection":[{"href":"https:\/\/luciacare.com\/de\/wp-json\/wp\/v2\/product"}],"about":[{"href":"https:\/\/luciacare.com\/de\/wp-json\/wp\/v2\/types\/product"}],"replies":[{"embeddable":true,"href":"https:\/\/luciacare.com\/de\/wp-json\/wp\/v2\/comments?post=2523"}],"version-history":[{"count":4,"href":"https:\/\/luciacare.com\/de\/wp-json\/wp\/v2\/product\/2523\/revisions"}],"predecessor-version":[{"id":21800,"href":"https:\/\/luciacare.com\/de\/wp-json\/wp\/v2\/product\/2523\/revisions\/21800"}],"wp:featuredmedia":[{"embeddable":true,"href":"https:\/\/luciacare.com\/de\/wp-json\/wp\/v2\/media\/12291"}],"wp:attachment":[{"href":"https:\/\/luciacare.com\/de\/wp-json\/wp\/v2\/media?parent=2523"}],"wp:term":[{"taxonomy":"product_brand","embeddable":true,"href":"https:\/\/luciacare.com\/de\/wp-json\/wp\/v2\/product_brand?post=2523"},{"taxonomy":"product_cat","embeddable":true,"href":"https:\/\/luciacare.com\/de\/wp-json\/wp\/v2\/product_cat?post=2523"},{"taxonomy":"product_tag","embeddable":true,"href":"https:\/\/luciacare.com\/de\/wp-json\/wp\/v2\/product_tag?post=2523"}],"curies":[{"name":"wp","href":"https:\/\/api.w.org\/{rel}","templated":true}]}}