{"id":2512,"date":"2020-08-25T13:50:05","date_gmt":"2020-08-25T11:50:05","guid":{"rendered":"https:\/\/luciacare.com\/vare\/gavekort\/"},"modified":"2023-03-10T11:03:06","modified_gmt":"2023-03-10T10:03:06","slug":"gavekort","status":"publish","type":"product","link":"https:\/\/luciacare.com\/de\/vare\/gavekort\/","title":{"rendered":"Geschenkgutschein"},"content":{"rendered":"<div class=\"ProductDescription__Content\">\n<p>Der Geschenkgutschein kann f\u00fcr alle Produkte auf luciacare.com verwendet werden.<\/p>\n<p>Der Geschenkgutschein kann \u00fcber mehrere Eink\u00e4ufe eingel\u00f6st werden, bis der Betrag aufgebraucht ist.<\/p>\n<p>Die Geschenkkarte ist ab Kaufdatum drei Jahre lang g\u00fcltig.<\/p>\n<\/div>\n","protected":false},"excerpt":{"rendered":"<p>Der Geschenkgutschein kann f\u00fcr alle Produkte auf luciacare.com verwendet werden. Der Geschenkgutschein kann \u00fcber mehrere Eink\u00e4ufe eingel\u00f6st werden, bis der Betrag aufgebraucht ist. Die Geschenkkarte ist ab Kaufdatum drei Jahre lang g\u00fcltig.<\/p>\n","protected":false},"featured_media":2459,"comment_status":"closed","ping_status":"closed","template":"","meta":{"_acf_changed":false,"site-sidebar-layout":"default","site-content-layout":"","ast-site-content-layout":"default","site-content-style":"default","site-sidebar-style":"default","ast-global-header-display":"","ast-banner-title-visibility":"","ast-main-header-display":"","ast-hfb-above-header-display":"","ast-hfb-below-header-display":"","ast-hfb-mobile-header-display":"","site-post-title":"","ast-breadcrumbs-content":"","ast-featured-img":"","footer-sml-layout":"","ast-disable-related-posts":"","theme-transparent-header-meta":"default","adv-header-id-meta":"","stick-header-meta":"","header-above-stick-meta":"","header-main-stick-meta":"","header-below-stick-meta":"","astra-migrate-meta-layouts":"default","ast-page-background-enabled":"default","ast-page-background-meta":{"desktop":{"background-color":"var(--ast-global-color-4)","background-image":"","background-repeat":"repeat","background-position":"center center","background-size":"auto","background-attachment":"scroll","background-type":"","background-media":"","overlay-type":"","overlay-color":"","overlay-opacity":"","overlay-gradient":""},"tablet":{"background-color":"","background-image":"","background-repeat":"repeat","background-position":"center center","background-size":"auto","background-attachment":"scroll","background-type":"","background-media":"","overlay-type":"","overlay-color":"","overlay-opacity":"","overlay-gradient":""},"mobile":{"background-color":"","background-image":"","background-repeat":"repeat","background-position":"center center","background-size":"auto","background-attachment":"scroll","background-type":"","background-media":"","overlay-type":"","overlay-color":"","overlay-opacity":"","overlay-gradient":""}},"ast-content-background-meta":{"desktop":{"background-color":"var(--ast-global-color-5)","background-image":"","background-repeat":"repeat","background-position":"center center","background-size":"auto","background-attachment":"scroll","background-type":"","background-media":"","overlay-type":"","overlay-color":"","overlay-opacity":"","overlay-gradient":""},"tablet":{"background-color":"var(--ast-global-color-5)","background-image":"","background-repeat":"repeat","background-position":"center center","background-size":"auto","background-attachment":"scroll","background-type":"","background-media":"","overlay-type":"","overlay-color":"","overlay-opacity":"","overlay-gradient":""},"mobile":{"background-color":"var(--ast-global-color-5)","background-image":"","background-repeat":"repeat","background-position":"center center","background-size":"auto","background-attachment":"scroll","background-type":"","background-media":"","overlay-type":"","overlay-color":"","overlay-opacity":"","overlay-gradient":""}}},"product_brand":[],"product_cat":[151],"product_tag":[],"class_list":{"0":"post-2512","1":"product","2":"type-product","3":"status-publish","4":"has-post-thumbnail","6":"product_cat-geschenkkarte","7":"desktop-align-left","8":"tablet-align-left","9":"mobile-align-left","11":"first","12":"instock","13":"taxable","14":"shipping-taxable","15":"purchasable","16":"product-type-variable"},"bundled_by":[],"bundle_stock_status":"instock","bundle_stock_quantity":null,"bundle_virtual":false,"bundle_layout":"","bundle_add_to_cart_form_location":"","bundle_editable_in_cart":false,"bundle_sold_individually_context":"","bundle_item_grouping":"","bundle_min_size":"","bundle_max_size":"","bundle_price":[],"bundled_items":[],"bundle_sell_ids":[],"acf":[],"_links":{"self":[{"href":"https:\/\/luciacare.com\/de\/wp-json\/wp\/v2\/product\/2512","targetHints":{"allow":["GET"]}}],"collection":[{"href":"https:\/\/luciacare.com\/de\/wp-json\/wp\/v2\/product"}],"about":[{"href":"https:\/\/luciacare.com\/de\/wp-json\/wp\/v2\/types\/product"}],"replies":[{"embeddable":true,"href":"https:\/\/luciacare.com\/de\/wp-json\/wp\/v2\/comments?post=2512"}],"version-history":[{"count":0,"href":"https:\/\/luciacare.com\/de\/wp-json\/wp\/v2\/product\/2512\/revisions"}],"wp:featuredmedia":[{"embeddable":true,"href":"https:\/\/luciacare.com\/de\/wp-json\/wp\/v2\/media\/2459"}],"wp:attachment":[{"href":"https:\/\/luciacare.com\/de\/wp-json\/wp\/v2\/media?parent=2512"}],"wp:term":[{"taxonomy":"product_brand","embeddable":true,"href":"https:\/\/luciacare.com\/de\/wp-json\/wp\/v2\/product_brand?post=2512"},{"taxonomy":"product_cat","embeddable":true,"href":"https:\/\/luciacare.com\/de\/wp-json\/wp\/v2\/product_cat?post=2512"},{"taxonomy":"product_tag","embeddable":true,"href":"https:\/\/luciacare.com\/de\/wp-json\/wp\/v2\/product_tag?post=2512"}],"curies":[{"name":"wp","href":"https:\/\/api.w.org\/{rel}","templated":true}]}}