{"id":18615,"date":"2024-10-06T13:37:32","date_gmt":"2024-10-06T11:37:32","guid":{"rendered":"https:\/\/luciacare.com\/?post_type=product&#038;p=18615"},"modified":"2025-02-28T09:59:31","modified_gmt":"2025-02-28T08:59:31","slug":"24k-gold-set","status":"publish","type":"product","link":"https:\/\/luciacare.com\/de\/vare\/24k-gold-set\/","title":{"rendered":"24K Gold Set"},"content":{"rendered":"<p style=\"text-align: center;\"><strong>besteht aus<\/strong><\/p>\n<p style=\"text-align: center;\"><span style=\"font-weight: 400;\"><a href=\"https:\/\/luciacare.com\/de\/vare\/24k-pure-radiance-serum\/\">24K Pure Radiance Serum<\/a> ist ein reichhaltiges und exklusives Serum mit 24 Karat Gold, das den Glanz und die Elastizit\u00e4t der Haut erneuert, die regenerativen Eigenschaften der Haut st\u00e4rkt und sie mit einem vitalisierenden Feuchtigkeits- und N\u00e4hrstoffschub bereichert. <\/span><span style=\"font-weight: 400;\">\u00a0Das seidig glatte Serum verbessert sichtbar die Festigkeit und F\u00fclle der Haut und verleiht ihr einen frischen, strahlenden und gesunden Glanz.\u00a0<\/span><\/p>\n<p style=\"text-align: center;\"><a href=\"https:\/\/luciacare.com\/de\/vare\/rich-regenerative-face-cream-2\/\">24K Pure Balance Oil<\/a> ist ein reichhaltiges, n\u00e4hrendes und luxuri\u00f6ses Gesichts\u00f6l mit 24 Karat Gold, das f\u00fcr neuen Glanz und Vitalit\u00e4t sorgt und das Gleichgewicht der Haut harmonisiert. Das reichhaltige und warme \u00d6l zieht schnell ein und verleiht der Haut Feuchtigkeit, Geschmeidigkeit und tiefenwirksame Pflege, sodass sie seidig und gleichm\u00e4\u00dfig glatt erscheint und einen warmen Glanz erh\u00e4lt.<\/p>\n<p style=\"text-align: center;\"><span style=\"font-weight: 400;\"><br \/>\n24K Gold Set ist nicht kombinierbar mit anderen Rabatten.<\/span><\/p>\n","protected":false},"excerpt":{"rendered":"<p>24K Pure Radiance Serum 30ml<\/p>\n<p>24K Pure Balance Oil 30 ml<\/p>\n<p>&nbsp;<\/p>\n<p><em>24K Gold Set ist nicht kombinierbar mit anderen Rabatten.<\/em><\/p>\n","protected":false},"featured_media":18559,"comment_status":"closed","ping_status":"closed","template":"","meta":{"_acf_changed":false,"site-sidebar-layout":"default","site-content-layout":"","ast-site-content-layout":"default","site-content-style":"default","site-sidebar-style":"default","ast-global-header-display":"","ast-banner-title-visibility":"","ast-main-header-display":"","ast-hfb-above-header-display":"","ast-hfb-below-header-display":"","ast-hfb-mobile-header-display":"","site-post-title":"","ast-breadcrumbs-content":"","ast-featured-img":"","footer-sml-layout":"","ast-disable-related-posts":"","theme-transparent-header-meta":"default","adv-header-id-meta":"","stick-header-meta":"","header-above-stick-meta":"","header-main-stick-meta":"","header-below-stick-meta":"","astra-migrate-meta-layouts":"set","ast-page-background-enabled":"default","ast-page-background-meta":{"desktop":{"background-color":"var(--ast-global-color-4)","background-image":"","background-repeat":"repeat","background-position":"center center","background-size":"auto","background-attachment":"scroll","background-type":"","background-media":"","overlay-type":"","overlay-color":"","overlay-opacity":"","overlay-gradient":""},"tablet":{"background-color":"","background-image":"","background-repeat":"repeat","background-position":"center center","background-size":"auto","background-attachment":"scroll","background-type":"","background-media":"","overlay-type":"","overlay-color":"","overlay-opacity":"","overlay-gradient":""},"mobile":{"background-color":"","background-image":"","background-repeat":"repeat","background-position":"center center","background-size":"auto","background-attachment":"scroll","background-type":"","background-media":"","overlay-type":"","overlay-color":"","overlay-opacity":"","overlay-gradient":""}},"ast-content-background-meta":{"desktop":{"background-color":"var(--ast-global-color-5)","background-image":"","background-repeat":"repeat","background-position":"center center","background-size":"auto","background-attachment":"scroll","background-type":"","background-media":"","overlay-type":"","overlay-color":"","overlay-opacity":"","overlay-gradient":""},"tablet":{"background-color":"var(--ast-global-color-5)","background-image":"","background-repeat":"repeat","background-position":"center center","background-size":"auto","background-attachment":"scroll","background-type":"","background-media":"","overlay-type":"","overlay-color":"","overlay-opacity":"","overlay-gradient":""},"mobile":{"background-color":"var(--ast-global-color-5)","background-image":"","background-repeat":"repeat","background-position":"center center","background-size":"auto","background-attachment":"scroll","background-type":"","background-media":"","overlay-type":"","overlay-color":"","overlay-opacity":"","overlay-gradient":""}}},"product_brand":[],"product_cat":[525,276],"product_tag":[],"class_list":{"0":"post-18615","1":"product","2":"type-product","3":"status-publish","4":"has-post-thumbnail","6":"product_cat-gesehen","7":"product_cat-sample-de","8":"desktop-align-left","9":"tablet-align-left","10":"mobile-align-left","12":"first","13":"instock","14":"taxable","15":"shipping-taxable","16":"purchasable","17":"product-type-simple"},"bundled_by":[],"bundle_stock_status":"instock","bundle_stock_quantity":41,"bundle_virtual":false,"bundle_layout":"","bundle_add_to_cart_form_location":"","bundle_editable_in_cart":false,"bundle_sold_individually_context":"","bundle_item_grouping":"","bundle_min_size":"","bundle_max_size":"","bundle_price":[],"bundled_items":[],"bundle_sell_ids":[],"acf":[],"_links":{"self":[{"href":"https:\/\/luciacare.com\/de\/wp-json\/wp\/v2\/product\/18615","targetHints":{"allow":["GET"]}}],"collection":[{"href":"https:\/\/luciacare.com\/de\/wp-json\/wp\/v2\/product"}],"about":[{"href":"https:\/\/luciacare.com\/de\/wp-json\/wp\/v2\/types\/product"}],"replies":[{"embeddable":true,"href":"https:\/\/luciacare.com\/de\/wp-json\/wp\/v2\/comments?post=18615"}],"version-history":[{"count":6,"href":"https:\/\/luciacare.com\/de\/wp-json\/wp\/v2\/product\/18615\/revisions"}],"predecessor-version":[{"id":34027,"href":"https:\/\/luciacare.com\/de\/wp-json\/wp\/v2\/product\/18615\/revisions\/34027"}],"wp:featuredmedia":[{"embeddable":true,"href":"https:\/\/luciacare.com\/de\/wp-json\/wp\/v2\/media\/18559"}],"wp:attachment":[{"href":"https:\/\/luciacare.com\/de\/wp-json\/wp\/v2\/media?parent=18615"}],"wp:term":[{"taxonomy":"product_brand","embeddable":true,"href":"https:\/\/luciacare.com\/de\/wp-json\/wp\/v2\/product_brand?post=18615"},{"taxonomy":"product_cat","embeddable":true,"href":"https:\/\/luciacare.com\/de\/wp-json\/wp\/v2\/product_cat?post=18615"},{"taxonomy":"product_tag","embeddable":true,"href":"https:\/\/luciacare.com\/de\/wp-json\/wp\/v2\/product_tag?post=18615"}],"curies":[{"name":"wp","href":"https:\/\/api.w.org\/{rel}","templated":true}]}}