{"id":14740,"date":"2023-09-06T10:18:28","date_gmt":"2023-09-06T08:18:28","guid":{"rendered":"https:\/\/luciacare.com\/?post_type=product&#038;p=14740"},"modified":"2025-10-31T17:16:17","modified_gmt":"2025-10-31T16:16:17","slug":"24k-pure-radiance-serum","status":"publish","type":"product","link":"https:\/\/luciacare.com\/de\/vare\/24k-pure-radiance-serum\/","title":{"rendered":"24K Pure Radiance Serum"},"content":{"rendered":"<p><strong>Gesicht<\/strong><\/p>\n<p><span style=\"font-weight: 400;\">24K Pure Radiance Serum ist ein reichhaltiges und exklusives Serum mit 24 Karat Gold, das den Glanz und die Elastizit\u00e4t der Haut erneuert, die regenerativen Eigenschaften der Haut st\u00e4rkt und sie mit einem vitalisierenden Feuchtigkeits- und N\u00e4hrstoffschub bereichert. Weihrauch und Myrrhe optimieren das gesunde Gleichgewicht der Haut und spenden sch\u00fctzende Antioxidantien.<\/span> <span style=\"font-weight: 400;\">N\u00e4hrender Sanddorn macht die Haut weich und pflegt mit Vitaminen und hautverbessernden Omega-Fetts\u00e4uren. Zwei verschiedene Hyalurons\u00e4uren spenden intensive Feuchtigkeit bis tief in die Haut und gl\u00e4tten Linien und F\u00e4ltchen. Bio-Heilkr\u00e4uter regen auf nat\u00fcrliche Weise die Kollagenbildung der Haut an. Das seidig glatte Serum verbessert sichtbar die Festigkeit und F\u00fclle der Haut und verleiht ihr einen frischen, strahlenden und gesunden Glanz.\u00a0<\/span><\/p>\n","protected":false},"excerpt":{"rendered":"<p><span style=\"font-weight: 400;\">24K Pure Radiance Serum ist ein reichhaltiges und exklusives Serum mit 24 Karat Gold, das den Glanz und die Elastizit\u00e4t der Haut erneuert, die regenerativen Eigenschaften der Haut st\u00e4rkt und sie mit einem vitalisierenden Feuchtigkeits- und N\u00e4hrstoffschub bereichert. Weihrauch und Myrrhe optimieren das gesunde Gleichgewicht der Haut und spenden sch\u00fctzende Antioxidantien.<\/span> <span style=\"font-weight: 400;\">N\u00e4hrender Sanddorn macht die Haut weich und pflegt mit Vitaminen und hautverbessernden Omega-Fetts\u00e4uren. Zwei verschiedene Hyalurons\u00e4uren spenden intensive Feuchtigkeit bis tief in die Haut und gl\u00e4tten Linien und F\u00e4ltchen. Bio-Heilkr\u00e4uter regen auf nat\u00fcrliche Weise die Kollagenbildung der Haut an. Das seidig glatte Serum verbessert sichtbar die Festigkeit und F\u00fclle der Haut und verleiht ihr einen frischen, strahlenden und gesunden Glanz.\u00a0<\/span><\/p>\n","protected":false},"featured_media":30822,"comment_status":"open","ping_status":"closed","template":"","meta":{"_acf_changed":false,"site-sidebar-layout":"default","site-content-layout":"","ast-site-content-layout":"default","site-content-style":"default","site-sidebar-style":"default","ast-global-header-display":"","ast-banner-title-visibility":"","ast-main-header-display":"","ast-hfb-above-header-display":"","ast-hfb-below-header-display":"","ast-hfb-mobile-header-display":"","site-post-title":"","ast-breadcrumbs-content":"","ast-featured-img":"","footer-sml-layout":"","ast-disable-related-posts":"","theme-transparent-header-meta":"default","adv-header-id-meta":"","stick-header-meta":"","header-above-stick-meta":"","header-main-stick-meta":"","header-below-stick-meta":"","astra-migrate-meta-layouts":"set","ast-page-background-enabled":"default","ast-page-background-meta":{"desktop":{"background-color":"var(--ast-global-color-4)","background-image":"","background-repeat":"repeat","background-position":"center center","background-size":"auto","background-attachment":"scroll","background-type":"","background-media":"","overlay-type":"","overlay-color":"","overlay-opacity":"","overlay-gradient":""},"tablet":{"background-color":"","background-image":"","background-repeat":"repeat","background-position":"center center","background-size":"auto","background-attachment":"scroll","background-type":"","background-media":"","overlay-type":"","overlay-color":"","overlay-opacity":"","overlay-gradient":""},"mobile":{"background-color":"","background-image":"","background-repeat":"repeat","background-position":"center center","background-size":"auto","background-attachment":"scroll","background-type":"","background-media":"","overlay-type":"","overlay-color":"","overlay-opacity":"","overlay-gradient":""}},"ast-content-background-meta":{"desktop":{"background-color":"var(--ast-global-color-5)","background-image":"","background-repeat":"repeat","background-position":"center center","background-size":"auto","background-attachment":"scroll","background-type":"","background-media":"","overlay-type":"","overlay-color":"","overlay-opacity":"","overlay-gradient":""},"tablet":{"background-color":"var(--ast-global-color-5)","background-image":"","background-repeat":"repeat","background-position":"center center","background-size":"auto","background-attachment":"scroll","background-type":"","background-media":"","overlay-type":"","overlay-color":"","overlay-opacity":"","overlay-gradient":""},"mobile":{"background-color":"var(--ast-global-color-5)","background-image":"","background-repeat":"repeat","background-position":"center center","background-size":"auto","background-attachment":"scroll","background-type":"","background-media":"","overlay-type":"","overlay-color":"","overlay-opacity":"","overlay-gradient":""}}},"product_brand":[],"product_cat":[339],"product_tag":[365,431,444,445,448,458,456,441,459,453,439],"class_list":{"0":"post-14740","1":"product","2":"type-product","3":"status-publish","4":"has-post-thumbnail","6":"product_cat-ansigt-de","7":"product_tag-24k-gold-de","8":"product_tag-aloe-vera-de","9":"product_tag-hyaluronsaeure","10":"product_tag-kamille-de","11":"product_tag-mandeloel","12":"product_tag-myrrhe","13":"product_tag-ringelblume","14":"product_tag-sanddorn","15":"product_tag-schachtelhalm","16":"product_tag-sonnenblumenoel","17":"product_tag-weihrauch","18":"desktop-align-left","19":"tablet-align-left","20":"mobile-align-left","22":"first","23":"outofstock","24":"taxable","25":"shipping-taxable","26":"purchasable","27":"product-type-simple"},"bundled_by":["27089"],"bundle_stock_status":"outofstock","bundle_stock_quantity":null,"bundle_virtual":false,"bundle_layout":"","bundle_add_to_cart_form_location":"","bundle_editable_in_cart":false,"bundle_sold_individually_context":"","bundle_item_grouping":"","bundle_min_size":"","bundle_max_size":"","bundle_price":[],"bundled_items":[],"bundle_sell_ids":[],"acf":[],"_links":{"self":[{"href":"https:\/\/luciacare.com\/de\/wp-json\/wp\/v2\/product\/14740","targetHints":{"allow":["GET"]}}],"collection":[{"href":"https:\/\/luciacare.com\/de\/wp-json\/wp\/v2\/product"}],"about":[{"href":"https:\/\/luciacare.com\/de\/wp-json\/wp\/v2\/types\/product"}],"replies":[{"embeddable":true,"href":"https:\/\/luciacare.com\/de\/wp-json\/wp\/v2\/comments?post=14740"}],"version-history":[{"count":1,"href":"https:\/\/luciacare.com\/de\/wp-json\/wp\/v2\/product\/14740\/revisions"}],"predecessor-version":[{"id":20716,"href":"https:\/\/luciacare.com\/de\/wp-json\/wp\/v2\/product\/14740\/revisions\/20716"}],"wp:featuredmedia":[{"embeddable":true,"href":"https:\/\/luciacare.com\/de\/wp-json\/wp\/v2\/media\/30822"}],"wp:attachment":[{"href":"https:\/\/luciacare.com\/de\/wp-json\/wp\/v2\/media?parent=14740"}],"wp:term":[{"taxonomy":"product_brand","embeddable":true,"href":"https:\/\/luciacare.com\/de\/wp-json\/wp\/v2\/product_brand?post=14740"},{"taxonomy":"product_cat","embeddable":true,"href":"https:\/\/luciacare.com\/de\/wp-json\/wp\/v2\/product_cat?post=14740"},{"taxonomy":"product_tag","embeddable":true,"href":"https:\/\/luciacare.com\/de\/wp-json\/wp\/v2\/product_tag?post=14740"}],"curies":[{"name":"wp","href":"https:\/\/api.w.org\/{rel}","templated":true}]}}