{"id":14730,"date":"2023-09-06T09:44:12","date_gmt":"2023-09-06T07:44:12","guid":{"rendered":"https:\/\/luciacare.com\/?post_type=product&#038;p=14730"},"modified":"2024-12-20T11:30:18","modified_gmt":"2024-12-20T10:30:18","slug":"rich-regenerative-face-cream-2","status":"publish","type":"product","link":"https:\/\/luciacare.com\/de\/vare\/rich-regenerative-face-cream-2\/","title":{"rendered":"24K Pure Balance Oil"},"content":{"rendered":"<p><strong>Gesicht<\/strong><\/p>\n<p><span style=\"font-weight: 400;\">24K Pure Balance Oil ist ein reichhaltiges, n\u00e4hrendes und luxuri\u00f6ses Gesichts\u00f6l mit 24 Karat Gold, das f\u00fcr neuen Glanz und Vitalit\u00e4t sorgt und das Gleichgewicht der Haut harmonisiert. Speziell ausgew\u00e4hlte Bio-\u00d6le sowie regenerierende Wirkstoffe voller Vitamine, Mineralien und Antioxidantien verbessern die Hautgesundheit: Queller st\u00e4rkt die Hautbarriere und optimiert die F\u00e4higkeit der Haut, Feuchtigkeit zu speichern. Schachtelhalm und Ringelblume regen auf nat\u00fcrliche Weise die Kollagenproduktion der Haut an. Weihrauch und Myrrhe liften, straffen und gl\u00e4tten die Haut. Das reichhaltige und warme \u00d6l zieht schnell ein und verleiht der Haut Feuchtigkeit, Geschmeidigkeit und tiefenwirksame Pflege, sodass sie seidig und gleichm\u00e4\u00dfig glatt erscheint und einen warmen Glanz erh\u00e4lt.<\/span><\/p>\n","protected":false},"excerpt":{"rendered":"<p>Gesicht 24K Pure Balance Oil ist ein reichhaltiges, n\u00e4hrendes und luxuri\u00f6ses Gesichts\u00f6l mit 24 Karat Gold, das f\u00fcr neuen Glanz und Vitalit\u00e4t sorgt und das Gleichgewicht der Haut harmonisiert. Speziell ausgew\u00e4hlte Bio-\u00d6le sowie regenerierende Wirkstoffe voller Vitamine, Mineralien und Antioxidantien verbessern die Hautgesundheit: Queller st\u00e4rkt die Hautbarriere und optimiert die F\u00e4higkeit der Haut, Feuchtigkeit zu [&hellip;]<\/p>\n","protected":false},"featured_media":15889,"comment_status":"open","ping_status":"closed","template":"","meta":{"_acf_changed":false,"site-sidebar-layout":"default","site-content-layout":"","ast-site-content-layout":"default","site-content-style":"default","site-sidebar-style":"default","ast-global-header-display":"","ast-banner-title-visibility":"","ast-main-header-display":"","ast-hfb-above-header-display":"","ast-hfb-below-header-display":"","ast-hfb-mobile-header-display":"","site-post-title":"","ast-breadcrumbs-content":"","ast-featured-img":"","footer-sml-layout":"","ast-disable-related-posts":"","theme-transparent-header-meta":"default","adv-header-id-meta":"","stick-header-meta":"","header-above-stick-meta":"","header-main-stick-meta":"","header-below-stick-meta":"","astra-migrate-meta-layouts":"default","ast-page-background-enabled":"default","ast-page-background-meta":{"desktop":{"background-color":"var(--ast-global-color-4)","background-image":"","background-repeat":"repeat","background-position":"center center","background-size":"auto","background-attachment":"scroll","background-type":"","background-media":"","overlay-type":"","overlay-color":"","overlay-opacity":"","overlay-gradient":""},"tablet":{"background-color":"","background-image":"","background-repeat":"repeat","background-position":"center center","background-size":"auto","background-attachment":"scroll","background-type":"","background-media":"","overlay-type":"","overlay-color":"","overlay-opacity":"","overlay-gradient":""},"mobile":{"background-color":"","background-image":"","background-repeat":"repeat","background-position":"center center","background-size":"auto","background-attachment":"scroll","background-type":"","background-media":"","overlay-type":"","overlay-color":"","overlay-opacity":"","overlay-gradient":""}},"ast-content-background-meta":{"desktop":{"background-color":"var(--ast-global-color-5)","background-image":"","background-repeat":"repeat","background-position":"center center","background-size":"auto","background-attachment":"scroll","background-type":"","background-media":"","overlay-type":"","overlay-color":"","overlay-opacity":"","overlay-gradient":""},"tablet":{"background-color":"var(--ast-global-color-5)","background-image":"","background-repeat":"repeat","background-position":"center center","background-size":"auto","background-attachment":"scroll","background-type":"","background-media":"","overlay-type":"","overlay-color":"","overlay-opacity":"","overlay-gradient":""},"mobile":{"background-color":"var(--ast-global-color-5)","background-image":"","background-repeat":"repeat","background-position":"center center","background-size":"auto","background-attachment":"scroll","background-type":"","background-media":"","overlay-type":"","overlay-color":"","overlay-opacity":"","overlay-gradient":""}}},"product_brand":[],"product_cat":[339],"product_tag":[365,448,458,463,456,441,459,453,439],"class_list":{"0":"post-14730","1":"product","2":"type-product","3":"status-publish","4":"has-post-thumbnail","6":"product_cat-ansigt-de","7":"product_tag-24k-gold-de","8":"product_tag-mandeloel","9":"product_tag-myrrhe","10":"product_tag-queller","11":"product_tag-ringelblume","12":"product_tag-sanddorn","13":"product_tag-schachtelhalm","14":"product_tag-sonnenblumenoel","15":"product_tag-weihrauch","16":"desktop-align-left","17":"tablet-align-left","18":"mobile-align-left","20":"first","21":"instock","22":"taxable","23":"shipping-taxable","24":"purchasable","25":"product-type-simple"},"bundled_by":["27089"],"bundle_stock_status":"instock","bundle_stock_quantity":null,"bundle_virtual":false,"bundle_layout":"","bundle_add_to_cart_form_location":"","bundle_editable_in_cart":false,"bundle_sold_individually_context":"","bundle_item_grouping":"","bundle_min_size":"","bundle_max_size":"","bundle_price":[],"bundled_items":[],"bundle_sell_ids":[],"acf":[],"_links":{"self":[{"href":"https:\/\/luciacare.com\/de\/wp-json\/wp\/v2\/product\/14730","targetHints":{"allow":["GET"]}}],"collection":[{"href":"https:\/\/luciacare.com\/de\/wp-json\/wp\/v2\/product"}],"about":[{"href":"https:\/\/luciacare.com\/de\/wp-json\/wp\/v2\/types\/product"}],"replies":[{"embeddable":true,"href":"https:\/\/luciacare.com\/de\/wp-json\/wp\/v2\/comments?post=14730"}],"version-history":[{"count":0,"href":"https:\/\/luciacare.com\/de\/wp-json\/wp\/v2\/product\/14730\/revisions"}],"wp:featuredmedia":[{"embeddable":true,"href":"https:\/\/luciacare.com\/de\/wp-json\/wp\/v2\/media\/15889"}],"wp:attachment":[{"href":"https:\/\/luciacare.com\/de\/wp-json\/wp\/v2\/media?parent=14730"}],"wp:term":[{"taxonomy":"product_brand","embeddable":true,"href":"https:\/\/luciacare.com\/de\/wp-json\/wp\/v2\/product_brand?post=14730"},{"taxonomy":"product_cat","embeddable":true,"href":"https:\/\/luciacare.com\/de\/wp-json\/wp\/v2\/product_cat?post=14730"},{"taxonomy":"product_tag","embeddable":true,"href":"https:\/\/luciacare.com\/de\/wp-json\/wp\/v2\/product_tag?post=14730"}],"curies":[{"name":"wp","href":"https:\/\/api.w.org\/{rel}","templated":true}]}}