{"id":2334,"date":"2021-06-21T11:16:00","date_gmt":"2021-06-21T09:16:00","guid":{"rendered":"https:\/\/luciacare.com\/det-vi-tror-paa\/"},"modified":"2026-04-29T21:09:53","modified_gmt":"2026-04-29T19:09:53","slug":"unsere-werte","status":"publish","type":"page","link":"https:\/\/luciacare.com\/de\/unsere-werte\/","title":{"rendered":"Unsere Werte"},"content":{"rendered":"\t\t<div data-elementor-type=\"wp-page\" data-elementor-id=\"2334\" class=\"elementor elementor-2334 elementor-977\" data-elementor-post-type=\"page\">\n\t\t\t\t<div class=\"has_ae_slider elementor-element elementor-element-247e34a e-flex e-con-boxed ae-bg-gallery-type-default e-con e-parent\" data-id=\"247e34a\" data-element_type=\"container\" data-e-type=\"container\" data-settings=\"{&quot;background_background&quot;:&quot;classic&quot;}\">\n\t\t\t\t\t<div class=\"e-con-inner\">\n\t\t\t\t\t<\/div>\n\t\t\t\t<\/div>\n\t\t<div class=\"has_ae_slider elementor-element elementor-element-5e095fd e-flex e-con-boxed ae-bg-gallery-type-default e-con e-parent\" data-id=\"5e095fd\" data-element_type=\"container\" data-e-type=\"container\" data-settings=\"{&quot;background_background&quot;:&quot;classic&quot;}\">\n\t\t\t\t\t<div class=\"e-con-inner\">\n\t\t<div class=\"has_ae_slider elementor-element elementor-element-10ab0c6 e-flex e-con-boxed ae-bg-gallery-type-default e-con e-child\" data-id=\"10ab0c6\" data-element_type=\"container\" data-e-type=\"container\" data-settings=\"{&quot;background_background&quot;:&quot;classic&quot;}\">\n\t\t\t\t\t<div class=\"e-con-inner\">\n\t\t\t\t<div class=\"elementor-element elementor-element-34f687f elementor-widget elementor-widget-heading\" data-id=\"34f687f\" data-element_type=\"widget\" data-e-type=\"widget\" data-widget_type=\"heading.default\">\n\t\t\t\t\t\t<div class=\"elementor-widget-container\">\n\t\t\t\t\t<h1 class=\"elementor-heading-title elementor-size-default\">Woran wir glauben<\/h1>\t\t\t\t<\/div>\n\t\t\t\t<\/div>\n\t\t\t\t<div class=\"elementor-element elementor-element-3b67343 elementor-widget elementor-widget-text-editor\" data-id=\"3b67343\" data-element_type=\"widget\" data-e-type=\"widget\" data-widget_type=\"text-editor.default\">\n\t\t\t\t\t\t<div class=\"elementor-widget-container\">\n\t\t\t\t\t\t\t\t\t<p>Bei Lucia Care haben wir gr\u00f6\u00dften Respekt vor der Natur. Es erstreckt sich vom Wurzelgeflecht der Pflanzen bis hinauf zum Himmel, von dem aus alle Lebewesen Licht und Wasser suchen. Die pflanzlichen und ganzheitlichen Hautpflegeprodukte von Lucia Care spiegeln diesen Respekt vor der untrennbaren Verbindung zwischen Mensch und Natur wider.<\/p>\n<p>Die Essenz von Lucia Care<\/p>\n<p>Wir setzen die reiche Flora der Natur in Formeln um, wenn wir die Pflanzen mit Respekt vor ihrem h\u00f6chsten Potenzial behandeln. Basierend auf empirischen Erkenntnissen w\u00e4hlt Nanna Kirkebjerg die Heilkr\u00e4uter und ihre einzigartigen Kombinationen in jedem einzelnen Produkt aus. Das Besondere an Lucia Care ist neben diesem medizinischen Ansatz die Verwendung \u00e4therischer \u00d6le.<\/p>\n<p>Zusammen mit Pflanzenextrakten sind die \u00e4therischen \u00d6le Wirkstoffe mit pflegenden Eigenschaften f\u00fcr K\u00f6rper und Geist. Die \u00e4therischen \u00d6le reichen daher viel tiefer als der Duft.<\/p>\n\t\t\t\t\t\t\t\t<\/div>\n\t\t\t\t<\/div>\n\t\t\t\t\t<\/div>\n\t\t\t\t<\/div>\n\t\t\t\t\t<\/div>\n\t\t\t\t<\/div>\n\t\t<div class=\"has_ae_slider elementor-element elementor-element-245feedf e-flex e-con-boxed ae-bg-gallery-type-default e-con e-parent\" data-id=\"245feedf\" data-element_type=\"container\" data-e-type=\"container\">\n\t\t\t\t\t<div class=\"e-con-inner\">\n\t\t\t\t<div class=\"elementor-element elementor-element-02076e6 elementor-widget elementor-widget-heading\" data-id=\"02076e6\" data-element_type=\"widget\" data-e-type=\"widget\" data-widget_type=\"heading.default\">\n\t\t\t\t\t\t<div class=\"elementor-widget-container\">\n\t\t\t\t\t<h2 class=\"elementor-heading-title elementor-size-default\">Zertifizierungen<\/h2>\t\t\t\t<\/div>\n\t\t\t\t<\/div>\n\t\t\t\t<div class=\"elementor-element elementor-element-65dee57 elementor-widget elementor-widget-text-editor\" data-id=\"65dee57\" data-element_type=\"widget\" data-e-type=\"widget\" data-widget_type=\"text-editor.default\">\n\t\t\t\t\t\t<div class=\"elementor-widget-container\">\n\t\t\t\t\t\t\t\t\t<p>Jedes einzelne Produkt von Lucia Care ist zertifiziert und wird in Zusammenarbeit mit Dermapharm nach nachhaltigen Grunds\u00e4tzen entwickelt. Die Produkte verf\u00fcgen \u00fcber anerkannte internationale Zertifizierungen, \u00fcber die Sie hier mehr erfahren k\u00f6nnen.<\/p>\n\t\t\t\t\t\t\t\t<\/div>\n\t\t\t\t<\/div>\n\t\t\t\t<div class=\"elementor-element elementor-element-6cc10f9 elementor-position-left elementor-vertical-align-middle elementor-widget elementor-widget-image-box\" data-id=\"6cc10f9\" data-element_type=\"widget\" data-e-type=\"widget\" data-widget_type=\"image-box.default\">\n\t\t\t\t\t\t<div class=\"elementor-widget-container\">\n\t\t\t\t\t<div class=\"elementor-image-box-wrapper\"><figure class=\"elementor-image-box-img\"><a href=\"https:\/\/www.ecocert.com\/en\/certification-detail\/natural-and-organic-cosmetics-cosmos\" target=\"_blank\" tabindex=\"-1\"><img decoding=\"async\" src=\"https:\/\/luciacare.com\/wp-content\/uploads\/2021\/06\/ECOCERTCosmos-Organic_Lucia-Green.svg\" class=\"attachment-full size-full wp-image-2336\" alt=\"\u00d8kologisk\" \/><\/a><\/figure><div class=\"elementor-image-box-content\"><h3 class=\"elementor-image-box-title\"><a href=\"https:\/\/www.ecocert.com\/en\/certification-detail\/natural-and-organic-cosmetics-cosmos\" target=\"_blank\">COSMOS Organic<\/a><\/h3><p class=\"elementor-image-box-description\">COSMOS ist eine europaweite Zertifizierung von Bio-Kosmetikprodukten. Das COSMOS-Label besagt, dass die Inhaltsstoffe des gekennzeichneten Produkts verantwortungsbewusst und umweltschonend angebaut werden. Es ist Ihre Garantie, dass wir hohe Standards bei der Wahl der Rohstoffe, dem Anbau und den Inhalten der \u00d6kologie gesetzt haben.  Um die Zertifizierung zu erhalten, m\u00fcssen mindestens 95 % der pflanzlichen Inhaltsstoffe biologisch sein und die biologischen Inhaltsstoffe m\u00fcssen mindestens 20 % des Produkts ausmachen \u2013 10 %, wenn das Produkt abgewaschen wird. Ecocert ist eine Zertifizierungsstelle f\u00fcr nachhaltige Entwicklung. <\/p><\/div><\/div>\t\t\t\t<\/div>\n\t\t\t\t<\/div>\n\t\t\t\t<div class=\"elementor-element elementor-element-362ca30 elementor-position-left elementor-vertical-align-middle elementor-widget elementor-widget-image-box\" data-id=\"362ca30\" data-element_type=\"widget\" data-e-type=\"widget\" data-widget_type=\"image-box.default\">\n\t\t\t\t\t\t<div class=\"elementor-widget-container\">\n\t\t\t\t\t<div class=\"elementor-image-box-wrapper\"><figure class=\"elementor-image-box-img\"><a href=\"https:\/\/www.vegansociety.com\/your-business\/about-vegan-trademark\" target=\"_blank\" tabindex=\"-1\"><img decoding=\"async\" src=\"https:\/\/luciacare.com\/wp-content\/uploads\/2021\/06\/VeganTM_Lucia-Care-green.svg\" class=\"attachment-full size-full wp-image-2405\" alt=\"Vegan\" \/><\/a><\/figure><div class=\"elementor-image-box-content\"><h3 class=\"elementor-image-box-title\"><a href=\"https:\/\/www.vegansociety.com\/your-business\/about-vegan-trademark\" target=\"_blank\">Vegan Trademark<\/a><\/h3><p class=\"elementor-image-box-description\">Die meisten Lucia Care Produkte sind Vegan-Trademark-zertifiziert. Das ist Ihre Garantie, dass die Produkte von Lucia Care keine tierischen Inhaltsstoffe enthalten oder an Tieren getestet wurden.<\/p><\/div><\/div>\t\t\t\t<\/div>\n\t\t\t\t<\/div>\n\t\t\t\t\t<\/div>\n\t\t\t\t<\/div>\n\t\t<div class=\"has_ae_slider elementor-element elementor-element-390b34f e-flex e-con-boxed ae-bg-gallery-type-default e-con e-parent\" data-id=\"390b34f\" data-element_type=\"container\" data-e-type=\"container\">\n\t\t\t\t\t<div class=\"e-con-inner\">\n\t\t<div class=\"has_ae_slider elementor-element elementor-element-f2a50bc e-flex e-con-boxed ae-bg-gallery-type-default e-con e-child\" data-id=\"f2a50bc\" data-element_type=\"container\" data-e-type=\"container\" data-settings=\"{&quot;background_background&quot;:&quot;classic&quot;}\">\n\t\t\t\t\t<div class=\"e-con-inner\">\n\t\t\t\t<div class=\"elementor-element elementor-element-76531b7 elementor-widget elementor-widget-heading\" data-id=\"76531b7\" data-element_type=\"widget\" data-e-type=\"widget\" data-widget_type=\"heading.default\">\n\t\t\t\t\t\t<div class=\"elementor-widget-container\">\n\t\t\t\t\t<h2 class=\"elementor-heading-title elementor-size-default\">Warum tr\u00e4gt Lucia Care kein Nordic Swan Ecolabel?<\/h2>\t\t\t\t<\/div>\n\t\t\t\t<\/div>\n\t\t\t\t<div class=\"elementor-element elementor-element-da8f3cb elementor-widget elementor-widget-text-editor\" data-id=\"da8f3cb\" data-element_type=\"widget\" data-e-type=\"widget\" data-widget_type=\"text-editor.default\">\n\t\t\t\t\t\t<div class=\"elementor-widget-container\">\n\t\t\t\t\t\t\t\t\t<p>Lucia Care ist nicht mit dem Nordic Swan Ecolabel zertifiziert, da wir uns f\u00fcr die Verwendung starker biologischer Heilkr\u00e4uter entschieden haben, die \u00e4therische \u00d6le enthalten. Diese \u00d6le haben wichtige hautpflegende Eigenschaften und enthalten von Natur aus einige der deklarationspflichtigen Duftstoffe.<\/p>\n<p>Wir stehen bei weiteren Fragen zu unsereren Zertifizierungen gerne zur Verf\u00fcgung.Bitte wenden Sie sich an: info@luciacare.com<\/p>\n\t\t\t\t\t\t\t\t<\/div>\n\t\t\t\t<\/div>\n\t\t\t\t<div class=\"elementor-element elementor-element-2bd4f64 elementor-align-center elementor-widget elementor-widget-button\" data-id=\"2bd4f64\" data-element_type=\"widget\" data-e-type=\"widget\" data-widget_type=\"button.default\">\n\t\t\t\t\t\t<div class=\"elementor-widget-container\">\n\t\t\t\t\t\t\t\t\t<div class=\"elementor-button-wrapper\">\n\t\t\t\t\t<a class=\"elementor-button elementor-button-link elementor-size-sm\" href=\"https:\/\/luciacare.com\/de\/herbarium\/\">\n\t\t\t\t\t\t<span class=\"elementor-button-content-wrapper\">\n\t\t\t\t\t\t\t\t\t<span class=\"elementor-button-text\">Lesen Sie mehr \u00fcber die von uns verwendeten Heilpflanzen und Wirkstoffe<\/span>\n\t\t\t\t\t<\/span>\n\t\t\t\t\t<\/a>\n\t\t\t\t<\/div>\n\t\t\t\t\t\t\t\t<\/div>\n\t\t\t\t<\/div>\n\t\t\t\t\t<\/div>\n\t\t\t\t<\/div>\n\t\t\t\t\t<\/div>\n\t\t\t\t<\/div>\n\t\t<div class=\"has_ae_slider elementor-element elementor-element-3b03caa e-flex e-con-boxed ae-bg-gallery-type-default e-con e-parent\" data-id=\"3b03caa\" data-element_type=\"container\" data-e-type=\"container\">\n\t\t\t\t\t<div class=\"e-con-inner\">\n\t\t\t\t<div class=\"elementor-element elementor-element-cdeb71e elementor-widget elementor-widget-heading\" data-id=\"cdeb71e\" data-element_type=\"widget\" data-e-type=\"widget\" data-widget_type=\"heading.default\">\n\t\t\t\t\t\t<div class=\"elementor-widget-container\">\n\t\t\t\t\t<h2 class=\"elementor-heading-title elementor-size-default\">Au\u00dfen wie innen gr\u00fcn<\/h2>\t\t\t\t<\/div>\n\t\t\t\t<\/div>\n\t\t\t\t<div class=\"elementor-element elementor-element-970fc43 elementor-widget elementor-widget-text-editor\" data-id=\"970fc43\" data-element_type=\"widget\" data-e-type=\"widget\" data-widget_type=\"text-editor.default\">\n\t\t\t\t\t\t<div class=\"elementor-widget-container\">\n\t\t\t\t\t\t\t\t\t<p>Es ist Teil der Philosophie von Lucia Care, ein H\u00f6chstma\u00df an Nachhaltigkeit anzustreben.<\/p>\n\t\t\t\t\t\t\t\t<\/div>\n\t\t\t\t<\/div>\n\t\t\t\t<div class=\"elementor-element elementor-element-d28865a elementor-widget elementor-widget-image\" data-id=\"d28865a\" data-element_type=\"widget\" data-e-type=\"widget\" data-widget_type=\"image.default\">\n\t\t\t\t\t\t<div class=\"elementor-widget-container\">\n\t\t\t\t\t\t\t\t\t\t\t\t\t\t\t<img fetchpriority=\"high\" decoding=\"async\" width=\"1024\" height=\"938\" src=\"https:\/\/luciacare.com\/wp-content\/uploads\/2022\/08\/Family_narrow-web-1024x938.png\" class=\"attachment-large size-large wp-image-11501\" alt=\"\" srcset=\"https:\/\/luciacare.com\/wp-content\/uploads\/2022\/08\/Family_narrow-web-1024x938.png.webp 1024w, https:\/\/luciacare.com\/wp-content\/uploads\/2022\/08\/Family_narrow-web-300x275.png.webp 300w, https:\/\/luciacare.com\/wp-content\/uploads\/2022\/08\/Family_narrow-web-600x550.png.webp 600w, https:\/\/luciacare.com\/wp-content\/uploads\/2022\/08\/Family_narrow-web.png.webp 1181w\" sizes=\"(max-width: 1024px) 100vw, 1024px\" \/>\t\t\t\t\t\t\t\t\t\t\t\t\t\t\t<\/div>\n\t\t\t\t<\/div>\n\t\t\t\t<div class=\"elementor-element elementor-element-3249196 elementor-widget elementor-widget-spacer\" data-id=\"3249196\" data-element_type=\"widget\" data-e-type=\"widget\" data-widget_type=\"spacer.default\">\n\t\t\t\t\t\t<div class=\"elementor-widget-container\">\n\t\t\t\t\t\t\t<div class=\"elementor-spacer\">\n\t\t\t<div class=\"elementor-spacer-inner\"><\/div>\n\t\t<\/div>\n\t\t\t\t\t\t<\/div>\n\t\t\t\t<\/div>\n\t\t\t\t<div class=\"elementor-element elementor-element-eca33fa elementor-align-center elementor-widget elementor-widget-button\" data-id=\"eca33fa\" data-element_type=\"widget\" data-e-type=\"widget\" data-widget_type=\"button.default\">\n\t\t\t\t\t\t<div class=\"elementor-widget-container\">\n\t\t\t\t\t\t\t\t\t<div class=\"elementor-button-wrapper\">\n\t\t\t\t\t<a class=\"elementor-button elementor-button-link elementor-size-sm\" href=\"https:\/\/luciacare.com\/de\/shop-2\/\">\n\t\t\t\t\t\t<span class=\"elementor-button-content-wrapper\">\n\t\t\t\t\t\t\t\t\t<span class=\"elementor-button-text\">Gehen Sie zum Webshop<\/span>\n\t\t\t\t\t<\/span>\n\t\t\t\t\t<\/a>\n\t\t\t\t<\/div>\n\t\t\t\t\t\t\t\t<\/div>\n\t\t\t\t<\/div>\n\t\t\t\t\t<\/div>\n\t\t\t\t<\/div>\n\t\t<div class=\"has_ae_slider elementor-element elementor-element-55bb118 e-flex e-con-boxed ae-bg-gallery-type-default e-con e-parent\" data-id=\"55bb118\" data-element_type=\"container\" data-e-type=\"container\">\n\t\t\t\t\t<div class=\"e-con-inner\">\n\t\t<div class=\"has_ae_slider elementor-element elementor-element-6ea1849 e-con-full e-flex ae-bg-gallery-type-default e-con e-child\" data-id=\"6ea1849\" data-element_type=\"container\" data-e-type=\"container\">\n\t\t\t\t<div class=\"elementor-element elementor-element-b235754 elementor-widget elementor-widget-heading\" data-id=\"b235754\" data-element_type=\"widget\" data-e-type=\"widget\" data-widget_type=\"heading.default\">\n\t\t\t\t\t\t<div class=\"elementor-widget-container\">\n\t\t\t\t\t<h3 class=\"elementor-heading-title elementor-size-default\">Gr\u00fcne Hautpflege-Routine<\/h3>\t\t\t\t<\/div>\n\t\t\t\t<\/div>\n\t\t\t\t<div class=\"elementor-element elementor-element-09095db elementor-widget elementor-widget-text-editor\" data-id=\"09095db\" data-element_type=\"widget\" data-e-type=\"widget\" data-widget_type=\"text-editor.default\">\n\t\t\t\t\t\t<div class=\"elementor-widget-container\">\n\t\t\t\t\t\t\t\t\t<p>Die Produkte von Lucia Care bilden ein ganzheitliches Universum mit mehreren Multipflegeprodukten. Durch die Verwendung des gleichen Produkts f\u00fcr z.B. Gesicht und K\u00f6rper k\u00f6nnen Sie Ihre Hautpflege gr\u00fcner, einfacher und umweltfreundlicher gestalten. Die Produkte von Lucia Care zeichnen sich zudem durch einen Unisex-Duft aus und k\u00f6nnen von der ganzen Familie verwendet werden.<\/p>\n\t\t\t\t\t\t\t\t<\/div>\n\t\t\t\t<\/div>\n\t\t\t\t<\/div>\n\t\t<div class=\"has_ae_slider elementor-element elementor-element-972885d e-con-full e-flex ae-bg-gallery-type-default e-con e-child\" data-id=\"972885d\" data-element_type=\"container\" data-e-type=\"container\">\n\t\t\t\t<div class=\"elementor-element elementor-element-27fa66e elementor-widget elementor-widget-heading\" data-id=\"27fa66e\" data-element_type=\"widget\" data-e-type=\"widget\" data-widget_type=\"heading.default\">\n\t\t\t\t\t\t<div class=\"elementor-widget-container\">\n\t\t\t\t\t<h3 class=\"elementor-heading-title elementor-size-default\">Recycelter Kunststoff und Glas<\/h3>\t\t\t\t<\/div>\n\t\t\t\t<\/div>\n\t\t\t\t<div class=\"elementor-element elementor-element-33596c3 elementor-widget elementor-widget-text-editor\" data-id=\"33596c3\" data-element_type=\"widget\" data-e-type=\"widget\" data-widget_type=\"text-editor.default\">\n\t\t\t\t\t\t<div class=\"elementor-widget-container\">\n\t\t\t\t\t\t\t\t\t<p>Unsere Reise in Richtung Nachhaltigkeit h\u00f6rt nie auf. Dies spiegelt sich auch in unseren Verpackungen wider, die weitestgehend aus Glas und recyceltem Kunststoff hergestellt werden. Alle unsere Kartons bestehen aus Recyclingpapier und alle Verpackungen k\u00f6nnen recycelt werden.<\/p>\n\t\t\t\t\t\t\t\t<\/div>\n\t\t\t\t<\/div>\n\t\t\t\t<\/div>\n\t\t\t\t\t<\/div>\n\t\t\t\t<\/div>\n\t\t\t\t<\/div>\n\t\t","protected":false},"excerpt":{"rendered":"<p>Woran wir glauben Bei Lucia Care haben wir gr\u00f6\u00dften Respekt vor der Natur. Es erstreckt sich vom Wurzelgeflecht der Pflanzen bis hinauf zum Himmel, von dem aus alle Lebewesen Licht und Wasser suchen. Die pflanzlichen und ganzheitlichen Hautpflegeprodukte von Lucia Care spiegeln diesen Respekt vor der untrennbaren Verbindung zwischen Mensch und Natur wider. Die Essenz [&hellip;]<\/p>\n","protected":false},"author":3,"featured_media":0,"parent":0,"menu_order":0,"comment_status":"closed","ping_status":"closed","template":"","meta":{"_acf_changed":false,"site-sidebar-layout":"default","site-content-layout":"","ast-site-content-layout":"default","site-content-style":"default","site-sidebar-style":"default","ast-global-header-display":"","ast-banner-title-visibility":"","ast-main-header-display":"","ast-hfb-above-header-display":"","ast-hfb-below-header-display":"","ast-hfb-mobile-header-display":"","site-post-title":"","ast-breadcrumbs-content":"","ast-featured-img":"","footer-sml-layout":"","ast-disable-related-posts":"","theme-transparent-header-meta":"","adv-header-id-meta":"","stick-header-meta":"","header-above-stick-meta":"","header-main-stick-meta":"","header-below-stick-meta":"","astra-migrate-meta-layouts":"default","ast-page-background-enabled":"default","ast-page-background-meta":{"desktop":{"background-color":"var(--ast-global-color-4)","background-image":"","background-repeat":"repeat","background-position":"center center","background-size":"auto","background-attachment":"scroll","background-type":"","background-media":"","overlay-type":"","overlay-color":"","overlay-opacity":"","overlay-gradient":""},"tablet":{"background-color":"","background-image":"","background-repeat":"repeat","background-position":"center center","background-size":"auto","background-attachment":"scroll","background-type":"","background-media":"","overlay-type":"","overlay-color":"","overlay-opacity":"","overlay-gradient":""},"mobile":{"background-color":"","background-image":"","background-repeat":"repeat","background-position":"center center","background-size":"auto","background-attachment":"scroll","background-type":"","background-media":"","overlay-type":"","overlay-color":"","overlay-opacity":"","overlay-gradient":""}},"ast-content-background-meta":{"desktop":{"background-color":"var(--ast-global-color-5)","background-image":"","background-repeat":"repeat","background-position":"center center","background-size":"auto","background-attachment":"scroll","background-type":"","background-media":"","overlay-type":"","overlay-color":"","overlay-opacity":"","overlay-gradient":""},"tablet":{"background-color":"var(--ast-global-color-5)","background-image":"","background-repeat":"repeat","background-position":"center center","background-size":"auto","background-attachment":"scroll","background-type":"","background-media":"","overlay-type":"","overlay-color":"","overlay-opacity":"","overlay-gradient":""},"mobile":{"background-color":"var(--ast-global-color-5)","background-image":"","background-repeat":"repeat","background-position":"center center","background-size":"auto","background-attachment":"scroll","background-type":"","background-media":"","overlay-type":"","overlay-color":"","overlay-opacity":"","overlay-gradient":""}},"footnotes":""},"class_list":["post-2334","page","type-page","status-publish","hentry"],"acf":[],"_links":{"self":[{"href":"https:\/\/luciacare.com\/de\/wp-json\/wp\/v2\/pages\/2334","targetHints":{"allow":["GET"]}}],"collection":[{"href":"https:\/\/luciacare.com\/de\/wp-json\/wp\/v2\/pages"}],"about":[{"href":"https:\/\/luciacare.com\/de\/wp-json\/wp\/v2\/types\/page"}],"author":[{"embeddable":true,"href":"https:\/\/luciacare.com\/de\/wp-json\/wp\/v2\/users\/3"}],"replies":[{"embeddable":true,"href":"https:\/\/luciacare.com\/de\/wp-json\/wp\/v2\/comments?post=2334"}],"version-history":[{"count":8,"href":"https:\/\/luciacare.com\/de\/wp-json\/wp\/v2\/pages\/2334\/revisions"}],"predecessor-version":[{"id":36711,"href":"https:\/\/luciacare.com\/de\/wp-json\/wp\/v2\/pages\/2334\/revisions\/36711"}],"wp:attachment":[{"href":"https:\/\/luciacare.com\/de\/wp-json\/wp\/v2\/media?parent=2334"}],"curies":[{"name":"wp","href":"https:\/\/api.w.org\/{rel}","templated":true}]}}