{"id":2331,"date":"2021-04-26T12:53:00","date_gmt":"2021-04-26T10:53:00","guid":{"rendered":"https:\/\/luciacare.com\/naturlig-hudpleje\/"},"modified":"2023-12-11T05:09:54","modified_gmt":"2023-12-11T04:09:54","slug":"naturliche-hautpflege","status":"publish","type":"page","link":"https:\/\/luciacare.com\/de\/naturliche-hautpflege\/","title":{"rendered":"Nat\u00fcrliche Hautpflege"},"content":{"rendered":"\t\t<div data-elementor-type=\"wp-page\" data-elementor-id=\"2331\" class=\"elementor elementor-2331 elementor-106\" data-elementor-post-type=\"page\">\n\t\t\t\t<div class=\"has_ae_slider elementor-element elementor-element-b413c1a e-flex e-con-boxed ae-bg-gallery-type-default e-con e-parent\" data-id=\"b413c1a\" data-element_type=\"container\" data-e-type=\"container\">\n\t\t\t\t\t<div class=\"e-con-inner\">\n\t\t\t\t<div class=\"elementor-element elementor-element-00710ad elementor-widget elementor-widget-image\" data-id=\"00710ad\" data-element_type=\"widget\" data-e-type=\"widget\" data-widget_type=\"image.default\">\n\t\t\t\t\t\t<div class=\"elementor-widget-container\">\n\t\t\t\t\t\t\t\t\t\t\t\t\t\t\t<img fetchpriority=\"high\" decoding=\"async\" width=\"768\" height=\"453\" src=\"https:\/\/luciacare.com\/wp-content\/uploads\/2022\/08\/Family_wide-768x453.png\" class=\"attachment-medium_large size-medium_large wp-image-6496\" alt=\"\" srcset=\"https:\/\/luciacare.com\/wp-content\/uploads\/2022\/08\/Family_wide-768x453.png 768w, https:\/\/luciacare.com\/wp-content\/uploads\/2022\/08\/Family_wide-1600x944.png 1600w, https:\/\/luciacare.com\/wp-content\/uploads\/2022\/08\/Family_wide-300x177.png 300w, https:\/\/luciacare.com\/wp-content\/uploads\/2022\/08\/Family_wide-1024x604.png 1024w, https:\/\/luciacare.com\/wp-content\/uploads\/2022\/08\/Family_wide-1536x906.png 1536w, https:\/\/luciacare.com\/wp-content\/uploads\/2022\/08\/Family_wide-2048x1208.png 2048w, https:\/\/luciacare.com\/wp-content\/uploads\/2022\/08\/Family_wide-1568x925.png 1568w, https:\/\/luciacare.com\/wp-content\/uploads\/2022\/08\/Family_wide-450x266.png 450w, https:\/\/luciacare.com\/wp-content\/uploads\/2022\/08\/Family_wide-600x354.png 600w\" sizes=\"(max-width: 768px) 100vw, 768px\" \/>\t\t\t\t\t\t\t\t\t\t\t\t\t\t\t<\/div>\n\t\t\t\t<\/div>\n\t\t\t\t\t<\/div>\n\t\t\t\t<\/div>\n\t\t<div class=\"has_ae_slider elementor-element elementor-element-0d36bb9 e-flex e-con-boxed ae-bg-gallery-type-default e-con e-parent\" data-id=\"0d36bb9\" data-element_type=\"container\" data-e-type=\"container\">\n\t\t\t\t\t<div class=\"e-con-inner\">\n\t\t\t\t<div class=\"elementor-element elementor-element-f2c85cb elementor-widget elementor-widget-heading\" data-id=\"f2c85cb\" data-element_type=\"widget\" data-e-type=\"widget\" data-widget_type=\"heading.default\">\n\t\t\t\t\t\t<div class=\"elementor-widget-container\">\n\t\t\t\t\t<h2 class=\"elementor-heading-title elementor-size-default\">Heilkr\u00e4uter in Cremetiegeln<\/h2>\t\t\t\t<\/div>\n\t\t\t\t<\/div>\n\t\t\t\t<div class=\"elementor-element elementor-element-8947c3c elementor-widget elementor-widget-text-editor\" data-id=\"8947c3c\" data-element_type=\"widget\" data-e-type=\"widget\" data-widget_type=\"text-editor.default\">\n\t\t\t\t\t\t<div class=\"elementor-widget-container\">\n\t\t\t\t\t\t\t\t\t<p>Die Hautpflegeserie Lucia Care basiert auf alten Heilkr\u00e4utern und verbindet naturheilkundliche Traditionen mit moderner Dermatologie und Pharmakologie. Alle Produkte sind darauf ausgerichtet, die Haut zu n\u00e4hren, zu pflegen und zu sch\u00fctzen. Sie k\u00f6nnen einzeln oder als Multiprodukt in t\u00e4glichen Pflegeritualen eingesetzt werden.<\/p>\n\t\t\t\t\t\t\t\t<\/div>\n\t\t\t\t<\/div>\n\t\t\t\t<div class=\"elementor-element elementor-element-a614ac7 elementor-align-center elementor-widget elementor-widget-button\" data-id=\"a614ac7\" data-element_type=\"widget\" data-e-type=\"widget\" data-widget_type=\"button.default\">\n\t\t\t\t\t\t<div class=\"elementor-widget-container\">\n\t\t\t\t\t\t\t\t\t<div class=\"elementor-button-wrapper\">\n\t\t\t\t\t<a class=\"elementor-button elementor-button-link elementor-size-sm\" href=\"https:\/\/luciacare.com\/de\/shop-2\/#\">\n\t\t\t\t\t\t<span class=\"elementor-button-content-wrapper\">\n\t\t\t\t\t\t\t\t\t<span class=\"elementor-button-text\">Finden Sie alle unsere Produkte im Webshop<\/span>\n\t\t\t\t\t<\/span>\n\t\t\t\t\t<\/a>\n\t\t\t\t<\/div>\n\t\t\t\t\t\t\t\t<\/div>\n\t\t\t\t<\/div>\n\t\t\t\t\t<\/div>\n\t\t\t\t<\/div>\n\t\t<div class=\"has_ae_slider elementor-element elementor-element-92cdcac e-flex e-con-boxed ae-bg-gallery-type-default e-con e-parent\" data-id=\"92cdcac\" data-element_type=\"container\" data-e-type=\"container\">\n\t\t\t\t\t<div class=\"e-con-inner\">\n\t\t\t\t<div class=\"elementor-element elementor-element-7210c13 elementor-widget elementor-widget-spacer\" data-id=\"7210c13\" data-element_type=\"widget\" data-e-type=\"widget\" data-widget_type=\"spacer.default\">\n\t\t\t\t\t\t<div class=\"elementor-widget-container\">\n\t\t\t\t\t\t\t<div class=\"elementor-spacer\">\n\t\t\t<div class=\"elementor-spacer-inner\"><\/div>\n\t\t<\/div>\n\t\t\t\t\t\t<\/div>\n\t\t\t\t<\/div>\n\t\t\t\t\t<\/div>\n\t\t\t\t<\/div>\n\t\t<div class=\"has_ae_slider elementor-element elementor-element-902bf18 e-flex e-con-boxed ae-bg-gallery-type-default e-con e-parent\" data-id=\"902bf18\" data-element_type=\"container\" data-e-type=\"container\" data-settings=\"{&quot;background_background&quot;:&quot;classic&quot;}\">\n\t\t\t\t\t<div class=\"e-con-inner\">\n\t\t\t\t<div class=\"elementor-element elementor-element-9c947ff elementor-widget elementor-widget-heading\" data-id=\"9c947ff\" data-element_type=\"widget\" data-e-type=\"widget\" data-widget_type=\"heading.default\">\n\t\t\t\t\t\t<div class=\"elementor-widget-container\">\n\t\t\t\t\t<h2 class=\"elementor-heading-title elementor-size-default\">Lucia Care enth\u00e4lt alles Gute f\u00fcr die Haut<\/h2>\t\t\t\t<\/div>\n\t\t\t\t<\/div>\n\t\t\t\t<div class=\"elementor-element elementor-element-a628f7f elementor-align-start elementor-icon-list--layout-traditional elementor-list-item-link-full_width elementor-widget elementor-widget-icon-list\" data-id=\"a628f7f\" data-element_type=\"widget\" data-e-type=\"widget\" data-widget_type=\"icon-list.default\">\n\t\t\t\t\t\t<div class=\"elementor-widget-container\">\n\t\t\t\t\t\t\t<ul class=\"elementor-icon-list-items\">\n\t\t\t\t\t\t\t<li class=\"elementor-icon-list-item\">\n\t\t\t\t\t\t\t\t\t\t\t<span class=\"elementor-icon-list-icon\">\n\t\t\t\t\t\t\t<i aria-hidden=\"true\" class=\"fas fa-check\"><\/i>\t\t\t\t\t\t<\/span>\n\t\t\t\t\t\t\t\t\t\t<span class=\"elementor-icon-list-text\">Reine Extrakte aus biologisch angebauten Heilkr\u00e4utern<\/span>\n\t\t\t\t\t\t\t\t\t<\/li>\n\t\t\t\t\t\t\t\t<li class=\"elementor-icon-list-item\">\n\t\t\t\t\t\t\t\t\t\t\t<span class=\"elementor-icon-list-icon\">\n\t\t\t\t\t\t\t<i aria-hidden=\"true\" class=\"fas fa-check\"><\/i>\t\t\t\t\t\t<\/span>\n\t\t\t\t\t\t\t\t\t\t<span class=\"elementor-icon-list-text\">Nat\u00fcrlich duftende \u00e4therische \u00d6le<\/span>\n\t\t\t\t\t\t\t\t\t<\/li>\n\t\t\t\t\t\t\t\t<li class=\"elementor-icon-list-item\">\n\t\t\t\t\t\t\t\t\t\t\t<span class=\"elementor-icon-list-icon\">\n\t\t\t\t\t\t\t<i aria-hidden=\"true\" class=\"fas fa-check\"><\/i>\t\t\t\t\t\t<\/span>\n\t\t\t\t\t\t\t\t\t\t<span class=\"elementor-icon-list-text\">Gesunde Fette wie Omega-3- und Omega-6-\u00d6le, <div class=\"tooltip\">Mandel\u00f6l<span class=\"tooltiptext\">Mandel\u00f6l hat einen hohen Gehalt an Linols\u00e4ure, die eine weichmachende und regenerierende Wirkung auf die Hautzellen hat.<\/span><\/div>, <div class=\"tooltip\">Oliven\u00f6l<span class=\"tooltiptext\">Der hohe Gehalt an Antioxidantien in Oliven\u00f6l hilft, Zeichen der Hautalterung vorzubeugen, sodass die Haut glatter und ges\u00fcnder aussieht.<\/span><\/div>, <div class=\"tooltip\">Sonnenblumen\u00f6l<span class=\"tooltiptext\">Biologisch angebautes Sonnenblumen\u00f6l hat einen h\u00f6heren \u00d6ls\u00e4uregehalt als konventionell angebaute Sonnenblumen. Dadurch ist es ideal f\u00fcr die Hautpflege geeignet.<\/span><\/div> und <div class=\"tooltip\">Sheabutter<span class=\"tooltiptext\">Sheabutter wird aus den N\u00fcssen des Sheabaums gewonnen, die einen sehr hohen Fettgehalt haben. Sheabutter hat eine weiche und butterartige Konsistenz..<\/span><\/div><\/span>\n\t\t\t\t\t\t\t\t\t<\/li>\n\t\t\t\t\t\t\t\t<li class=\"elementor-icon-list-item\">\n\t\t\t\t\t\t\t\t\t\t\t<span class=\"elementor-icon-list-icon\">\n\t\t\t\t\t\t\t<i aria-hidden=\"true\" class=\"fas fa-check\"><\/i>\t\t\t\t\t\t<\/span>\n\t\t\t\t\t\t\t\t\t\t<span class=\"elementor-icon-list-text\">Natureigene feuchtigkeitsspendende Inhaltsstoffe wie <div class=\"tooltip\">Hyalurons\u00e4ure<span class=\"tooltiptext\">Hyalurons\u00e4ure ist ein nat\u00fcrliches Anti-Aging-Mittel, das Feuchtigkeit bindet und f\u00fcr eine frischere und ges\u00fcndere Haut sorgt.<\/span><\/div> und Aloe Vera Wasser<\/span>\n\t\t\t\t\t\t\t\t\t<\/li>\n\t\t\t\t\t\t\t\t<li class=\"elementor-icon-list-item\">\n\t\t\t\t\t\t\t\t\t\t\t<span class=\"elementor-icon-list-icon\">\n\t\t\t\t\t\t\t<i aria-hidden=\"true\" class=\"fas fa-check\"><\/i>\t\t\t\t\t\t<\/span>\n\t\t\t\t\t\t\t\t\t\t<span class=\"elementor-icon-list-text\">Nat\u00fcrliche Kollagenstimulanzien und Aminos\u00e4uren<\/span>\n\t\t\t\t\t\t\t\t\t<\/li>\n\t\t\t\t\t\t\t\t<li class=\"elementor-icon-list-item\">\n\t\t\t\t\t\t\t\t\t\t\t<span class=\"elementor-icon-list-icon\">\n\t\t\t\t\t\t\t<i aria-hidden=\"true\" class=\"fas fa-check\"><\/i>\t\t\t\t\t\t<\/span>\n\t\t\t\t\t\t\t\t\t\t<span class=\"elementor-icon-list-text\">Entz\u00fcndungshemmende Inhaltsstoffe mit zellerneuernder Wirkung<\/span>\n\t\t\t\t\t\t\t\t\t<\/li>\n\t\t\t\t\t\t\t\t<li class=\"elementor-icon-list-item\">\n\t\t\t\t\t\t\t\t\t\t\t<span class=\"elementor-icon-list-icon\">\n\t\t\t\t\t\t\t<i aria-hidden=\"true\" class=\"fas fa-check\"><\/i>\t\t\t\t\t\t<\/span>\n\t\t\t\t\t\t\t\t\t\t<span class=\"elementor-icon-list-text\">Nat\u00fcrliche Mineralien und Vitamine mit  zus\u00e4tzlichem <div class=\"tooltip\">Vitamin E<span class=\"tooltiptext\">Vitamin E ist ein fettl\u00f6sliches Vitamin, das f\u00fcr seine heilende Wirkung in vielen Anti-Aging-Cremes bekannt ist.<\/span><\/div> und <div class=\"tooltip\">Vitamin A<span class=\"tooltiptext\">In der Hautpflege kann Vitamin A die Hautstruktur verbessern, unreine Haut, Falten und Sonnensch\u00e4den beheben, wie z Pigmentflecken.<\/span><\/div>.<\/span>\n\t\t\t\t\t\t\t\t\t<\/li>\n\t\t\t\t\t\t\t\t<li class=\"elementor-icon-list-item\">\n\t\t\t\t\t\t\t\t\t\t\t<span class=\"elementor-icon-list-icon\">\n\t\t\t\t\t\t\t<i aria-hidden=\"true\" class=\"fas fa-check\"><\/i>\t\t\t\t\t\t<\/span>\n\t\t\t\t\t\t\t\t\t\t<span class=\"elementor-icon-list-text\">Vegane Zutaten und nicht an Tieren getestet<\/span>\n\t\t\t\t\t\t\t\t\t<\/li>\n\t\t\t\t\t\t\t\t<li class=\"elementor-icon-list-item\">\n\t\t\t\t\t\t\t\t\t\t\t<span class=\"elementor-icon-list-icon\">\n\t\t\t\t\t\t\t<i aria-hidden=\"true\" class=\"fas fa-check\"><\/i>\t\t\t\t\t\t<\/span>\n\t\t\t\t\t\t\t\t\t\t<span class=\"elementor-icon-list-text\">Frei von synthetischen Parf\u00fcms, Parabenen und Phthalaten<\/span>\n\t\t\t\t\t\t\t\t\t<\/li>\n\t\t\t\t\t\t<\/ul>\n\t\t\t\t\t\t<\/div>\n\t\t\t\t<\/div>\n\t\t\t\t<div class=\"elementor-element elementor-element-4e005bb elementor-align-center elementor-widget elementor-widget-button\" data-id=\"4e005bb\" data-element_type=\"widget\" data-e-type=\"widget\" data-widget_type=\"button.default\">\n\t\t\t\t\t\t<div class=\"elementor-widget-container\">\n\t\t\t\t\t\t\t\t\t<div class=\"elementor-button-wrapper\">\n\t\t\t\t\t<a class=\"elementor-button elementor-button-link elementor-size-sm\" href=\"https:\/\/luciacare.com\/de\/unsere-werte\/\">\n\t\t\t\t\t\t<span class=\"elementor-button-content-wrapper\">\n\t\t\t\t\t\t\t\t\t<span class=\"elementor-button-text\">Lesen Sie \u00fcber unsere Werte und unsere Zertifikate<\/span>\n\t\t\t\t\t<\/span>\n\t\t\t\t\t<\/a>\n\t\t\t\t<\/div>\n\t\t\t\t\t\t\t\t<\/div>\n\t\t\t\t<\/div>\n\t\t\t\t\t<\/div>\n\t\t\t\t<\/div>\n\t\t<div class=\"has_ae_slider elementor-element elementor-element-6de8756a e-flex e-con-boxed ae-bg-gallery-type-default e-con e-parent\" data-id=\"6de8756a\" data-element_type=\"container\" data-e-type=\"container\">\n\t\t\t\t\t<div class=\"e-con-inner\">\n\t\t\t\t<div class=\"elementor-element elementor-element-701e030 elementor-widget elementor-widget-spacer\" data-id=\"701e030\" data-element_type=\"widget\" data-e-type=\"widget\" data-widget_type=\"spacer.default\">\n\t\t\t\t\t\t<div class=\"elementor-widget-container\">\n\t\t\t\t\t\t\t<div class=\"elementor-spacer\">\n\t\t\t<div class=\"elementor-spacer-inner\"><\/div>\n\t\t<\/div>\n\t\t\t\t\t\t<\/div>\n\t\t\t\t<\/div>\n\t\t\t\t<div class=\"elementor-element elementor-element-d074bec elementor-widget elementor-widget-heading\" data-id=\"d074bec\" data-element_type=\"widget\" data-e-type=\"widget\" data-widget_type=\"heading.default\">\n\t\t\t\t\t\t<div class=\"elementor-widget-container\">\n\t\t\t\t\t<h3 class=\"elementor-heading-title elementor-size-default\">Nat\u00fcrliche Hautpflege mit Tiefgang<\/h3>\t\t\t\t<\/div>\n\t\t\t\t<\/div>\n\t\t\t\t\t<\/div>\n\t\t\t\t<\/div>\n\t\t<div class=\"has_ae_slider elementor-element elementor-element-66d7236 e-flex e-con-boxed ae-bg-gallery-type-default e-con e-parent\" data-id=\"66d7236\" data-element_type=\"container\" data-e-type=\"container\">\n\t\t\t\t\t<div class=\"e-con-inner\">\n\t\t<div class=\"has_ae_slider elementor-element elementor-element-86ed6b2 e-con-full e-flex ae-bg-gallery-type-default e-con e-child\" data-id=\"86ed6b2\" data-element_type=\"container\" data-e-type=\"container\">\n\t\t\t\t<div class=\"elementor-element elementor-element-c6e4c45 elementor-widget elementor-widget-text-editor\" data-id=\"c6e4c45\" data-element_type=\"widget\" data-e-type=\"widget\" data-widget_type=\"text-editor.default\">\n\t\t\t\t\t\t<div class=\"elementor-widget-container\">\n\t\t\t\t\t\t\t\t\t<p>Im Mittelpunkt von Lucia Care stehen Heilkr\u00e4uter mit anerkannten therapeutischen und vitalisierenden Eigenschaften. F\u00fcr die Pflegeserie werden ausschlie\u00dflich reine Pflanzenextrakte aus biologisch angebauten Heilkr\u00e4utern wie Rosmarin, Ringelblume, Schachtelhalm, Kamille, Aloe Vera, Zeder und Bergamotte verwendet. Die Zusammensetzung der Heilpflanzen st\u00e4rkt und stimuliert die hauteigenen Kr\u00e4fte, reduziert die nat\u00fcrliche Hautalterung und minimiert F\u00e4ltchen.<\/p>\n\t\t\t\t\t\t\t\t<\/div>\n\t\t\t\t<\/div>\n\t\t\t\t<div class=\"elementor-element elementor-element-f727d87 elementor-align-center elementor-widget elementor-widget-button\" data-id=\"f727d87\" data-element_type=\"widget\" data-e-type=\"widget\" data-widget_type=\"button.default\">\n\t\t\t\t\t\t<div class=\"elementor-widget-container\">\n\t\t\t\t\t\t\t\t\t<div class=\"elementor-button-wrapper\">\n\t\t\t\t\t<a class=\"elementor-button elementor-button-link elementor-size-sm\" href=\"https:\/\/luciacare.com\/de\/herbarium\/\">\n\t\t\t\t\t\t<span class=\"elementor-button-content-wrapper\">\n\t\t\t\t\t\t\t\t\t<span class=\"elementor-button-text\">Lesen Sie mehr \u00fcber die Heilkr\u00e4uter von Lucia Care<\/span>\n\t\t\t\t\t<\/span>\n\t\t\t\t\t<\/a>\n\t\t\t\t<\/div>\n\t\t\t\t\t\t\t\t<\/div>\n\t\t\t\t<\/div>\n\t\t\t\t<\/div>\n\t\t<div class=\"has_ae_slider elementor-element elementor-element-1202fd6 e-con-full e-flex ae-bg-gallery-type-default e-con e-child\" data-id=\"1202fd6\" data-element_type=\"container\" data-e-type=\"container\">\n\t\t\t\t<div class=\"elementor-element elementor-element-4d2f607 elementor-widget elementor-widget-text-editor\" data-id=\"4d2f607\" data-element_type=\"widget\" data-e-type=\"widget\" data-widget_type=\"text-editor.default\">\n\t\t\t\t\t\t<div class=\"elementor-widget-container\">\n\t\t\t\t\t\t\t\t\t<p>Alle Inhaltsstoffe, Vitamine, Mineralien, \u00e4therischen \u00d6le und aromatischen D\u00fcfte werden in den Lucia Care Produkten von der Allgemeinmedizinerin und Naturheilkundlerin Nanna Kirkebjerg zusammengestellt und kombiniert. Nanna hat eine Ausbildung in integrativer Medizin und Naturheilkunde. Zusammen mit dermatologisch und pharmakologisch ausgebildeten Biochemikern und Laboranten stellt Lucia Care Pflegeprodukte her, die die nat\u00fcrlichen Regenerationskr\u00e4fte von Haut und K\u00f6rper st\u00e4rken und stimulieren.<\/p>\n\t\t\t\t\t\t\t\t<\/div>\n\t\t\t\t<\/div>\n\t\t\t\t<div class=\"elementor-element elementor-element-e92aa49 elementor-align-center elementor-widget elementor-widget-button\" data-id=\"e92aa49\" data-element_type=\"widget\" data-e-type=\"widget\" data-widget_type=\"button.default\">\n\t\t\t\t\t\t<div class=\"elementor-widget-container\">\n\t\t\t\t\t\t\t\t\t<div class=\"elementor-button-wrapper\">\n\t\t\t\t\t<a class=\"elementor-button elementor-button-link elementor-size-sm\" href=\"https:\/\/luciacare.com\/de\/shop-2\/\">\n\t\t\t\t\t\t<span class=\"elementor-button-content-wrapper\">\n\t\t\t\t\t\t\t\t\t<span class=\"elementor-button-text\">Gehen Sie zum Webshop<\/span>\n\t\t\t\t\t<\/span>\n\t\t\t\t\t<\/a>\n\t\t\t\t<\/div>\n\t\t\t\t\t\t\t\t<\/div>\n\t\t\t\t<\/div>\n\t\t\t\t<\/div>\n\t\t\t\t\t<\/div>\n\t\t\t\t<\/div>\n\t\t\t\t<\/div>\n\t\t","protected":false},"excerpt":{"rendered":"<p>Heilkr\u00e4uter in Cremetiegeln Die Hautpflegeserie Lucia Care basiert auf alten Heilkr\u00e4utern und verbindet naturheilkundliche Traditionen mit moderner Dermatologie und Pharmakologie. Alle Produkte sind darauf ausgerichtet, die Haut zu n\u00e4hren, zu pflegen und zu sch\u00fctzen. Sie k\u00f6nnen einzeln oder als Multiprodukt in t\u00e4glichen Pflegeritualen eingesetzt werden. Finden Sie alle unsere Produkte im Webshop Lucia Care enth\u00e4lt [&hellip;]<\/p>\n","protected":false},"author":3,"featured_media":0,"parent":0,"menu_order":0,"comment_status":"closed","ping_status":"closed","template":"","meta":{"_acf_changed":false,"site-sidebar-layout":"default","site-content-layout":"","ast-site-content-layout":"default","site-content-style":"default","site-sidebar-style":"default","ast-global-header-display":"","ast-banner-title-visibility":"","ast-main-header-display":"","ast-hfb-above-header-display":"","ast-hfb-below-header-display":"","ast-hfb-mobile-header-display":"","site-post-title":"","ast-breadcrumbs-content":"","ast-featured-img":"","footer-sml-layout":"","ast-disable-related-posts":"","theme-transparent-header-meta":"","adv-header-id-meta":"","stick-header-meta":"","header-above-stick-meta":"","header-main-stick-meta":"","header-below-stick-meta":"","astra-migrate-meta-layouts":"default","ast-page-background-enabled":"default","ast-page-background-meta":{"desktop":{"background-color":"var(--ast-global-color-4)","background-image":"","background-repeat":"repeat","background-position":"center center","background-size":"auto","background-attachment":"scroll","background-type":"","background-media":"","overlay-type":"","overlay-color":"","overlay-opacity":"","overlay-gradient":""},"tablet":{"background-color":"","background-image":"","background-repeat":"repeat","background-position":"center center","background-size":"auto","background-attachment":"scroll","background-type":"","background-media":"","overlay-type":"","overlay-color":"","overlay-opacity":"","overlay-gradient":""},"mobile":{"background-color":"","background-image":"","background-repeat":"repeat","background-position":"center center","background-size":"auto","background-attachment":"scroll","background-type":"","background-media":"","overlay-type":"","overlay-color":"","overlay-opacity":"","overlay-gradient":""}},"ast-content-background-meta":{"desktop":{"background-color":"var(--ast-global-color-5)","background-image":"","background-repeat":"repeat","background-position":"center center","background-size":"auto","background-attachment":"scroll","background-type":"","background-media":"","overlay-type":"","overlay-color":"","overlay-opacity":"","overlay-gradient":""},"tablet":{"background-color":"var(--ast-global-color-5)","background-image":"","background-repeat":"repeat","background-position":"center center","background-size":"auto","background-attachment":"scroll","background-type":"","background-media":"","overlay-type":"","overlay-color":"","overlay-opacity":"","overlay-gradient":""},"mobile":{"background-color":"var(--ast-global-color-5)","background-image":"","background-repeat":"repeat","background-position":"center center","background-size":"auto","background-attachment":"scroll","background-type":"","background-media":"","overlay-type":"","overlay-color":"","overlay-opacity":"","overlay-gradient":""}},"footnotes":""},"class_list":["post-2331","page","type-page","status-publish","hentry"],"acf":[],"_links":{"self":[{"href":"https:\/\/luciacare.com\/de\/wp-json\/wp\/v2\/pages\/2331","targetHints":{"allow":["GET"]}}],"collection":[{"href":"https:\/\/luciacare.com\/de\/wp-json\/wp\/v2\/pages"}],"about":[{"href":"https:\/\/luciacare.com\/de\/wp-json\/wp\/v2\/types\/page"}],"author":[{"embeddable":true,"href":"https:\/\/luciacare.com\/de\/wp-json\/wp\/v2\/users\/3"}],"replies":[{"embeddable":true,"href":"https:\/\/luciacare.com\/de\/wp-json\/wp\/v2\/comments?post=2331"}],"version-history":[{"count":5,"href":"https:\/\/luciacare.com\/de\/wp-json\/wp\/v2\/pages\/2331\/revisions"}],"predecessor-version":[{"id":20873,"href":"https:\/\/luciacare.com\/de\/wp-json\/wp\/v2\/pages\/2331\/revisions\/20873"}],"wp:attachment":[{"href":"https:\/\/luciacare.com\/de\/wp-json\/wp\/v2\/media?parent=2331"}],"curies":[{"name":"wp","href":"https:\/\/api.w.org\/{rel}","templated":true}]}}