{"id":2325,"date":"2021-05-17T11:22:55","date_gmt":"2021-05-17T09:22:55","guid":{"rendered":"https:\/\/luciacare.com\/herbarium\/"},"modified":"2023-10-24T14:12:39","modified_gmt":"2023-10-24T12:12:39","slug":"herbarium-old","status":"publish","type":"page","link":"https:\/\/luciacare.com\/de\/herbarium-old\/","title":{"rendered":"Herbarium"},"content":{"rendered":"\n<div class=\"wp-block-cover alignfull is-light\" style=\"min-height:450px;aspect-ratio:unset;\"><span aria-hidden=\"true\" class=\"wp-block-cover__background has-background-dim-0 has-background-dim\"><\/span><img fetchpriority=\"high\" decoding=\"async\" width=\"2000\" height=\"724\" class=\"wp-block-cover__image-background wp-image-1506\" alt=\"\" src=\"https:\/\/luciacare.com\/wp-content\/uploads\/2021\/06\/Herbariumheader-3.jpg\" style=\"object-position:6% 23%\" data-object-fit=\"cover\" data-object-position=\"6% 23%\" srcset=\"https:\/\/luciacare.com\/wp-content\/uploads\/2021\/06\/Herbariumheader-3.jpg 2000w, https:\/\/luciacare.com\/wp-content\/uploads\/2021\/06\/Herbariumheader-3-1600x579.jpg 1600w, https:\/\/luciacare.com\/wp-content\/uploads\/2021\/06\/Herbariumheader-3-600x217.jpg 600w, https:\/\/luciacare.com\/wp-content\/uploads\/2021\/06\/Herbariumheader-3-768x278.jpg 768w, https:\/\/luciacare.com\/wp-content\/uploads\/2021\/06\/Herbariumheader-3-1024x371.jpg 1024w, https:\/\/luciacare.com\/wp-content\/uploads\/2021\/06\/Herbariumheader-3-1536x556.jpg 1536w, https:\/\/luciacare.com\/wp-content\/uploads\/2021\/06\/Herbariumheader-3-300x109.jpg 300w, https:\/\/luciacare.com\/wp-content\/uploads\/2021\/06\/Herbariumheader-3-1568x568.jpg 1568w, https:\/\/luciacare.com\/wp-content\/uploads\/2021\/06\/Herbariumheader-3-450x163.jpg 450w\" sizes=\"(max-width: 2000px) 100vw, 2000px\" \/><div class=\"wp-block-cover__inner-container is-layout-flow wp-block-cover-is-layout-flow\">\n<p class=\"has-text-align-center has-large-font-size\"><\/p>\n<\/div><\/div>\n\n\n\n<div class=\"wp-block-group he--header has-white-color has-primary-green-background-color has-text-color has-background is-layout-constrained wp-container-core-group-is-layout-4f9f0532 wp-block-group-is-layout-constrained\">\n<figure class=\"wp-block-image aligncenter size-full is-resized\"><img decoding=\"async\" src=\"https:\/\/luciacare.com\/wp-content\/uploads\/2021\/05\/Herbarium_logo_white.svg\" alt=\"\" class=\"wp-image-227\" style=\"width:300px;height:undefinedpx\"\/><\/figure>\n\n\n\n<div style=\"height:50px\" aria-hidden=\"true\" class=\"wp-block-spacer\"><\/div>\n\n\n\n<p class=\"has-text-align-center\">Lassen Sie sich das Wort auf der Zunge zergehen. Herba bedeutet Kraut und Herbarium steht f\u00fcr eine Sammlung getrockneter, gepresster Pflanzen oder Pflanzenteile.&nbsp;<\/p>\n\n\n\n<p class=\"has-text-align-center\">In Lucia Cares Herbarium beleuchten wir die Geschichte der Heilkr\u00e4uter. Hier kan man \u00fcber die aktiven Wirkstoffe der klassischen, st\u00e4rkenden Heilkr\u00e4uter und deren Anwendung in Lucia Cares Hautpflegeserie lesen.&nbsp;<\/p>\n<\/div>\n\n\n\n<h2 class=\"wp-block-heading has-text-align-center\" id=\"uber-lucia-cares-heilkrauter-und-wirkstoffe\"><em>\u00dcber Lucia Cares Heilkr\u00e4uter und Wirkstoffe<\/em><\/h2>\n\n\n\n\n\n<div class=\"wp-block-buttons is-horizontal is-content-justification-center is-layout-flex wp-container-core-buttons-is-layout-03627597 wp-block-buttons-is-layout-flex\">\n<div class=\"wp-block-button\"><a class=\"wp-block-button__link no-border-radius wp-element-button\" href=\"https:\/\/luciacare.com\/de\/?page_id=2331\">Lesen Sie mehr \u00fcber Wirkund unserer Pflanzen<\/a><\/div>\n<\/div>\n\n\n\n<div class=\"wp-block-group alignfull other_ingredients has-background is-layout-constrained wp-block-group-is-layout-constrained\" style=\"background-color:#e7eae9\">\n<h2 class=\"wp-block-heading has-text-align-center\" id=\"aktiveingredienser\">Pure, aktive Wirkstoffe in Lucia Care<\/h2>\n\n\n\n<div class=\"wp-block-columns is-layout-flex wp-container-core-columns-is-layout-28f84493 wp-block-columns-is-layout-flex\">\n<div class=\"wp-block-column is-layout-flow wp-block-column-is-layout-flow\">\n<figure class=\"wp-block-image size-large is-resized\"><img decoding=\"async\" src=\"https:\/\/luciacare.com\/wp-content\/uploads\/2021\/06\/hyaluronsyre_gold.svg\" alt=\"\" class=\"wp-image-3323\" style=\"width:50px;height:undefinedpx\"\/><\/figure>\n\n\n\n<p class=\"has-text-align-left\">Hyalurons\u00e4ure &#8211; Feuchtigkeitsspender der Natur<\/p>\n\n\n\n<p class=\"has-text-align-left\">Hyalurons\u00e4ure ist ein nat\u00fcrlicher Bestandteil des k\u00f6rpereigenen Bindegewebes in u.a. Haut, Gelenken und Augen, aber mit zunehmendem Alter nimmt der Hyalurons\u00e4urespiegel im K\u00f6rper ab. Hyalurons\u00e4ure bindet Feuchtigkeit in der intrazellul\u00e4ren Struktur der Haut. Es ist ein natureigener Anti-Aging-Wirkstoff und seine un\u00fcbertroffenen Eigenschaften als Feuchtigkeitsbinder sorgen f\u00fcr eine frischere, glattere und weichere Haut mit erh\u00f6hter Elastizit\u00e4t und Reduzierung von F\u00e4ltchen.<\/p>\n<\/div>\n\n\n\n<div class=\"wp-block-column is-layout-flow wp-block-column-is-layout-flow\">\n<figure class=\"wp-block-image size-large is-resized\"><img decoding=\"async\" src=\"https:\/\/luciacare.com\/wp-content\/uploads\/2021\/06\/Mandelolie_gold.svg\" alt=\"\" class=\"wp-image-3326\" style=\"width:50px;height:undefinedpx\"\/><\/figure>\n\n\n\n<p class=\"has-text-align-left\"><strong>Mandel\u00f6l \u2013 eine Vitamin E Bombe<\/strong><\/p>\n\n\n\n<p class=\"has-text-align-left\">Mandel\u00f6l hat einen hohen Anteil an unges\u00e4ttigten Fetts\u00e4uren wie die essentielle Linols\u00e4ure (GLA), die daf\u00fcr sorgt, dass das \u00d6l tiefer in die Haut eindringt. Mandel\u00f6l enth\u00e4lt die Vitamine A, B und E, Mineralstoffe wie Calcium, Magnesium, Kalium und Zink. Mandel\u00f6l hat eine n\u00e4hrende, feuchtigkeitsspendende und erweichende Wirkung auf die Haut und ist aufgrund seiner sanften Pflegeeigenschaften besonders bei empfindlicher und trockener Haut empfehlenswert.<\/p>\n<\/div>\n<\/div>\n\n\n\n<div class=\"wp-block-columns is-layout-flex wp-container-core-columns-is-layout-28f84493 wp-block-columns-is-layout-flex\">\n<div class=\"wp-block-column is-layout-flow wp-block-column-is-layout-flow\">\n<figure class=\"wp-block-image size-large is-resized\"><img decoding=\"async\" src=\"https:\/\/luciacare.com\/wp-content\/uploads\/2021\/06\/Olivenolie_gold-1.svg\" alt=\"\" class=\"wp-image-2354\" style=\"width:50px;height:undefinedpx\"\/><\/figure>\n\n\n\n<p><strong>Oliven\u00f6l &#8211; goldene Tropfen<\/strong><\/p>\n\n\n\n<p>Oliven\u00f6l wird aus den Steinfr\u00fcchten des Olivenbaums gewonnen und hat einen nat\u00fcrlich hohen Gehalt an den guten unges\u00e4ttigten Fetts\u00e4uren wie Linolens\u00e4ure (GLA) und enth\u00e4lt eine Gruppe von Antioxidantien, Polyphenole, die eine gesundheitsf\u00f6rdernde Wirkung haben. Oliven\u00f6l macht die Haut weich, spendet Feuchtigkeit und Geschmeidigkeit, st\u00e4rkt die nat\u00fcrliche Elastizit\u00e4t der Haut und verleiht ihr einen strahlenden Glanz.<\/p>\n<\/div>\n\n\n\n<div class=\"wp-block-column is-layout-flow wp-block-column-is-layout-flow\">\n<figure class=\"wp-block-image size-large is-resized\"><img decoding=\"async\" src=\"https:\/\/luciacare.com\/wp-content\/uploads\/2021\/06\/Solsikke_icon_gold-1.svg\" alt=\"\" class=\"wp-image-2356\" style=\"width:30px;height:undefinedpx\"\/><\/figure>\n\n\n\n<p><strong>Sonnenblumen\u00f6l \u2013 \u00d6l des Lichts<\/strong><\/p>\n\n\n\n<p>Sonnenblumen\u00f6l wird aus den Samen der Sonnenblume gewonnen. Es ist ein Symbol f\u00fcr W\u00e4rme und Licht. Das \u00d6l hat einen hohen Gehalt an Vitamin A, D und E und ist reich an Lecithin und unges\u00e4ttigten Fetts\u00e4uren, die f\u00fcr Haut und Haar pflegen und n\u00e4hren. Sonnenblumen\u00f6l macht die Haut weich und bildet eine Schutzschicht, die hilft, Feuchtigkeit zu speichern. <\/p>\n<\/div>\n<\/div>\n\n\n\n<div class=\"wp-block-columns is-layout-flex wp-container-core-columns-is-layout-28f84493 wp-block-columns-is-layout-flex\">\n<div class=\"wp-block-column is-layout-flow wp-block-column-is-layout-flow\">\n<figure class=\"wp-block-image size-large is-resized\"><img decoding=\"async\" src=\"https:\/\/luciacare.com\/wp-content\/uploads\/2021\/06\/Sheabutter_gold.svg\" alt=\"\" class=\"wp-image-3332\" style=\"width:50px;height:undefinedpx\"\/><\/figure>\n\n\n\n<p><strong>Sheabutter &#8211; streichbares Wohlbefinden<\/strong><\/p>\n\n\n\n<p>Sheabutter wird schonend aus den N\u00fcssen des Sheabaums gewonnen und wird seit \u00fcber 4000 Jahren in Afrika als unverzichtbarer Inhaltsstoff in der Hautpflege zum Schutz vor Austrocknung und Ekzemen verwendet. Sheabutter ist ein kaltgepresstes pflanzliches Fett und enth\u00e4lt die Vitamine A, E und F sowie einen besonders hohen Anteil an essentiellen unges\u00e4ttigten Fetts\u00e4uren, die die Haut pflegen. Sheabutter hat eine ausgepr\u00e4gte feuchtigkeitsspendende und weichmachende Wirkung und ist daher besonders f\u00fcr sehr trockene Haut geeignet.<\/p>\n<\/div>\n\n\n\n<div class=\"wp-block-column is-layout-flow wp-block-column-is-layout-flow\">\n<figure class=\"wp-block-image size-large is-resized\"><img decoding=\"async\" src=\"https:\/\/luciacare.com\/wp-content\/uploads\/2021\/06\/Avitamin_gold.svg\" alt=\"\" class=\"wp-image-3317\" style=\"width:30px;height:undefinedpx\"\/><\/figure>\n\n\n\n<p><strong>Vitamin A &#8211; versch\u00f6nerndes Elixier<\/strong><\/p>\n\n\n\n<p>Vitamin A ist ein Superheld der Hautpflege. Es verbessert die Hautstruktur, lindert unreine Haut sowie F\u00e4ltchen und Sonnensch\u00e4den wie z. Pigmentflecken.\u00a0Vitamin A regeneriert, revitalisiert und entstresst die Hautzellen, indem es der Haut Feuchtigkeit, F\u00fclle und einen frischen Glanz verleiht. Hydroxypinacolon Retinoate ist eine einzigartige Formel von Vitamin A, die hochwirksam und gleichzeitig deutlich sanfter zur Haut ist als andere Formeln von Vitamin A.<\/p>\n<\/div>\n<\/div>\n\n\n\n<div class=\"wp-block-columns is-layout-flex wp-container-core-columns-is-layout-28f84493 wp-block-columns-is-layout-flex\">\n<div class=\"wp-block-column is-layout-flow wp-block-column-is-layout-flow\">\n<figure class=\"wp-block-image size-large is-resized\"><img decoding=\"async\" src=\"https:\/\/luciacare.com\/wp-content\/uploads\/2021\/06\/Evitamin_gold-1.svg\" alt=\"\" class=\"wp-image-2355\" style=\"width:50px;height:undefinedpx\"\/><\/figure>\n\n\n\n<p><strong>Vitamin E \u2013 ein starkes Antioxidans<\/strong><\/p>\n\n\n\n<p>Vitamin E ist ein nat\u00fcrliches und starkes Antioxidans und eines der wichtigsten Antioxidantien zum Schutz der Hautzellen vor freien Radikalen, die die Haut sch\u00e4digen und abbauen. Vitamin E ist wichtig f\u00fcr unseren Fettstoffwechsel und daher kommt Vitamin E h\u00e4ufig in Pflanzen vor, die reich an unges\u00e4ttigten Fetts\u00e4uren sind. Vitamin E hilft, die Elastizit\u00e4t und Geschmeidigkeit der Haut zu erhalten.<\/p>\n<\/div>\n\n\n\n<div class=\"wp-block-column is-layout-flow wp-block-column-is-layout-flow\">\n<figure class=\"wp-block-image size-large is-resized\"><img decoding=\"async\" width=\"813\" height=\"1024\" src=\"https:\/\/luciacare.com\/wp-content\/uploads\/2023\/09\/RA\u00b8gelse_gold-813x1024.png\" alt=\"\" class=\"wp-image-15598\" style=\"object-fit:cover;width:50px;height:82px\" srcset=\"https:\/\/luciacare.com\/wp-content\/uploads\/2023\/09\/RA\u00b8gelse_gold-813x1024.png 813w, https:\/\/luciacare.com\/wp-content\/uploads\/2023\/09\/RA\u00b8gelse_gold-1600x2015.png 1600w, https:\/\/luciacare.com\/wp-content\/uploads\/2023\/09\/RA\u00b8gelse_gold-238x300.png 238w, https:\/\/luciacare.com\/wp-content\/uploads\/2023\/09\/RA\u00b8gelse_gold.png 1763w\" sizes=\"(max-width: 813px) 100vw, 813px\" \/><\/figure>\n\n\n\n<p><strong>Weihrauch \u2013 hautheilendes \u00d6l<\/strong><\/p>\n\n\n\n<p>Afrikanischer Weihrauch ist ein \u00e4therisches \u00d6l mit einem intensiven und duftenden, weihrauch\u00e4hnlichen Aroma. Das \u00d6l wird durch Destillation von Wasserdampf aus dem Harz des Boswellia carterii-Baums gewonnen, der in Nordafrika und im Nahen Osten w\u00e4chst. Dieses \u00e4therische \u00d6l ist reich an Antioxidantien und klinisch aktiven Terpenoiden, auch Boswellias\u00e4uren genannt. Weihrauch\u00f6l hat eine starke entz\u00fcndungshemmende Wirkung und adstringierende Eigenschaften. Das hei\u00dft, es liftet und strafft und somit hilft das \u00d6l, Alterserscheinungen vorzubeugen. Gleichzeitig sch\u00fctzt und regeneriert das \u00d6l gesunde Hautzellen.<\/p>\n<\/div>\n<\/div>\n\n\n\n<div class=\"wp-block-columns is-layout-flex wp-container-core-columns-is-layout-28f84493 wp-block-columns-is-layout-flex\">\n<div class=\"wp-block-column is-layout-flow wp-block-column-is-layout-flow\">\n<figure class=\"wp-block-image size-large is-resized\"><img decoding=\"async\" width=\"835\" height=\"1024\" src=\"https:\/\/luciacare.com\/wp-content\/uploads\/2023\/09\/Guld-klump_gold-835x1024.png\" alt=\"\" class=\"wp-image-15592\" style=\"object-fit:cover;width:50px;height:62px\" srcset=\"https:\/\/luciacare.com\/wp-content\/uploads\/2023\/09\/Guld-klump_gold-835x1024.png 835w, https:\/\/luciacare.com\/wp-content\/uploads\/2023\/09\/Guld-klump_gold-245x300.png 245w, https:\/\/luciacare.com\/wp-content\/uploads\/2023\/09\/Guld-klump_gold-300x368.png 300w, https:\/\/luciacare.com\/wp-content\/uploads\/2023\/09\/Guld-klump_gold-600x736.png 600w, https:\/\/luciacare.com\/wp-content\/uploads\/2023\/09\/Guld-klump_gold.png 1558w\" sizes=\"(max-width: 835px) 100vw, 835px\" \/><\/figure>\n\n\n\n<p><strong>Gold, <em>Aurum<\/em><\/strong>Gold ist ein luxuri\u00f6ser, aber nicht unbekannter Wirkstoff in der Hautpflege. Gold ist f\u00fcr seine wissenschaftlich nachgewiesene entz\u00fcndungshemmende Wirkung bekannt. Tats\u00e4chlich wird Gold seit Jahrzehnten als Injektion gegen bestimmte Arten von Arthritis verabreicht. In der anthroposophischen Medizin wird Gold aufgrund seiner ausgleichenden und harmonisierenden Eigenschaften therapeutisch eingesetzt.\u00a0<\/p>\n\n\n\n<p>In der Hautpflege ist 24-kar\u00e4tiges Gold die reinste Form, da es zu 100 % aus reinem Gold besteht. Das Edelmetall hat eine aufhellende Wirkung auf die Haut. Das liegt daran, dass Goldpartikel Licht reflektieren und die Haut golden erstrahlen lassen. Deshalb wird Gold in Hautpflegeprodukten eingesetzt, um der Haut ein strahlendes Aussehen zu verleihen. Obwohl weitere Forschung erforderlich ist, um das volle Potenzial von Gold in der Hautpflege zu verstehen, ist die F\u00e4higkeit des Edelmetalls, der Haut einen strahlenden Glanz zu verleihen, ein ganz besonderer Schatz.<\/p>\n<\/div>\n\n\n\n<div class=\"wp-block-column is-layout-flow wp-block-column-is-layout-flow\"><\/div>\n<\/div>\n<\/div>\n\n\n\n<p><\/p>\n","protected":false},"excerpt":{"rendered":"<p>Lassen Sie sich das Wort auf der Zunge zergehen. Herba bedeutet Kraut und Herbarium steht f\u00fcr eine Sammlung getrockneter, gepresster Pflanzen oder Pflanzenteile.&nbsp; In Lucia Cares Herbarium beleuchten wir die Geschichte der Heilkr\u00e4uter. Hier kan man \u00fcber die aktiven Wirkstoffe der klassischen, st\u00e4rkenden Heilkr\u00e4uter und deren Anwendung in Lucia Cares Hautpflegeserie lesen.&nbsp; \u00dcber Lucia Cares [&hellip;]<\/p>\n","protected":false},"author":3,"featured_media":0,"parent":0,"menu_order":0,"comment_status":"closed","ping_status":"closed","template":"","meta":{"_acf_changed":false,"site-sidebar-layout":"default","site-content-layout":"","ast-site-content-layout":"default","site-content-style":"default","site-sidebar-style":"default","ast-global-header-display":"","ast-banner-title-visibility":"","ast-main-header-display":"","ast-hfb-above-header-display":"","ast-hfb-below-header-display":"","ast-hfb-mobile-header-display":"","site-post-title":"","ast-breadcrumbs-content":"","ast-featured-img":"","footer-sml-layout":"","ast-disable-related-posts":"","theme-transparent-header-meta":"","adv-header-id-meta":"","stick-header-meta":"","header-above-stick-meta":"","header-main-stick-meta":"","header-below-stick-meta":"","astra-migrate-meta-layouts":"default","ast-page-background-enabled":"default","ast-page-background-meta":{"desktop":{"background-color":"var(--ast-global-color-4)","background-image":"","background-repeat":"repeat","background-position":"center center","background-size":"auto","background-attachment":"scroll","background-type":"","background-media":"","overlay-type":"","overlay-color":"","overlay-opacity":"","overlay-gradient":""},"tablet":{"background-color":"","background-image":"","background-repeat":"repeat","background-position":"center center","background-size":"auto","background-attachment":"scroll","background-type":"","background-media":"","overlay-type":"","overlay-color":"","overlay-opacity":"","overlay-gradient":""},"mobile":{"background-color":"","background-image":"","background-repeat":"repeat","background-position":"center center","background-size":"auto","background-attachment":"scroll","background-type":"","background-media":"","overlay-type":"","overlay-color":"","overlay-opacity":"","overlay-gradient":""}},"ast-content-background-meta":{"desktop":{"background-color":"var(--ast-global-color-5)","background-image":"","background-repeat":"repeat","background-position":"center center","background-size":"auto","background-attachment":"scroll","background-type":"","background-media":"","overlay-type":"","overlay-color":"","overlay-opacity":"","overlay-gradient":""},"tablet":{"background-color":"var(--ast-global-color-5)","background-image":"","background-repeat":"repeat","background-position":"center center","background-size":"auto","background-attachment":"scroll","background-type":"","background-media":"","overlay-type":"","overlay-color":"","overlay-opacity":"","overlay-gradient":""},"mobile":{"background-color":"var(--ast-global-color-5)","background-image":"","background-repeat":"repeat","background-position":"center center","background-size":"auto","background-attachment":"scroll","background-type":"","background-media":"","overlay-type":"","overlay-color":"","overlay-opacity":"","overlay-gradient":""}},"footnotes":""},"class_list":["post-2325","page","type-page","status-publish","hentry"],"acf":[],"_links":{"self":[{"href":"https:\/\/luciacare.com\/de\/wp-json\/wp\/v2\/pages\/2325","targetHints":{"allow":["GET"]}}],"collection":[{"href":"https:\/\/luciacare.com\/de\/wp-json\/wp\/v2\/pages"}],"about":[{"href":"https:\/\/luciacare.com\/de\/wp-json\/wp\/v2\/types\/page"}],"author":[{"embeddable":true,"href":"https:\/\/luciacare.com\/de\/wp-json\/wp\/v2\/users\/3"}],"replies":[{"embeddable":true,"href":"https:\/\/luciacare.com\/de\/wp-json\/wp\/v2\/comments?post=2325"}],"version-history":[{"count":5,"href":"https:\/\/luciacare.com\/de\/wp-json\/wp\/v2\/pages\/2325\/revisions"}],"predecessor-version":[{"id":16303,"href":"https:\/\/luciacare.com\/de\/wp-json\/wp\/v2\/pages\/2325\/revisions\/16303"}],"wp:attachment":[{"href":"https:\/\/luciacare.com\/de\/wp-json\/wp\/v2\/media?parent=2325"}],"curies":[{"name":"wp","href":"https:\/\/api.w.org\/{rel}","templated":true}]}}